{"id":5072,"date":"2023-03-16T16:45:20","date_gmt":"2023-03-16T14:45:20","guid":{"rendered":"https:\/\/museuroma.pdm.cat\/?page_id=5072"},"modified":"2023-03-20T12:40:25","modified_gmt":"2023-03-20T10:40:25","slug":"descubre-la-visita","status":"publish","type":"page","link":"https:\/\/museuroma.pdm.cat\/es\/descubre-la-visita\/","title":{"rendered":"Descubre la visita"},"content":{"rendered":"\t\t<div data-elementor-type=\"wp-page\" data-elementor-id=\"5072\" class=\"elementor elementor-5072 elementor-4625\" data-elementor-post-type=\"page\">\n\t\t\t\t\t\t<section class=\"elementor-section elementor-top-section elementor-element elementor-element-5a52a9e3 elementor-section-height-min-height elementor-section-items-bottom elementor-section-boxed elementor-section-height-default elementor-invisible\" data-id=\"5a52a9e3\" data-element_type=\"section\" data-e-type=\"section\" data-settings=\"{&quot;background_background&quot;:&quot;classic&quot;,&quot;animation&quot;:&quot;fadeInDown&quot;}\">\n\t\t\t\t\t\t<div class=\"elementor-container elementor-column-gap-default\">\n\t\t\t\t\t<div class=\"elementor-column elementor-col-100 elementor-top-column elementor-element elementor-element-3708804b\" data-id=\"3708804b\" data-element_type=\"column\" data-e-type=\"column\">\n\t\t\t<div class=\"elementor-widget-wrap elementor-element-populated\">\n\t\t\t\t\t\t\t<\/div>\n\t\t<\/div>\n\t\t\t\t\t<\/div>\n\t\t<\/section>\n\t\t\t\t<section class=\"elementor-section elementor-top-section elementor-element elementor-element-4a9a39f3 elementor-section-boxed elementor-section-height-default elementor-section-height-default\" data-id=\"4a9a39f3\" data-element_type=\"section\" data-e-type=\"section\">\n\t\t\t\t\t\t<div class=\"elementor-container elementor-column-gap-default\">\n\t\t\t\t\t<div class=\"elementor-column elementor-col-100 elementor-top-column elementor-element elementor-element-169805c3\" data-id=\"169805c3\" data-element_type=\"column\" data-e-type=\"column\">\n\t\t\t<div class=\"elementor-widget-wrap elementor-element-populated\">\n\t\t\t\t\t\t<div class=\"elementor-element elementor-element-5278686b elementor-invisible elementor-widget elementor-widget-image\" data-id=\"5278686b\" data-element_type=\"widget\" data-e-type=\"widget\" data-settings=\"{&quot;_animation&quot;:&quot;zoomIn&quot;,&quot;_animation_delay&quot;:1000}\" data-widget_type=\"image.default\">\n\t\t\t\t<div class=\"elementor-widget-container\">\n\t\t\t\t\t\t\t\t\t\t\t\t\t\t\t<img fetchpriority=\"high\" decoding=\"async\" width=\"236\" height=\"236\" src=\"https:\/\/museuroma.pdm.cat\/wp-content\/uploads\/2022\/12\/r20.png\" class=\"attachment-full size-full wp-image-4055\" alt=\"\" srcset=\"https:\/\/museuroma.pdm.cat\/wp-content\/uploads\/2022\/12\/r20.png 236w, https:\/\/museuroma.pdm.cat\/wp-content\/uploads\/2022\/12\/r20-150x150.png 150w\" sizes=\"(max-width: 236px) 100vw, 236px\" \/>\t\t\t\t\t\t\t\t\t\t\t\t\t\t\t<\/div>\n\t\t\t\t<\/div>\n\t\t\t\t\t<\/div>\n\t\t<\/div>\n\t\t\t\t\t<\/div>\n\t\t<\/section>\n\t\t\t\t<section class=\"elementor-section elementor-top-section elementor-element elementor-element-50f6b47 elementor-section-boxed elementor-section-height-default elementor-section-height-default\" data-id=\"50f6b47\" data-element_type=\"section\" data-e-type=\"section\">\n\t\t\t\t\t\t<div class=\"elementor-container elementor-column-gap-default\">\n\t\t\t\t\t<div class=\"elementor-column elementor-col-100 elementor-top-column elementor-element elementor-element-2edfcc3\" data-id=\"2edfcc3\" data-element_type=\"column\" data-e-type=\"column\">\n\t\t\t<div class=\"elementor-widget-wrap elementor-element-populated\">\n\t\t\t\t\t\t<div class=\"elementor-element elementor-element-0800134 elementor-widget elementor-widget-heading\" data-id=\"0800134\" data-element_type=\"widget\" data-e-type=\"widget\" data-widget_type=\"heading.default\">\n\t\t\t\t<div class=\"elementor-widget-container\">\n\t\t\t\t\t<h2 class=\"elementor-heading-title elementor-size-default\">C\u00f3mo es la visita al yacimiento<\/h2>\t\t\t\t<\/div>\n\t\t\t\t<\/div>\n\t\t\t\t<div class=\"elementor-element elementor-element-368c957 elementor-widget elementor-widget-text-editor\" data-id=\"368c957\" data-element_type=\"widget\" data-e-type=\"widget\" data-widget_type=\"text-editor.default\">\n\t\t\t\t<div class=\"elementor-widget-container\">\n\t\t\t\t\t\t\t\t\t<p>La visita al Museo Romano se realiza con una audiogu\u00eda. Cada visitante lleva unos auriculares en los que, con el idioma seleccionado, escucha la explicaci\u00f3n que le va guiando con todo el grupo a lo largo de los diferentes espacios del edificio octogonal.<\/p><p>La visita comienza en la planta del s\u00f3tano, donde se encuentra el yacimiento, y los visitantes deben ir siguiendo el hilo de la narraci\u00f3n caminando hacia donde indican las luces que poco a poco se van encendiendo para marcar el camino.<\/p><p>Empezamos con un mapping proyectado sobre el gran mosaico restaurado de la Gran Via, y continuaremos descubriendo la zona del Balneum, con el horno y las estancias de ba\u00f1os de diferentes temperaturas.<\/p><p>Una proyecci\u00f3n del Dominus, el propietario de la vil\u00b7la, nos gu\u00eda desde lo que era la entrada al edificio y diferentes pantallas en medio del yacimiento nos cuentan la historia, la vida y los trabajos que hicieron aqu\u00ed los romanos de \u00e9poca tard\u00eda.<\/p><p>Despu\u00e9s de las proyecciones, con el yacimiento todo iluminado, podemos ir paseando por todas las estancias y espacios y descubrir con calma algunas piezas encontradas, explicaciones detalladas del funcionamiento de cada sitio, ver y tocar una maqueta a escala y observar las reproducciones de la necr\u00f3polis.<\/p><p>Al salir, subiendo hacia la planta 0, podemos ver de forma resumida la historia de Premi\u00e0 de Mar desde los romanos hasta nuestros d\u00edas.<\/p><p>Esperamos que esta visita inmersiva en medio del yacimiento y con sus aldeanos haci\u00e9ndo de anfitriones, os transporte plenamente a la \u00e9poca romana y pod\u00e1is descubrir muchos detalles que desconocidos.<\/p>\t\t\t\t\t\t\t\t<\/div>\n\t\t\t\t<\/div>\n\t\t\t\t\t<\/div>\n\t\t<\/div>\n\t\t\t\t\t<\/div>\n\t\t<\/section>\n\t\t\t\t<section class=\"elementor-section elementor-top-section elementor-element elementor-element-3507938d elementor-section-boxed elementor-section-height-default elementor-section-height-default\" data-id=\"3507938d\" data-element_type=\"section\" data-e-type=\"section\">\n\t\t\t\t\t\t<div class=\"elementor-container elementor-column-gap-default\">\n\t\t\t\t\t<div class=\"elementor-column elementor-col-100 elementor-top-column elementor-element elementor-element-5bc1fad2\" data-id=\"5bc1fad2\" data-element_type=\"column\" data-e-type=\"column\">\n\t\t\t<div class=\"elementor-widget-wrap elementor-element-populated\">\n\t\t\t\t\t\t<div class=\"elementor-element elementor-element-2c6380b3 elementor--h-position-center elementor--v-position-middle elementor-arrows-position-inside elementor-pagination-position-inside elementor-widget elementor-widget-slides\" data-id=\"2c6380b3\" data-element_type=\"widget\" data-e-type=\"widget\" data-settings=\"{&quot;navigation&quot;:&quot;both&quot;,&quot;autoplay&quot;:&quot;yes&quot;,&quot;pause_on_interaction&quot;:&quot;yes&quot;,&quot;autoplay_speed&quot;:5000,&quot;infinite&quot;:&quot;yes&quot;,&quot;transition&quot;:&quot;slide&quot;,&quot;transition_speed&quot;:500}\" data-widget_type=\"slides.default\">\n\t\t\t\t<div class=\"elementor-widget-container\">\n\t\t\t\t\t\t\t\t\t<div class=\"elementor-swiper\">\n\t\t\t\t\t<div class=\"elementor-slides-wrapper elementor-main-swiper swiper\" role=\"region\" aria-roledescription=\"carousel\" aria-label=\"Diapositivas\" dir=\"ltr\" data-animation=\"fadeInUp\">\n\t\t\t\t<div class=\"swiper-wrapper elementor-slides\">\n\t\t\t\t\t\t\t\t\t\t<div class=\"elementor-repeater-item-ec279a4 swiper-slide\" role=\"group\" aria-roledescription=\"slide\"><div class=\"swiper-slide-bg\" role=\"img\" aria-label=\"visita entrada 1\"><\/div><div class=\"swiper-slide-inner\" ><div class=\"swiper-slide-contents\"><div class=\"elementor-slide-heading\">Entrada al yacimiento<\/div><\/div><\/div><\/div><div class=\"elementor-repeater-item-7bd782a swiper-slide\" role=\"group\" aria-roledescription=\"slide\"><div class=\"swiper-slide-bg\" role=\"img\" aria-label=\"visita 11\"><\/div><div class=\"swiper-slide-inner\" ><div class=\"swiper-slide-contents\"><div class=\"elementor-slide-heading\">Mapping sobre el mosaico<\/div><\/div><\/div><\/div><div class=\"elementor-repeater-item-a19e1df swiper-slide\" role=\"group\" aria-roledescription=\"slide\"><div class=\"swiper-slide-bg\" role=\"img\" aria-label=\"visita balneum 2\"><\/div><div class=\"swiper-slide-inner\" ><div class=\"swiper-slide-contents\"><div class=\"elementor-slide-heading\">Explicaci\u00f3n del balneum<\/div><\/div><\/div><\/div><div class=\"elementor-repeater-item-79e1f53 swiper-slide\" role=\"group\" aria-roledescription=\"slide\"><div class=\"swiper-slide-bg\" role=\"img\" aria-label=\"visita balneum 3\"><\/div><div class=\"swiper-slide-inner\" ><div class=\"swiper-slide-contents\"><div class=\"elementor-slide-heading\">Explicaci\u00f3n del balneum<\/div><\/div><\/div><\/div><div class=\"elementor-repeater-item-d1827a4 swiper-slide\" role=\"group\" aria-roledescription=\"slide\"><div class=\"swiper-slide-bg\" role=\"img\" aria-label=\"visita nenes\"><\/div><div class=\"swiper-slide-inner\" ><div class=\"swiper-slide-contents\"><div class=\"elementor-slide-heading\">Recibimiento por parte del dominus<\/div><\/div><\/div><\/div><div class=\"elementor-repeater-item-f316a04 swiper-slide\" role=\"group\" aria-roledescription=\"slide\"><div class=\"swiper-slide-bg\" role=\"img\" aria-label=\"visita 15\"><\/div><div class=\"swiper-slide-inner\" ><div class=\"swiper-slide-contents\"><div class=\"elementor-slide-heading\">Explicaci\u00f3n de la vida en el edificio<\/div><\/div><\/div><\/div><div class=\"elementor-repeater-item-f401599 swiper-slide\" role=\"group\" aria-roledescription=\"slide\"><div class=\"swiper-slide-bg\" role=\"img\" aria-label=\"visita 12\"><\/div><div class=\"swiper-slide-inner\" ><div class=\"swiper-slide-contents\"><div class=\"elementor-slide-heading\">Explicaci\u00f3n de la arquitectura del edicicio octogonal<\/div><\/div><\/div><\/div><div class=\"elementor-repeater-item-cbee9d1 swiper-slide\" role=\"group\" aria-roledescription=\"slide\"><div class=\"swiper-slide-bg\" role=\"img\" aria-label=\"visita 14\"><\/div><div class=\"swiper-slide-inner\" ><div class=\"swiper-slide-contents\"><div class=\"elementor-slide-heading\">Vida y fiestas en el edificio<\/div><\/div><\/div><\/div><div class=\"elementor-repeater-item-3f5e700 swiper-slide\" role=\"group\" aria-roledescription=\"slide\"><div class=\"swiper-slide-bg\" role=\"img\" aria-label=\"visita 17\"><\/div><div class=\"swiper-slide-inner\" ><div class=\"swiper-slide-contents\"><div class=\"elementor-slide-heading\">Prensa de vino<\/div><\/div><\/div><\/div><div class=\"elementor-repeater-item-215620a swiper-slide\" role=\"group\" aria-roledescription=\"slide\"><div class=\"swiper-slide-bg\" role=\"img\" aria-label=\"visita 19\"><\/div><div class=\"swiper-slide-inner\" ><div class=\"swiper-slide-contents\"><div class=\"elementor-slide-heading\">Yacimiento iluminado<\/div><\/div><\/div><\/div><div class=\"elementor-repeater-item-ed44f1e swiper-slide\" role=\"group\" aria-roledescription=\"slide\"><div class=\"swiper-slide-bg\" role=\"img\" aria-label=\"visita detalls peces\"><\/div><div class=\"swiper-slide-inner\" ><div class=\"swiper-slide-contents\"><div class=\"elementor-slide-heading\">Detalles de las estancias<\/div><\/div><\/div><\/div><div class=\"elementor-repeater-item-01531e6 swiper-slide\" role=\"group\" aria-roledescription=\"slide\"><div class=\"swiper-slide-bg\" role=\"img\" aria-label=\"visita sepultura\"><\/div><div class=\"swiper-slide-inner\" ><div class=\"swiper-slide-contents\"><div class=\"elementor-slide-heading\">Detalles de hallazgos interesantes<\/div><\/div><\/div><\/div><div class=\"elementor-repeater-item-40d6248 swiper-slide\" role=\"group\" aria-roledescription=\"slide\"><div class=\"swiper-slide-bg\" role=\"img\" aria-label=\"visita necropoli\"><\/div><div class=\"swiper-slide-inner\" ><div class=\"swiper-slide-contents\"><div class=\"elementor-slide-heading\">Reproducci\u00f3n de la necr\u00f3polis encontrada<\/div><\/div><\/div><\/div><div class=\"elementor-repeater-item-62938a5 swiper-slide\" role=\"group\" aria-roledescription=\"slide\"><div class=\"swiper-slide-bg\" role=\"img\" aria-label=\"visita entrada 2\"><\/div><div class=\"swiper-slide-inner\" ><div class=\"swiper-slide-contents\"><div class=\"elementor-slide-heading\">Visi\u00f3n general del yacimiento<\/div><\/div><\/div><\/div><div class=\"elementor-repeater-item-af75d45 swiper-slide\" role=\"group\" aria-roledescription=\"slide\"><div class=\"swiper-slide-bg\" role=\"img\" aria-label=\"visita histo\u0300ria premia\u0300\"><\/div><div class=\"swiper-slide-inner\" ><div class=\"swiper-slide-contents\"><div class=\"elementor-slide-heading\">Historia de Premi\u00e0 de Mar<\/div><\/div><\/div><\/div>\t\t\t\t<\/div>\n\t\t\t\t\t\t\t\t\t\t\t\t\t\t\t<div class=\"elementor-swiper-button elementor-swiper-button-prev\" role=\"button\" tabindex=\"0\" aria-label=\"Diapositiva anterior\">\n\t\t\t\t\t\t\t<svg aria-hidden=\"true\" class=\"e-font-icon-svg e-eicon-chevron-left\" viewBox=\"0 0 1000 1000\" xmlns=\"http:\/\/www.w3.org\/2000\/svg\"><path d=\"M646 125C629 125 613 133 604 142L308 442C296 454 292 471 292 487 292 504 296 521 308 533L604 854C617 867 629 875 646 875 663 875 679 871 692 858 704 846 713 829 713 812 713 796 708 779 692 767L438 487 692 225C700 217 708 204 708 187 708 171 704 154 692 142 675 129 663 125 646 125Z\"><\/path><\/svg>\t\t\t\t\t\t<\/div>\n\t\t\t\t\t\t<div class=\"elementor-swiper-button elementor-swiper-button-next\" role=\"button\" tabindex=\"0\" aria-label=\"Diapositiva siguiente\">\n\t\t\t\t\t\t\t<svg aria-hidden=\"true\" class=\"e-font-icon-svg e-eicon-chevron-right\" viewBox=\"0 0 1000 1000\" xmlns=\"http:\/\/www.w3.org\/2000\/svg\"><path d=\"M696 533C708 521 713 504 713 487 713 471 708 454 696 446L400 146C388 133 375 125 354 125 338 125 325 129 313 142 300 154 292 171 292 187 292 204 296 221 308 233L563 492 304 771C292 783 288 800 288 817 288 833 296 850 308 863 321 871 338 875 354 875 371 875 388 867 400 854L696 533Z\"><\/path><\/svg>\t\t\t\t\t\t<\/div>\n\t\t\t\t\t\t\t\t\t\t\t\t\t\t\t\t<div class=\"swiper-pagination\"><\/div>\n\t\t\t\t\t\t\t\t\t\t\t\t<\/div>\n\t\t\t\t<\/div>\n\t\t\t\t\t\t\t\t<\/div>\n\t\t\t\t<\/div>\n\t\t\t\t\t<\/div>\n\t\t<\/div>\n\t\t\t\t\t<\/div>\n\t\t<\/section>\n\t\t\t\t<\/div>\n\t\t","protected":false},"excerpt":{"rendered":"<p>C\u00f3mo es la visita al yacimiento La visita al Museo Romano se realiza con una audiogu\u00eda. Cada visitante lleva unos auriculares en los que, con el idioma seleccionado, escucha la explicaci\u00f3n que le va guiando con todo el grupo a lo largo de los diferentes espacios del edificio octogonal. La visita comienza en la planta &#8230; <a title=\"Descubre la visita\" class=\"read-more\" href=\"https:\/\/museuroma.pdm.cat\/es\/descubre-la-visita\/\" aria-label=\"Leer m\u00e1s sobre Descubre la visita\">Leer m\u00e1s<\/a><\/p>\n","protected":false},"author":10,"featured_media":0,"parent":0,"menu_order":0,"comment_status":"closed","ping_status":"closed","template":"elementor_header_footer","meta":{"footnotes":""},"class_list":["post-5072","page","type-page","status-publish"],"_links":{"self":[{"href":"https:\/\/museuroma.pdm.cat\/es\/wp-json\/wp\/v2\/pages\/5072","targetHints":{"allow":["GET"]}}],"collection":[{"href":"https:\/\/museuroma.pdm.cat\/es\/wp-json\/wp\/v2\/pages"}],"about":[{"href":"https:\/\/museuroma.pdm.cat\/es\/wp-json\/wp\/v2\/types\/page"}],"author":[{"embeddable":true,"href":"https:\/\/museuroma.pdm.cat\/es\/wp-json\/wp\/v2\/users\/10"}],"replies":[{"embeddable":true,"href":"https:\/\/museuroma.pdm.cat\/es\/wp-json\/wp\/v2\/comments?post=5072"}],"version-history":[{"count":31,"href":"https:\/\/museuroma.pdm.cat\/es\/wp-json\/wp\/v2\/pages\/5072\/revisions"}],"predecessor-version":[{"id":5362,"href":"https:\/\/museuroma.pdm.cat\/es\/wp-json\/wp\/v2\/pages\/5072\/revisions\/5362"}],"wp:attachment":[{"href":"https:\/\/museuroma.pdm.cat\/es\/wp-json\/wp\/v2\/media?parent=5072"}],"curies":[{"name":"wp","href":"https:\/\/api.w.org\/{rel}","templated":true}]}}