{"id":4274,"date":"2022-12-20T23:38:08","date_gmt":"2022-12-20T21:38:08","guid":{"rendered":"https:\/\/romamuseu.pdm.cat\/?page_id=4274"},"modified":"2023-03-19T20:12:11","modified_gmt":"2023-03-19T18:12:11","slug":"talleres-para-escuelas-u-otros-grupos","status":"publish","type":"page","link":"https:\/\/museuroma.pdm.cat\/es\/talleres-para-escuelas-u-otros-grupos\/","title":{"rendered":"Talleres para escuelas u otros grupos"},"content":{"rendered":"\t\t<div data-elementor-type=\"wp-page\" data-elementor-id=\"4274\" class=\"elementor elementor-4274 elementor-793\" data-elementor-post-type=\"page\">\n\t\t\t\t\t\t<section class=\"elementor-section elementor-top-section elementor-element elementor-element-21e60cb6 elementor-section-height-min-height elementor-section-items-bottom elementor-section-boxed elementor-section-height-default elementor-invisible\" data-id=\"21e60cb6\" data-element_type=\"section\" data-e-type=\"section\" data-settings=\"{&quot;background_background&quot;:&quot;classic&quot;,&quot;animation&quot;:&quot;fadeInDown&quot;}\">\n\t\t\t\t\t\t<div class=\"elementor-container elementor-column-gap-default\">\n\t\t\t\t\t<div class=\"elementor-column elementor-col-100 elementor-top-column elementor-element elementor-element-24577f25\" data-id=\"24577f25\" data-element_type=\"column\" data-e-type=\"column\">\n\t\t\t<div class=\"elementor-widget-wrap elementor-element-populated\">\n\t\t\t\t\t\t\t<\/div>\n\t\t<\/div>\n\t\t\t\t\t<\/div>\n\t\t<\/section>\n\t\t\t\t<section class=\"elementor-section elementor-top-section elementor-element elementor-element-31f92b42 elementor-section-boxed elementor-section-height-default elementor-section-height-default\" data-id=\"31f92b42\" data-element_type=\"section\" data-e-type=\"section\">\n\t\t\t\t\t\t<div class=\"elementor-container elementor-column-gap-default\">\n\t\t\t\t\t<div class=\"elementor-column elementor-col-100 elementor-top-column elementor-element elementor-element-36386f8b\" data-id=\"36386f8b\" data-element_type=\"column\" data-e-type=\"column\">\n\t\t\t<div class=\"elementor-widget-wrap elementor-element-populated\">\n\t\t\t\t\t\t<div class=\"elementor-element elementor-element-66ee66f4 elementor-invisible elementor-widget elementor-widget-image\" data-id=\"66ee66f4\" data-element_type=\"widget\" data-e-type=\"widget\" data-settings=\"{&quot;_animation&quot;:&quot;zoomIn&quot;}\" data-widget_type=\"image.default\">\n\t\t\t\t<div class=\"elementor-widget-container\">\n\t\t\t\t\t\t\t\t\t\t\t\t\t\t\t<img fetchpriority=\"high\" decoding=\"async\" width=\"236\" height=\"236\" src=\"https:\/\/museuroma.pdm.cat\/wp-content\/uploads\/2022\/12\/r15.png\" class=\"attachment-full size-full wp-image-3990\" alt=\"\" srcset=\"https:\/\/museuroma.pdm.cat\/wp-content\/uploads\/2022\/12\/r15.png 236w, https:\/\/museuroma.pdm.cat\/wp-content\/uploads\/2022\/12\/r15-150x150.png 150w\" sizes=\"(max-width: 236px) 100vw, 236px\" \/>\t\t\t\t\t\t\t\t\t\t\t\t\t\t\t<\/div>\n\t\t\t\t<\/div>\n\t\t\t\t\t<\/div>\n\t\t<\/div>\n\t\t\t\t\t<\/div>\n\t\t<\/section>\n\t\t\t\t<section class=\"elementor-section elementor-top-section elementor-element elementor-element-3336ba59 elementor-section-boxed elementor-section-height-default elementor-section-height-default\" data-id=\"3336ba59\" data-element_type=\"section\" data-e-type=\"section\">\n\t\t\t\t\t\t<div class=\"elementor-container elementor-column-gap-default\">\n\t\t\t\t\t<div class=\"elementor-column elementor-col-50 elementor-top-column elementor-element elementor-element-281de2a2\" data-id=\"281de2a2\" data-element_type=\"column\" data-e-type=\"column\">\n\t\t\t<div class=\"elementor-widget-wrap elementor-element-populated\">\n\t\t\t\t\t\t<div class=\"elementor-element elementor-element-4eeba95e elementor-widget elementor-widget-heading\" data-id=\"4eeba95e\" data-element_type=\"widget\" data-e-type=\"widget\" data-widget_type=\"heading.default\">\n\t\t\t\t<div class=\"elementor-widget-container\">\n\t\t\t\t\t<h2 class=\"elementor-heading-title elementor-size-default\">Talleres para escuelas<\/h2>\t\t\t\t<\/div>\n\t\t\t\t<\/div>\n\t\t\t\t<div class=\"elementor-element elementor-element-46c4367a elementor-widget elementor-widget-text-editor\" data-id=\"46c4367a\" data-element_type=\"widget\" data-e-type=\"widget\" data-widget_type=\"text-editor.default\">\n\t\t\t\t<div class=\"elementor-widget-container\">\n\t\t\t\t\t\t\t\t\t<p>En el Museu Rom\u00e0 de Premi\u00e0 de Mar, como en el Museu de l\u2019Estampaci\u00f3, ofrecemos un cat\u00e1logo de actividades educativas en diferentes formatos, para difundir el patrimonio industrial, cient\u00edfico, art\u00edstico, cultural, hist\u00f3rico y arqueol\u00f3gico en torno a las colecciones que conservan ambos museos, textil, gas, etnolog\u00eda y arqueolog\u00eda, con la intenci\u00f3n de fomentar el conocimiento de los diferentes \u00e1mbitos y valores como el respeto al medio ambiente, el uso responsable y la sostenibilidad.<\/p><p>El programa de actividades se dirige a centros escolares de Educaci\u00f3n Infantil, Primaria, Secundaria y Educaci\u00f3n Especial. Algunas de las propuestas se pueden llevar a cabo durante el verano para educaci\u00f3n en el ocio con grupos de ni\u00f1os y j\u00f3venes de diferentes edades apuntados en casales de verano.<br \/>Tambi\u00e9n se ofrecen visitas guiadas y actividades para ciclos superiores relacionados con la arqueolog\u00eda, arte, moda y dise\u00f1o textil y se potencian proyectos conjuntos con institutos de Secundaria y escuelas que ofrecen ciclos superiores.<\/p>\t\t\t\t\t\t\t\t<\/div>\n\t\t\t\t<\/div>\n\t\t\t\t<div class=\"elementor-element elementor-element-ba2c5ce elementor-widget elementor-widget-heading\" data-id=\"ba2c5ce\" data-element_type=\"widget\" data-e-type=\"widget\" data-widget_type=\"heading.default\">\n\t\t\t\t<div class=\"elementor-widget-container\">\n\t\t\t\t\t<h2 class=\"elementor-heading-title elementor-size-default\">La oferta de talleres es la siguiente:<\/h2>\t\t\t\t<\/div>\n\t\t\t\t<\/div>\n\t\t\t\t<div class=\"elementor-element elementor-element-cc32885 elementor-widget elementor-widget-text-editor\" data-id=\"cc32885\" data-element_type=\"widget\" data-e-type=\"widget\" data-widget_type=\"text-editor.default\">\n\t\t\t\t<div class=\"elementor-widget-container\">\n\t\t\t\t\t\t\t\t\t<p><strong>Hagamos de arque\u00f3logos.<\/strong><br \/>Aprenderemos c\u00f3mo es el trabajo de los arque\u00f3logos a partir de una simulaci\u00f3n de excavaci\u00f3n y el hallazgo de fragmentos de materiales diversos. Con la observaci\u00f3n, medida, an\u00e1lisis y clasificaci\u00f3n de estas piezas del per\u00edodo ib\u00e9rico y romano, podremos deducir su procedencia, cronolog\u00eda y aprender sobre los materiales y uso de las piezas que empleaban los antiguos romanos.<br \/>Dirigido a 6\u00ba curso de educaci\u00f3n primaria, ESO y Bachillerato.\u00a0<\/p><p><strong>Materiales y oficios romanos.<\/strong> <br \/><strong>Figulus (Alfarero) y musivarius (constructor de mosaicos).<\/strong><br \/>Los romanos fueron excelentes artesanos y constructores. En este taller haremos un poco de ceramista y artesano de pavimentos y mosaicos, y nos daremos cuenta de que las herramientas y materiales utilizados no son muy distintos a los actuales.<br \/>Dirigido a 6\u00ba curso de educaci\u00f3n primaria, ESO y Bachillerato.<\/p><p><strong>Materiales y oficios romanos.<\/strong> <br \/><strong>Hilar, tejer y te\u00f1ir en \u00e9poca romana.<\/strong><br \/>Nos introduciremos en la cultura del vestir y la simbolog\u00eda del color en relaci\u00f3n a los estratos sociales de la \u00e9poca romana. El comercio y la producci\u00f3n de tejidos de seda, lana y lino, y las materias tintorias supon\u00edan una actividad econ\u00f3mica muy importante extendida en todo el territorio del Imperio romano.<br \/>Dirigido a 6\u00ba curso de educaci\u00f3n primaria, ESO y Bachillerato.<\/p><p><strong>Enigmas del mundo romano.<\/strong> <br \/>Patrimonio arqueol\u00f3gico.<br \/>Se introduce la actividad con la proyecci\u00f3n de un audiovisual sobre la ocupaci\u00f3n ib\u00e9rica y romana en la zona del Maresme y el yacimiento de Can Ferrerons. A partir de la din\u00e1mica de descubrimiento en torno a unos personajes y su historia podremos hacer un repaso a los diferentes aspectos culturales, sociales y econ\u00f3micos del mundo romano: comercio, sistema productivo, vida social, religiosa, leyes y cultura y nos situaremos en el mapa de Laietania.<br \/>Dirigido a ESO y Bachillerato<\/p><p><strong>Juegos romanos.<\/strong><br \/>En esta actividad los ni\u00f1os y ni\u00f1as pueden descubrir c\u00f3mo era la vida de un ni\u00f1o romano y conocer cu\u00e1les eran los juegos con los que se entreten\u00eda. Observaremos algunos de los juegos romanos y los materiales que se utilizaban para su construcci\u00f3n.<br \/>Dirigido a educaci\u00f3n primaria.<\/p>\t\t\t\t\t\t\t\t<\/div>\n\t\t\t\t<\/div>\n\t\t\t\t<div class=\"elementor-element elementor-element-bd38525 elementor-hidden-desktop elementor-hidden-tablet elementor-hidden-mobile elementor-widget elementor-widget-button\" data-id=\"bd38525\" data-element_type=\"widget\" data-e-type=\"widget\" data-widget_type=\"button.default\">\n\t\t\t\t<div class=\"elementor-widget-container\">\n\t\t\t\t\t\t\t\t\t<div class=\"elementor-button-wrapper\">\n\t\t\t\t\t<a class=\"elementor-button elementor-size-sm\" role=\"button\">\n\t\t\t\t\t\t<span class=\"elementor-button-content-wrapper\">\n\t\t\t\t\t\t\t\t\t<span class=\"elementor-button-text\">Podeu descarregar-vos el dossier amb tota la informaci\u00f3 detallada dels tallers aqu\u00ed.<\/span>\n\t\t\t\t\t<\/span>\n\t\t\t\t\t<\/a>\n\t\t\t\t<\/div>\n\t\t\t\t\t\t\t\t<\/div>\n\t\t\t\t<\/div>\n\t\t\t\t<div class=\"elementor-element elementor-element-6594b95 elementor-widget elementor-widget-heading\" data-id=\"6594b95\" data-element_type=\"widget\" data-e-type=\"widget\" data-widget_type=\"heading.default\">\n\t\t\t\t<div class=\"elementor-widget-container\">\n\t\t\t\t\t<h2 class=\"elementor-heading-title elementor-size-default\">Talleres especializados<\/h2>\t\t\t\t<\/div>\n\t\t\t\t<\/div>\n\t\t\t\t<div class=\"elementor-element elementor-element-d6c37b3 elementor-widget elementor-widget-text-editor\" data-id=\"d6c37b3\" data-element_type=\"widget\" data-e-type=\"widget\" data-widget_type=\"text-editor.default\">\n\t\t\t\t<div class=\"elementor-widget-container\">\n\t\t\t\t\t\t\t\t\t<p>El Museu Rom\u00e0 es un espacio en el que se desarrollan diferentes propuestas relacionadas con el mundo romano. Ofrecemos peri\u00f3dicamente talleres especializados que se relacionan con ellos. Los talleres se dirigen a personas que tengan especial inter\u00e9s en profundizar en el conocimiento de la arqueolog\u00eda romana (consultad el apartado Noticias para \u00e9stos talleres).<\/p>\t\t\t\t\t\t\t\t<\/div>\n\t\t\t\t<\/div>\n\t\t\t\t<div class=\"elementor-element elementor-element-80fb207 elementor-widget elementor-widget-text-editor\" data-id=\"80fb207\" data-element_type=\"widget\" data-e-type=\"widget\" data-widget_type=\"text-editor.default\">\n\t\t\t\t<div class=\"elementor-widget-container\">\n\t\t\t\t\t\t\t\t\t<p><strong>Informaci\u00f3n y reservas:<br \/>Tel. 662 418 676 (ma\u00f1anas de lunes a viernes)<br \/>museuroma@premiademar.cat<\/strong><\/p><p>Consulte el apartado Noticias para estar al d\u00eda de los talleres programados.\u00a0<\/p>\t\t\t\t\t\t\t\t<\/div>\n\t\t\t\t<\/div>\n\t\t\t\t\t<\/div>\n\t\t<\/div>\n\t\t\t\t<div class=\"elementor-column elementor-col-50 elementor-top-column elementor-element elementor-element-7d0da8ec\" data-id=\"7d0da8ec\" data-element_type=\"column\" data-e-type=\"column\">\n\t\t\t<div class=\"elementor-widget-wrap elementor-element-populated\">\n\t\t\t\t\t\t<div class=\"elementor-element elementor-element-31f1401 elementor-invisible elementor-widget elementor-widget-image\" data-id=\"31f1401\" data-element_type=\"widget\" data-e-type=\"widget\" data-settings=\"{&quot;_animation&quot;:&quot;fadeIn&quot;,&quot;_animation_delay&quot;:1000}\" data-widget_type=\"image.default\">\n\t\t\t\t<div class=\"elementor-widget-container\">\n\t\t\t\t\t\t\t\t\t\t\t\t\t\t\t\t<a href=\"https:\/\/museuroma.pdm.cat\/wp-content\/uploads\/2023\/03\/taller-1.jpg\" data-elementor-open-lightbox=\"yes\" data-elementor-lightbox-title=\"taller 1\" data-e-action-hash=\"#elementor-action%3Aaction%3Dlightbox%26settings%3DeyJpZCI6NDg0OSwidXJsIjoiaHR0cHM6XC9cL211c2V1cm9tYS5wZG0uY2F0XC93cC1jb250ZW50XC91cGxvYWRzXC8yMDIzXC8wM1wvdGFsbGVyLTEuanBnIn0%3D\">\n\t\t\t\t\t\t\t<img decoding=\"async\" width=\"850\" height=\"567\" src=\"https:\/\/museuroma.pdm.cat\/wp-content\/uploads\/2023\/03\/taller-1.jpg\" class=\"attachment-large size-large wp-image-4849\" alt=\"\" srcset=\"https:\/\/museuroma.pdm.cat\/wp-content\/uploads\/2023\/03\/taller-1.jpg 850w, https:\/\/museuroma.pdm.cat\/wp-content\/uploads\/2023\/03\/taller-1-300x200.jpg 300w, https:\/\/museuroma.pdm.cat\/wp-content\/uploads\/2023\/03\/taller-1-768x512.jpg 768w\" sizes=\"(max-width: 850px) 100vw, 850px\" \/>\t\t\t\t\t\t\t\t<\/a>\n\t\t\t\t\t\t\t\t\t\t\t\t\t\t\t<\/div>\n\t\t\t\t<\/div>\n\t\t\t\t<div class=\"elementor-element elementor-element-7e1a49c0 animated-slow elementor-invisible elementor-widget elementor-widget-image\" data-id=\"7e1a49c0\" data-element_type=\"widget\" data-e-type=\"widget\" data-settings=\"{&quot;_animation&quot;:&quot;fadeIn&quot;}\" data-widget_type=\"image.default\">\n\t\t\t\t<div class=\"elementor-widget-container\">\n\t\t\t\t\t\t\t\t\t\t\t\t\t\t\t\t<a href=\"https:\/\/museuroma.pdm.cat\/wp-content\/uploads\/2023\/03\/taller-2.jpg\" data-elementor-open-lightbox=\"yes\" data-elementor-lightbox-title=\"taller 2\" data-e-action-hash=\"#elementor-action%3Aaction%3Dlightbox%26settings%3DeyJpZCI6NDg1MywidXJsIjoiaHR0cHM6XC9cL211c2V1cm9tYS5wZG0uY2F0XC93cC1jb250ZW50XC91cGxvYWRzXC8yMDIzXC8wM1wvdGFsbGVyLTIuanBnIn0%3D\">\n\t\t\t\t\t\t\t<img decoding=\"async\" width=\"850\" height=\"567\" src=\"https:\/\/museuroma.pdm.cat\/wp-content\/uploads\/2023\/03\/taller-2.jpg\" class=\"attachment-large size-large wp-image-4853\" alt=\"\" srcset=\"https:\/\/museuroma.pdm.cat\/wp-content\/uploads\/2023\/03\/taller-2.jpg 850w, https:\/\/museuroma.pdm.cat\/wp-content\/uploads\/2023\/03\/taller-2-300x200.jpg 300w, https:\/\/museuroma.pdm.cat\/wp-content\/uploads\/2023\/03\/taller-2-768x512.jpg 768w\" sizes=\"(max-width: 850px) 100vw, 850px\" \/>\t\t\t\t\t\t\t\t<\/a>\n\t\t\t\t\t\t\t\t\t\t\t\t\t\t\t<\/div>\n\t\t\t\t<\/div>\n\t\t\t\t<div class=\"elementor-element elementor-element-ef4bb50 animated-slow elementor-invisible elementor-widget elementor-widget-image\" data-id=\"ef4bb50\" data-element_type=\"widget\" data-e-type=\"widget\" data-settings=\"{&quot;_animation&quot;:&quot;fadeIn&quot;}\" data-widget_type=\"image.default\">\n\t\t\t\t<div class=\"elementor-widget-container\">\n\t\t\t\t\t\t\t\t\t\t\t\t\t\t\t\t<a href=\"https:\/\/museuroma.pdm.cat\/wp-content\/uploads\/2023\/03\/taller-3.jpg\" data-elementor-open-lightbox=\"yes\" data-elementor-lightbox-title=\"taller 3\" data-e-action-hash=\"#elementor-action%3Aaction%3Dlightbox%26settings%3DeyJpZCI6NDg1MSwidXJsIjoiaHR0cHM6XC9cL211c2V1cm9tYS5wZG0uY2F0XC93cC1jb250ZW50XC91cGxvYWRzXC8yMDIzXC8wM1wvdGFsbGVyLTMuanBnIn0%3D\">\n\t\t\t\t\t\t\t<img loading=\"lazy\" decoding=\"async\" width=\"850\" height=\"567\" src=\"https:\/\/museuroma.pdm.cat\/wp-content\/uploads\/2023\/03\/taller-3.jpg\" class=\"attachment-large size-large wp-image-4851\" alt=\"\" srcset=\"https:\/\/museuroma.pdm.cat\/wp-content\/uploads\/2023\/03\/taller-3.jpg 850w, https:\/\/museuroma.pdm.cat\/wp-content\/uploads\/2023\/03\/taller-3-300x200.jpg 300w, https:\/\/museuroma.pdm.cat\/wp-content\/uploads\/2023\/03\/taller-3-768x512.jpg 768w\" sizes=\"(max-width: 850px) 100vw, 850px\" \/>\t\t\t\t\t\t\t\t<\/a>\n\t\t\t\t\t\t\t\t\t\t\t\t\t\t\t<\/div>\n\t\t\t\t<\/div>\n\t\t\t\t<div class=\"elementor-element elementor-element-56f82d3 animated-slow elementor-invisible elementor-widget elementor-widget-image\" data-id=\"56f82d3\" data-element_type=\"widget\" data-e-type=\"widget\" data-settings=\"{&quot;_animation&quot;:&quot;fadeIn&quot;}\" data-widget_type=\"image.default\">\n\t\t\t\t<div class=\"elementor-widget-container\">\n\t\t\t\t\t\t\t\t\t\t\t\t\t\t\t\t<a href=\"https:\/\/museuroma.pdm.cat\/wp-content\/uploads\/2023\/03\/taller-4.jpg\" data-elementor-open-lightbox=\"yes\" data-elementor-lightbox-title=\"taller 4\" data-e-action-hash=\"#elementor-action%3Aaction%3Dlightbox%26settings%3DeyJpZCI6NDg1NSwidXJsIjoiaHR0cHM6XC9cL211c2V1cm9tYS5wZG0uY2F0XC93cC1jb250ZW50XC91cGxvYWRzXC8yMDIzXC8wM1wvdGFsbGVyLTQuanBnIn0%3D\">\n\t\t\t\t\t\t\t<img loading=\"lazy\" decoding=\"async\" width=\"850\" height=\"567\" src=\"https:\/\/museuroma.pdm.cat\/wp-content\/uploads\/2023\/03\/taller-4.jpg\" class=\"attachment-large size-large wp-image-4855\" alt=\"\" srcset=\"https:\/\/museuroma.pdm.cat\/wp-content\/uploads\/2023\/03\/taller-4.jpg 850w, https:\/\/museuroma.pdm.cat\/wp-content\/uploads\/2023\/03\/taller-4-300x200.jpg 300w, https:\/\/museuroma.pdm.cat\/wp-content\/uploads\/2023\/03\/taller-4-768x512.jpg 768w\" sizes=\"(max-width: 850px) 100vw, 850px\" \/>\t\t\t\t\t\t\t\t<\/a>\n\t\t\t\t\t\t\t\t\t\t\t\t\t\t\t<\/div>\n\t\t\t\t<\/div>\n\t\t\t\t\t<\/div>\n\t\t<\/div>\n\t\t\t\t\t<\/div>\n\t\t<\/section>\n\t\t\t\t<\/div>\n\t\t","protected":false},"excerpt":{"rendered":"<p>Talleres para escuelas En el Museu Rom\u00e0 de Premi\u00e0 de Mar, como en el Museu de l\u2019Estampaci\u00f3, ofrecemos un cat\u00e1logo de actividades educativas en diferentes formatos, para difundir el patrimonio industrial, cient\u00edfico, art\u00edstico, cultural, hist\u00f3rico y arqueol\u00f3gico en torno a las colecciones que conservan ambos museos, textil, gas, etnolog\u00eda y arqueolog\u00eda, con la intenci\u00f3n de &#8230; <a title=\"Talleres para escuelas u otros grupos\" class=\"read-more\" href=\"https:\/\/museuroma.pdm.cat\/es\/talleres-para-escuelas-u-otros-grupos\/\" aria-label=\"Leer m\u00e1s sobre Talleres para escuelas u otros grupos\">Leer m\u00e1s<\/a><\/p>\n","protected":false},"author":2,"featured_media":0,"parent":0,"menu_order":0,"comment_status":"closed","ping_status":"closed","template":"elementor_header_footer","meta":{"footnotes":""},"class_list":["post-4274","page","type-page","status-publish"],"_links":{"self":[{"href":"https:\/\/museuroma.pdm.cat\/es\/wp-json\/wp\/v2\/pages\/4274","targetHints":{"allow":["GET"]}}],"collection":[{"href":"https:\/\/museuroma.pdm.cat\/es\/wp-json\/wp\/v2\/pages"}],"about":[{"href":"https:\/\/museuroma.pdm.cat\/es\/wp-json\/wp\/v2\/types\/page"}],"author":[{"embeddable":true,"href":"https:\/\/museuroma.pdm.cat\/es\/wp-json\/wp\/v2\/users\/2"}],"replies":[{"embeddable":true,"href":"https:\/\/museuroma.pdm.cat\/es\/wp-json\/wp\/v2\/comments?post=4274"}],"version-history":[{"count":16,"href":"https:\/\/museuroma.pdm.cat\/es\/wp-json\/wp\/v2\/pages\/4274\/revisions"}],"predecessor-version":[{"id":5244,"href":"https:\/\/museuroma.pdm.cat\/es\/wp-json\/wp\/v2\/pages\/4274\/revisions\/5244"}],"wp:attachment":[{"href":"https:\/\/museuroma.pdm.cat\/es\/wp-json\/wp\/v2\/media?parent=4274"}],"curies":[{"name":"wp","href":"https:\/\/api.w.org\/{rel}","templated":true}]}}