{"id":4270,"date":"2022-12-20T23:36:16","date_gmt":"2022-12-20T21:36:16","guid":{"rendered":"https:\/\/romamuseu.pdm.cat\/?page_id=4270"},"modified":"2023-03-19T20:09:17","modified_gmt":"2023-03-19T18:09:17","slug":"servicios-del-museo","status":"publish","type":"page","link":"https:\/\/museuroma.pdm.cat\/es\/servicios-del-museo\/","title":{"rendered":"Servicios del museo"},"content":{"rendered":"\t\t<div data-elementor-type=\"wp-page\" data-elementor-id=\"4270\" class=\"elementor elementor-4270 elementor-527\" data-elementor-post-type=\"page\">\n\t\t\t\t\t\t<section class=\"elementor-section elementor-top-section elementor-element elementor-element-3be6608c elementor-section-height-min-height elementor-section-items-bottom elementor-section-boxed elementor-section-height-default elementor-invisible\" data-id=\"3be6608c\" data-element_type=\"section\" data-e-type=\"section\" data-settings=\"{&quot;background_background&quot;:&quot;classic&quot;,&quot;animation&quot;:&quot;fadeInDown&quot;}\">\n\t\t\t\t\t\t\t<div class=\"elementor-background-overlay\"><\/div>\n\t\t\t\t\t\t\t<div class=\"elementor-container elementor-column-gap-default\">\n\t\t\t\t\t<div class=\"elementor-column elementor-col-100 elementor-top-column elementor-element elementor-element-7dd7d7e7\" data-id=\"7dd7d7e7\" data-element_type=\"column\" data-e-type=\"column\">\n\t\t\t<div class=\"elementor-widget-wrap elementor-element-populated\">\n\t\t\t\t\t\t\t<\/div>\n\t\t<\/div>\n\t\t\t\t\t<\/div>\n\t\t<\/section>\n\t\t\t\t<section class=\"elementor-section elementor-top-section elementor-element elementor-element-a4067d9 elementor-section-boxed elementor-section-height-default elementor-section-height-default\" data-id=\"a4067d9\" data-element_type=\"section\" data-e-type=\"section\">\n\t\t\t\t\t\t<div class=\"elementor-container elementor-column-gap-default\">\n\t\t\t\t\t<div class=\"elementor-column elementor-col-100 elementor-top-column elementor-element elementor-element-1da1cb12\" data-id=\"1da1cb12\" data-element_type=\"column\" data-e-type=\"column\">\n\t\t\t<div class=\"elementor-widget-wrap elementor-element-populated\">\n\t\t\t\t\t\t<div class=\"elementor-element elementor-element-43116bbf elementor-invisible elementor-widget elementor-widget-image\" data-id=\"43116bbf\" data-element_type=\"widget\" data-e-type=\"widget\" data-settings=\"{&quot;_animation&quot;:&quot;zoomIn&quot;,&quot;_animation_delay&quot;:1000}\" data-widget_type=\"image.default\">\n\t\t\t\t<div class=\"elementor-widget-container\">\n\t\t\t\t\t\t\t\t\t\t\t\t\t\t\t<img fetchpriority=\"high\" decoding=\"async\" width=\"236\" height=\"236\" src=\"https:\/\/museuroma.pdm.cat\/wp-content\/uploads\/2022\/12\/r4.png\" class=\"attachment-full size-full wp-image-3888\" alt=\"\" srcset=\"https:\/\/museuroma.pdm.cat\/wp-content\/uploads\/2022\/12\/r4.png 236w, https:\/\/museuroma.pdm.cat\/wp-content\/uploads\/2022\/12\/r4-150x150.png 150w\" sizes=\"(max-width: 236px) 100vw, 236px\" \/>\t\t\t\t\t\t\t\t\t\t\t\t\t\t\t<\/div>\n\t\t\t\t<\/div>\n\t\t\t\t\t<\/div>\n\t\t<\/div>\n\t\t\t\t\t<\/div>\n\t\t<\/section>\n\t\t\t\t<section class=\"elementor-section elementor-top-section elementor-element elementor-element-cd35c9b elementor-section-boxed elementor-section-height-default elementor-section-height-default\" data-id=\"cd35c9b\" data-element_type=\"section\" data-e-type=\"section\">\n\t\t\t\t\t\t<div class=\"elementor-container elementor-column-gap-default\">\n\t\t\t\t\t<div class=\"elementor-column elementor-col-50 elementor-top-column elementor-element elementor-element-48725fd8\" data-id=\"48725fd8\" data-element_type=\"column\" data-e-type=\"column\">\n\t\t\t<div class=\"elementor-widget-wrap elementor-element-populated\">\n\t\t\t\t\t\t<div class=\"elementor-element elementor-element-16a28b24 elementor-widget elementor-widget-heading\" data-id=\"16a28b24\" data-element_type=\"widget\" data-e-type=\"widget\" data-widget_type=\"heading.default\">\n\t\t\t\t<div class=\"elementor-widget-container\">\n\t\t\t\t\t<h2 class=\"elementor-heading-title elementor-size-default\">SERVICIOS DEL MUSEO<\/h2>\t\t\t\t<\/div>\n\t\t\t\t<\/div>\n\t\t\t\t<div class=\"elementor-element elementor-element-8d6409 elementor-widget elementor-widget-text-editor\" data-id=\"8d6409\" data-element_type=\"widget\" data-e-type=\"widget\" data-widget_type=\"text-editor.default\">\n\t\t\t\t<div class=\"elementor-widget-container\">\n\t\t\t\t\t\t\t\t\t<p>El museo romano ofrece una <strong>visita mediante audiogu\u00eda<\/strong>, que conduce a las personas visitantes por las diferentes vicisitudes hist\u00f3ricas que ha tenido el edificio octogonal hasta su definitivo abandono en el siglo VII dC.<br \/>Esta visita se puede realizar en horarios de apertura habitual, o se puede realizar una reserva de visita espec\u00edfica para un grupo, en fin de semana o entre semana.<\/p><p>Tambi\u00e9n se ofrecer\u00e1n <strong>exposiciones temporales<\/strong> relacionadas con el mundo romano o la arqueolog\u00eda, ya sean historiogr\u00e1ficas, cient\u00edficas, t\u00e9cnicas o art\u00edsticas.<br \/>Estas exposiciones se realizar\u00e1n en un espacio del museo que todav\u00eda se est\u00e1 reformando. Pronto se realizar\u00e1 la apertura.<\/p><p>Y, aparte de las visitas, tambi\u00e9n se ofrecen <strong>actividades para grupos diversos<\/strong> (estudiantes de primaria o ESO, estudiantes universitarios, p\u00fablico general, \u2026):<br \/>\u00b7 Diferentes talleres relacionados con el periodo romano, que se pueden realizar junto con la visita o por separado. Encontrar\u00e1 la oferta de talleres en el apartado de Talleres.<br \/>\u00b7 Charlas y coloquios sobre arqueolog\u00eda y el mundo romano.<br \/>\u00b7 Actividades l\u00fadicas para todos los p\u00fablicos.<\/p><p><em>Los talleres se realizar\u00e1n en un espacio del museo que todav\u00eda se est\u00e1 reformando. <br \/><\/em><\/p>\t\t\t\t\t\t\t\t<\/div>\n\t\t\t\t<\/div>\n\t\t\t\t\t<\/div>\n\t\t<\/div>\n\t\t\t\t<div class=\"elementor-column elementor-col-50 elementor-top-column elementor-element elementor-element-363d772\" data-id=\"363d772\" data-element_type=\"column\" data-e-type=\"column\">\n\t\t\t<div class=\"elementor-widget-wrap elementor-element-populated\">\n\t\t\t\t\t\t<div class=\"elementor-element elementor-element-5bb4b2b elementor-widget elementor-widget-image\" data-id=\"5bb4b2b\" data-element_type=\"widget\" data-e-type=\"widget\" data-widget_type=\"image.default\">\n\t\t\t\t<div class=\"elementor-widget-container\">\n\t\t\t\t\t\t\t\t\t\t\t\t\t\t\t<img decoding=\"async\" width=\"1024\" height=\"768\" src=\"https:\/\/museuroma.pdm.cat\/wp-content\/uploads\/2023\/03\/visita-7.jpeg\" class=\"attachment-large size-large wp-image-4558\" alt=\"\" srcset=\"https:\/\/museuroma.pdm.cat\/wp-content\/uploads\/2023\/03\/visita-7.jpeg 1024w, https:\/\/museuroma.pdm.cat\/wp-content\/uploads\/2023\/03\/visita-7-300x225.jpeg 300w, https:\/\/museuroma.pdm.cat\/wp-content\/uploads\/2023\/03\/visita-7-768x576.jpeg 768w\" sizes=\"(max-width: 1024px) 100vw, 1024px\" \/>\t\t\t\t\t\t\t\t\t\t\t\t\t\t\t<\/div>\n\t\t\t\t<\/div>\n\t\t\t\t<div class=\"elementor-element elementor-element-b656727 elementor-widget elementor-widget-image\" data-id=\"b656727\" data-element_type=\"widget\" data-e-type=\"widget\" data-widget_type=\"image.default\">\n\t\t\t\t<div class=\"elementor-widget-container\">\n\t\t\t\t\t\t\t\t\t\t\t\t\t\t\t<img decoding=\"async\" width=\"1024\" height=\"512\" src=\"https:\/\/museuroma.pdm.cat\/wp-content\/uploads\/2023\/03\/Seminari-2016-1024x512.jpg\" class=\"attachment-large size-large wp-image-4870\" alt=\"\" srcset=\"https:\/\/museuroma.pdm.cat\/wp-content\/uploads\/2023\/03\/Seminari-2016-1024x512.jpg 1024w, https:\/\/museuroma.pdm.cat\/wp-content\/uploads\/2023\/03\/Seminari-2016-300x150.jpg 300w, https:\/\/museuroma.pdm.cat\/wp-content\/uploads\/2023\/03\/Seminari-2016-768x384.jpg 768w, https:\/\/museuroma.pdm.cat\/wp-content\/uploads\/2023\/03\/Seminari-2016.jpg 1134w\" sizes=\"(max-width: 1024px) 100vw, 1024px\" \/>\t\t\t\t\t\t\t\t\t\t\t\t\t\t\t<\/div>\n\t\t\t\t<\/div>\n\t\t\t\t<div class=\"elementor-element elementor-element-c8a7877 elementor-widget elementor-widget-image\" data-id=\"c8a7877\" data-element_type=\"widget\" data-e-type=\"widget\" data-widget_type=\"image.default\">\n\t\t\t\t<div class=\"elementor-widget-container\">\n\t\t\t\t\t\t\t\t\t\t\t\t\t\t\t<img loading=\"lazy\" decoding=\"async\" width=\"1024\" height=\"768\" src=\"https:\/\/museuroma.pdm.cat\/wp-content\/uploads\/2023\/03\/serveis-1-1024x768.jpg\" class=\"attachment-large size-large wp-image-4675\" alt=\"\" srcset=\"https:\/\/museuroma.pdm.cat\/wp-content\/uploads\/2023\/03\/serveis-1-1024x768.jpg 1024w, https:\/\/museuroma.pdm.cat\/wp-content\/uploads\/2023\/03\/serveis-1-300x225.jpg 300w, https:\/\/museuroma.pdm.cat\/wp-content\/uploads\/2023\/03\/serveis-1-768x576.jpg 768w, https:\/\/museuroma.pdm.cat\/wp-content\/uploads\/2023\/03\/serveis-1-1536x1152.jpg 1536w, https:\/\/museuroma.pdm.cat\/wp-content\/uploads\/2023\/03\/serveis-1-2048x1536.jpg 2048w\" sizes=\"(max-width: 1024px) 100vw, 1024px\" \/>\t\t\t\t\t\t\t\t\t\t\t\t\t\t\t<\/div>\n\t\t\t\t<\/div>\n\t\t\t\t\t<\/div>\n\t\t<\/div>\n\t\t\t\t\t<\/div>\n\t\t<\/section>\n\t\t\t\t<\/div>\n\t\t","protected":false},"excerpt":{"rendered":"<p>SERVICIOS DEL MUSEO El museo romano ofrece una visita mediante audiogu\u00eda, que conduce a las personas visitantes por las diferentes vicisitudes hist\u00f3ricas que ha tenido el edificio octogonal hasta su definitivo abandono en el siglo VII dC.Esta visita se puede realizar en horarios de apertura habitual, o se puede realizar una reserva de visita espec\u00edfica &#8230; <a title=\"Servicios del museo\" class=\"read-more\" href=\"https:\/\/museuroma.pdm.cat\/es\/servicios-del-museo\/\" aria-label=\"Leer m\u00e1s sobre Servicios del museo\">Leer m\u00e1s<\/a><\/p>\n","protected":false},"author":2,"featured_media":0,"parent":0,"menu_order":0,"comment_status":"closed","ping_status":"closed","template":"elementor_header_footer","meta":{"footnotes":""},"class_list":["post-4270","page","type-page","status-publish"],"_links":{"self":[{"href":"https:\/\/museuroma.pdm.cat\/es\/wp-json\/wp\/v2\/pages\/4270","targetHints":{"allow":["GET"]}}],"collection":[{"href":"https:\/\/museuroma.pdm.cat\/es\/wp-json\/wp\/v2\/pages"}],"about":[{"href":"https:\/\/museuroma.pdm.cat\/es\/wp-json\/wp\/v2\/types\/page"}],"author":[{"embeddable":true,"href":"https:\/\/museuroma.pdm.cat\/es\/wp-json\/wp\/v2\/users\/2"}],"replies":[{"embeddable":true,"href":"https:\/\/museuroma.pdm.cat\/es\/wp-json\/wp\/v2\/comments?post=4270"}],"version-history":[{"count":16,"href":"https:\/\/museuroma.pdm.cat\/es\/wp-json\/wp\/v2\/pages\/4270\/revisions"}],"predecessor-version":[{"id":5238,"href":"https:\/\/museuroma.pdm.cat\/es\/wp-json\/wp\/v2\/pages\/4270\/revisions\/5238"}],"wp:attachment":[{"href":"https:\/\/museuroma.pdm.cat\/es\/wp-json\/wp\/v2\/media?parent=4270"}],"curies":[{"name":"wp","href":"https:\/\/api.w.org\/{rel}","templated":true}]}}