{"id":4262,"date":"2022-12-20T23:32:51","date_gmt":"2022-12-20T21:32:51","guid":{"rendered":"https:\/\/romamuseu.pdm.cat\/?page_id=4262"},"modified":"2023-03-10T12:55:19","modified_gmt":"2023-03-10T10:55:19","slug":"plano-del-museo","status":"publish","type":"page","link":"https:\/\/museuroma.pdm.cat\/es\/plano-del-museo\/","title":{"rendered":"Plano del museo"},"content":{"rendered":"\t\t<div data-elementor-type=\"wp-page\" data-elementor-id=\"4262\" class=\"elementor elementor-4262 elementor-567\" data-elementor-post-type=\"page\">\n\t\t\t\t\t\t<section class=\"elementor-section elementor-top-section elementor-element elementor-element-53a20ca3 elementor-section-height-min-height elementor-section-items-bottom elementor-section-boxed elementor-section-height-default elementor-invisible\" data-id=\"53a20ca3\" data-element_type=\"section\" data-e-type=\"section\" data-settings=\"{&quot;background_background&quot;:&quot;classic&quot;,&quot;animation&quot;:&quot;fadeInDown&quot;}\">\n\t\t\t\t\t\t<div class=\"elementor-container elementor-column-gap-default\">\n\t\t\t\t\t<div class=\"elementor-column elementor-col-100 elementor-top-column elementor-element elementor-element-4eae0816\" data-id=\"4eae0816\" data-element_type=\"column\" data-e-type=\"column\">\n\t\t\t<div class=\"elementor-widget-wrap elementor-element-populated\">\n\t\t\t\t\t\t\t<\/div>\n\t\t<\/div>\n\t\t\t\t\t<\/div>\n\t\t<\/section>\n\t\t\t\t<section class=\"elementor-section elementor-top-section elementor-element elementor-element-4b270054 elementor-section-boxed elementor-section-height-default elementor-section-height-default\" data-id=\"4b270054\" data-element_type=\"section\" data-e-type=\"section\">\n\t\t\t\t\t\t<div class=\"elementor-container elementor-column-gap-default\">\n\t\t\t\t\t<div class=\"elementor-column elementor-col-100 elementor-top-column elementor-element elementor-element-568a44b7\" data-id=\"568a44b7\" data-element_type=\"column\" data-e-type=\"column\">\n\t\t\t<div class=\"elementor-widget-wrap elementor-element-populated\">\n\t\t\t\t\t\t<div class=\"elementor-element elementor-element-4512ba1b elementor-invisible elementor-widget elementor-widget-image\" data-id=\"4512ba1b\" data-element_type=\"widget\" data-e-type=\"widget\" data-settings=\"{&quot;_animation&quot;:&quot;zoomIn&quot;,&quot;_animation_delay&quot;:1000}\" data-widget_type=\"image.default\">\n\t\t\t\t<div class=\"elementor-widget-container\">\n\t\t\t\t\t\t\t\t\t\t\t\t\t\t\t<img fetchpriority=\"high\" decoding=\"async\" width=\"236\" height=\"236\" src=\"https:\/\/museuroma.pdm.cat\/wp-content\/uploads\/2022\/12\/r7.png\" class=\"attachment-full size-full wp-image-3914\" alt=\"\" srcset=\"https:\/\/museuroma.pdm.cat\/wp-content\/uploads\/2022\/12\/r7.png 236w, https:\/\/museuroma.pdm.cat\/wp-content\/uploads\/2022\/12\/r7-150x150.png 150w\" sizes=\"(max-width: 236px) 100vw, 236px\" \/>\t\t\t\t\t\t\t\t\t\t\t\t\t\t\t<\/div>\n\t\t\t\t<\/div>\n\t\t\t\t\t<\/div>\n\t\t<\/div>\n\t\t\t\t\t<\/div>\n\t\t<\/section>\n\t\t\t\t<section class=\"elementor-section elementor-top-section elementor-element elementor-element-3ea07604 elementor-section-boxed elementor-section-height-default elementor-section-height-default\" data-id=\"3ea07604\" data-element_type=\"section\" data-e-type=\"section\">\n\t\t\t\t\t\t<div class=\"elementor-container elementor-column-gap-default\">\n\t\t\t\t\t<div class=\"elementor-column elementor-col-100 elementor-top-column elementor-element elementor-element-39153c5\" data-id=\"39153c5\" data-element_type=\"column\" data-e-type=\"column\">\n\t\t\t<div class=\"elementor-widget-wrap elementor-element-populated\">\n\t\t\t\t\t\t<div class=\"elementor-element elementor-element-05d4ba6 elementor-widget elementor-widget-heading\" data-id=\"05d4ba6\" data-element_type=\"widget\" data-e-type=\"widget\" data-widget_type=\"heading.default\">\n\t\t\t\t<div class=\"elementor-widget-container\">\n\t\t\t\t\t<h2 class=\"elementor-heading-title elementor-size-default\">PLANO DE UBICACI\u00d3N DE LA EXPOSICI\u00d3N PERMANENTE\n<\/h2>\t\t\t\t<\/div>\n\t\t\t\t<\/div>\n\t\t\t\t<div class=\"elementor-element elementor-element-4e78f23d elementor-widget elementor-widget-text-editor\" data-id=\"4e78f23d\" data-element_type=\"widget\" data-e-type=\"widget\" data-widget_type=\"text-editor.default\">\n\t\t\t\t<div class=\"elementor-widget-container\">\n\t\t\t\t\t\t\t\t\t<p>Aqu\u00ed ten\u00e9is el plano del museo, con sus espacios y piezas destacadas, para situaros antes o despu\u00e9s de la visita.<br \/>Pod\u00e9is descargarlo en PDF.<\/p>\t\t\t\t\t\t\t\t<\/div>\n\t\t\t\t<\/div>\n\t\t\t\t\t<\/div>\n\t\t<\/div>\n\t\t\t\t\t<\/div>\n\t\t<\/section>\n\t\t\t\t<section class=\"elementor-section elementor-top-section elementor-element elementor-element-23472546 elementor-section-boxed elementor-section-height-default elementor-section-height-default\" data-id=\"23472546\" data-element_type=\"section\" data-e-type=\"section\">\n\t\t\t\t\t\t<div class=\"elementor-container elementor-column-gap-default\">\n\t\t\t\t\t<div class=\"elementor-column elementor-col-100 elementor-top-column elementor-element elementor-element-7bdfb1a\" data-id=\"7bdfb1a\" data-element_type=\"column\" data-e-type=\"column\">\n\t\t\t<div class=\"elementor-widget-wrap elementor-element-populated\">\n\t\t\t\t\t\t<div class=\"elementor-element elementor-element-4428df41 animated-slow elementor-invisible elementor-widget elementor-widget-image\" data-id=\"4428df41\" data-element_type=\"widget\" data-e-type=\"widget\" data-settings=\"{&quot;_animation&quot;:&quot;fadeIn&quot;}\" data-widget_type=\"image.default\">\n\t\t\t\t<div class=\"elementor-widget-container\">\n\t\t\t\t\t\t\t\t\t\t\t\t\t\t\t<img decoding=\"async\" width=\"1024\" height=\"724\" src=\"https:\/\/museuroma.pdm.cat\/wp-content\/uploads\/2023\/02\/planol-museu-roma-1024x724.jpg\" class=\"attachment-large size-large wp-image-4478\" alt=\"\" srcset=\"https:\/\/museuroma.pdm.cat\/wp-content\/uploads\/2023\/02\/planol-museu-roma-1024x724.jpg 1024w, https:\/\/museuroma.pdm.cat\/wp-content\/uploads\/2023\/02\/planol-museu-roma-300x212.jpg 300w, https:\/\/museuroma.pdm.cat\/wp-content\/uploads\/2023\/02\/planol-museu-roma-768x543.jpg 768w, https:\/\/museuroma.pdm.cat\/wp-content\/uploads\/2023\/02\/planol-museu-roma-1536x1086.jpg 1536w, https:\/\/museuroma.pdm.cat\/wp-content\/uploads\/2023\/02\/planol-museu-roma.jpg 1754w\" sizes=\"(max-width: 1024px) 100vw, 1024px\" \/>\t\t\t\t\t\t\t\t\t\t\t\t\t\t\t<\/div>\n\t\t\t\t<\/div>\n\t\t\t\t<div class=\"elementor-element elementor-element-71be581 elementor-align-center elementor-widget elementor-widget-button\" data-id=\"71be581\" data-element_type=\"widget\" data-e-type=\"widget\" data-widget_type=\"button.default\">\n\t\t\t\t<div class=\"elementor-widget-container\">\n\t\t\t\t\t\t\t\t\t<div class=\"elementor-button-wrapper\">\n\t\t\t\t\t<a class=\"elementor-button elementor-button-link elementor-size-sm\" href=\"https:\/\/museuroma.pdm.cat\/wp-content\/uploads\/2023\/02\/planol-museu-roma.pdf\" target=\"_blank\">\n\t\t\t\t\t\t<span class=\"elementor-button-content-wrapper\">\n\t\t\t\t\t\t\t\t\t<span class=\"elementor-button-text\">Descarga el plano<\/span>\n\t\t\t\t\t<\/span>\n\t\t\t\t\t<\/a>\n\t\t\t\t<\/div>\n\t\t\t\t\t\t\t\t<\/div>\n\t\t\t\t<\/div>\n\t\t\t\t\t<\/div>\n\t\t<\/div>\n\t\t\t\t\t<\/div>\n\t\t<\/section>\n\t\t\t\t<\/div>\n\t\t","protected":false},"excerpt":{"rendered":"<p>PLANO DE UBICACI\u00d3N DE LA EXPOSICI\u00d3N PERMANENTE Aqu\u00ed ten\u00e9is el plano del museo, con sus espacios y piezas destacadas, para situaros antes o despu\u00e9s de la visita.Pod\u00e9is descargarlo en PDF. Descarga el plano<\/p>\n","protected":false},"author":2,"featured_media":0,"parent":0,"menu_order":0,"comment_status":"closed","ping_status":"closed","template":"elementor_header_footer","meta":{"footnotes":""},"class_list":["post-4262","page","type-page","status-publish"],"_links":{"self":[{"href":"https:\/\/museuroma.pdm.cat\/es\/wp-json\/wp\/v2\/pages\/4262","targetHints":{"allow":["GET"]}}],"collection":[{"href":"https:\/\/museuroma.pdm.cat\/es\/wp-json\/wp\/v2\/pages"}],"about":[{"href":"https:\/\/museuroma.pdm.cat\/es\/wp-json\/wp\/v2\/types\/page"}],"author":[{"embeddable":true,"href":"https:\/\/museuroma.pdm.cat\/es\/wp-json\/wp\/v2\/users\/2"}],"replies":[{"embeddable":true,"href":"https:\/\/museuroma.pdm.cat\/es\/wp-json\/wp\/v2\/comments?post=4262"}],"version-history":[{"count":10,"href":"https:\/\/museuroma.pdm.cat\/es\/wp-json\/wp\/v2\/pages\/4262\/revisions"}],"predecessor-version":[{"id":4981,"href":"https:\/\/museuroma.pdm.cat\/es\/wp-json\/wp\/v2\/pages\/4262\/revisions\/4981"}],"wp:attachment":[{"href":"https:\/\/museuroma.pdm.cat\/es\/wp-json\/wp\/v2\/media?parent=4262"}],"curies":[{"name":"wp","href":"https:\/\/api.w.org\/{rel}","templated":true}]}}