{"id":4259,"date":"2022-12-20T23:31:37","date_gmt":"2022-12-20T21:31:37","guid":{"rendered":"https:\/\/romamuseu.pdm.cat\/?page_id=4259"},"modified":"2023-03-11T08:30:49","modified_gmt":"2023-03-11T06:30:49","slug":"planifica-tu-visita","status":"publish","type":"page","link":"https:\/\/museuroma.pdm.cat\/es\/planifica-tu-visita\/","title":{"rendered":"Planifica tu visita"},"content":{"rendered":"\t\t<div data-elementor-type=\"wp-page\" data-elementor-id=\"4259\" class=\"elementor elementor-4259 elementor-649\" data-elementor-post-type=\"page\">\n\t\t\t\t\t\t<section class=\"elementor-section elementor-top-section elementor-element elementor-element-3e6732f8 elementor-section-height-min-height elementor-section-items-bottom elementor-section-boxed elementor-section-height-default elementor-invisible\" data-id=\"3e6732f8\" data-element_type=\"section\" data-e-type=\"section\" data-settings=\"{&quot;background_background&quot;:&quot;classic&quot;,&quot;animation&quot;:&quot;fadeInDown&quot;}\">\n\t\t\t\t\t\t\t<div class=\"elementor-background-overlay\"><\/div>\n\t\t\t\t\t\t\t<div class=\"elementor-container elementor-column-gap-default\">\n\t\t\t\t\t<div class=\"elementor-column elementor-col-100 elementor-top-column elementor-element elementor-element-3a5e054d\" data-id=\"3a5e054d\" data-element_type=\"column\" data-e-type=\"column\">\n\t\t\t<div class=\"elementor-widget-wrap elementor-element-populated\">\n\t\t\t\t\t\t\t<\/div>\n\t\t<\/div>\n\t\t\t\t\t<\/div>\n\t\t<\/section>\n\t\t\t\t<section class=\"elementor-section elementor-top-section elementor-element elementor-element-91bce81 elementor-section-boxed elementor-section-height-default elementor-section-height-default\" data-id=\"91bce81\" data-element_type=\"section\" data-e-type=\"section\">\n\t\t\t\t\t\t<div class=\"elementor-container elementor-column-gap-default\">\n\t\t\t\t\t<div class=\"elementor-column elementor-col-100 elementor-top-column elementor-element elementor-element-3c309161\" data-id=\"3c309161\" data-element_type=\"column\" data-e-type=\"column\">\n\t\t\t<div class=\"elementor-widget-wrap elementor-element-populated\">\n\t\t\t\t\t\t<div class=\"elementor-element elementor-element-7546f7cd elementor-invisible elementor-widget elementor-widget-image\" data-id=\"7546f7cd\" data-element_type=\"widget\" data-e-type=\"widget\" data-settings=\"{&quot;_animation&quot;:&quot;zoomIn&quot;,&quot;_animation_delay&quot;:1000}\" data-widget_type=\"image.default\">\n\t\t\t\t<div class=\"elementor-widget-container\">\n\t\t\t\t\t\t\t\t\t\t\t\t\t\t\t<img fetchpriority=\"high\" decoding=\"async\" width=\"236\" height=\"236\" src=\"https:\/\/museuroma.pdm.cat\/wp-content\/uploads\/2022\/12\/r12.png\" class=\"attachment-full size-full wp-image-3949\" alt=\"\" srcset=\"https:\/\/museuroma.pdm.cat\/wp-content\/uploads\/2022\/12\/r12.png 236w, https:\/\/museuroma.pdm.cat\/wp-content\/uploads\/2022\/12\/r12-150x150.png 150w\" sizes=\"(max-width: 236px) 100vw, 236px\" \/>\t\t\t\t\t\t\t\t\t\t\t\t\t\t\t<\/div>\n\t\t\t\t<\/div>\n\t\t\t\t\t<\/div>\n\t\t<\/div>\n\t\t\t\t\t<\/div>\n\t\t<\/section>\n\t\t\t\t<section class=\"elementor-section elementor-top-section elementor-element elementor-element-2ef7e00c elementor-section-boxed elementor-section-height-default elementor-section-height-default\" data-id=\"2ef7e00c\" data-element_type=\"section\" data-e-type=\"section\">\n\t\t\t\t\t\t<div class=\"elementor-container elementor-column-gap-default\">\n\t\t\t\t\t<div class=\"elementor-column elementor-col-50 elementor-top-column elementor-element elementor-element-59b9e4c5\" data-id=\"59b9e4c5\" data-element_type=\"column\" data-e-type=\"column\">\n\t\t\t<div class=\"elementor-widget-wrap elementor-element-populated\">\n\t\t\t\t\t\t<div class=\"elementor-element elementor-element-9e0cccf elementor-widget elementor-widget-heading\" data-id=\"9e0cccf\" data-element_type=\"widget\" data-e-type=\"widget\" data-widget_type=\"heading.default\">\n\t\t\t\t<div class=\"elementor-widget-container\">\n\t\t\t\t\t<h2 class=\"elementor-heading-title elementor-size-default\">Planifica tu visita<\/h2>\t\t\t\t<\/div>\n\t\t\t\t<\/div>\n\t\t\t\t<div class=\"elementor-element elementor-element-35da6867 elementor-widget elementor-widget-text-editor\" data-id=\"35da6867\" data-element_type=\"widget\" data-e-type=\"widget\" data-widget_type=\"text-editor.default\">\n\t\t\t\t<div class=\"elementor-widget-container\">\n\t\t\t\t\t\t\t\t\t<p>La visita est\u00e1ndar al edificio octogonal se realiza con la ayuda de audiogu\u00edas, en horario de apertura al p\u00fablico (consultar horarios), o en horario concertado para grupos. Los elementos que se pueden visitar y las actividades que se pueden realizar son:<\/p><p><strong>\u2022 <\/strong><strong>Visita guiada al edificio octogonal<\/strong><br \/><strong>\u2022 Exposiciones temporales<br \/><\/strong><em>(pendientes de la \u00faltima fase de adecuaci\u00f3n del espacio)<\/em><br \/><strong>\u2022 Talleres escolares <\/strong><em>(pendientes de la \u00faltima fase de adecuaci\u00f3n del espacio)<\/em><span style=\"color: var( --e-global-color-text ); font-family: var( --e-global-typography-a315405-font-family ), Sans-serif; font-size: var( --e-global-typography-a315405-font-size ); font-weight: var( --e-global-typography-a315405-font-weight ); letter-spacing: var( --e-global-typography-a315405-letter-spacing ); word-spacing: var( --e-global-typography-a315405-word-spacing );\">\u00a0<\/span><\/p>\t\t\t\t\t\t\t\t<\/div>\n\t\t\t\t<\/div>\n\t\t\t\t<div class=\"elementor-element elementor-element-764602d elementor-widget-divider--view-line elementor-widget elementor-widget-divider\" data-id=\"764602d\" data-element_type=\"widget\" data-e-type=\"widget\" data-widget_type=\"divider.default\">\n\t\t\t\t<div class=\"elementor-widget-container\">\n\t\t\t\t\t\t\t<div class=\"elementor-divider\">\n\t\t\t<span class=\"elementor-divider-separator\">\n\t\t\t\t\t\t<\/span>\n\t\t<\/div>\n\t\t\t\t\t\t<\/div>\n\t\t\t\t<\/div>\n\t\t\t\t<div class=\"elementor-element elementor-element-789193e elementor-widget elementor-widget-heading\" data-id=\"789193e\" data-element_type=\"widget\" data-e-type=\"widget\" data-widget_type=\"heading.default\">\n\t\t\t\t<div class=\"elementor-widget-container\">\n\t\t\t\t\t<h2 class=\"elementor-heading-title elementor-size-default\">Visitas guiadas para grupos<\/h2>\t\t\t\t<\/div>\n\t\t\t\t<\/div>\n\t\t\t\t<div class=\"elementor-element elementor-element-8a218da elementor-widget elementor-widget-text-editor\" data-id=\"8a218da\" data-element_type=\"widget\" data-e-type=\"widget\" data-widget_type=\"text-editor.default\">\n\t\t\t\t<div class=\"elementor-widget-container\">\n\t\t\t\t\t\t\t\t\t<p>Puede visitar el edificio octogonal con gu\u00eda, previa reserva para un grupo de m\u00ednimo 10 personas.<\/p><p>Puede complementar la visita con un taller (consulte el apartado Talleres especializados).<\/p><p>Tanto para realizar la visita como para el taller es necesaria reserva previa.<\/p>\t\t\t\t\t\t\t\t<\/div>\n\t\t\t\t<\/div>\n\t\t\t\t<div class=\"elementor-element elementor-element-66a194a elementor-widget elementor-widget-heading\" data-id=\"66a194a\" data-element_type=\"widget\" data-e-type=\"widget\" data-widget_type=\"heading.default\">\n\t\t\t\t<div class=\"elementor-widget-container\">\n\t\t\t\t\t<h2 class=\"elementor-heading-title elementor-size-default\">Visitas escolares<\/h2>\t\t\t\t<\/div>\n\t\t\t\t<\/div>\n\t\t\t\t<div class=\"elementor-element elementor-element-3d2f21c elementor-widget elementor-widget-text-editor\" data-id=\"3d2f21c\" data-element_type=\"widget\" data-e-type=\"widget\" data-widget_type=\"text-editor.default\">\n\t\t\t\t<div class=\"elementor-widget-container\">\n\t\t\t\t\t\t\t\t\t<p>Puede visitar el edificio octogonal en horario escolar, previa reserva para grupos de m\u00ednimo 10 personas.<\/p><p>Y puede realizar un taller did\u00e1ctico para escuelas (consulte el apartado Talleres para escuelas).<\/p><p>Tanto para realizar la visita como para el taller es necesaria reserva previa.<\/p>\t\t\t\t\t\t\t\t<\/div>\n\t\t\t\t<\/div>\n\t\t\t\t<div class=\"elementor-element elementor-element-fbf1cc0 elementor-widget-divider--view-line elementor-widget elementor-widget-divider\" data-id=\"fbf1cc0\" data-element_type=\"widget\" data-e-type=\"widget\" data-widget_type=\"divider.default\">\n\t\t\t\t<div class=\"elementor-widget-container\">\n\t\t\t\t\t\t\t<div class=\"elementor-divider\">\n\t\t\t<span class=\"elementor-divider-separator\">\n\t\t\t\t\t\t<\/span>\n\t\t<\/div>\n\t\t\t\t\t\t<\/div>\n\t\t\t\t<\/div>\n\t\t\t\t<div class=\"elementor-element elementor-element-fe800cd elementor-widget elementor-widget-heading\" data-id=\"fe800cd\" data-element_type=\"widget\" data-e-type=\"widget\" data-widget_type=\"heading.default\">\n\t\t\t\t<div class=\"elementor-widget-container\">\n\t\t\t\t\t<h2 class=\"elementor-heading-title elementor-size-default\">Reservas de visitas<\/h2>\t\t\t\t<\/div>\n\t\t\t\t<\/div>\n\t\t\t\t<div class=\"elementor-element elementor-element-9c7ca91 elementor-widget elementor-widget-text-editor\" data-id=\"9c7ca91\" data-element_type=\"widget\" data-e-type=\"widget\" data-widget_type=\"text-editor.default\">\n\t\t\t\t<div class=\"elementor-widget-container\">\n\t\t\t\t\t\t\t\t\t<p>En el apartado de <strong><a href=\"https:\/\/museuroma.pdm.cat\/es\/horarios-y-tarifas\/\">HORARIOS, TARIFAS Y ENTRADAS<\/a><\/strong>, puede hacer la reserva contactando con el Museo o comprar las entradas directamente.<\/p>\t\t\t\t\t\t\t\t<\/div>\n\t\t\t\t<\/div>\n\t\t\t\t\t<\/div>\n\t\t<\/div>\n\t\t\t\t<div class=\"elementor-column elementor-col-50 elementor-top-column elementor-element elementor-element-1d98e819\" data-id=\"1d98e819\" data-element_type=\"column\" data-e-type=\"column\">\n\t\t\t<div class=\"elementor-widget-wrap elementor-element-populated\">\n\t\t\t\t\t\t<div class=\"elementor-element elementor-element-7f992f4d animated-slow elementor-invisible elementor-widget elementor-widget-image\" data-id=\"7f992f4d\" data-element_type=\"widget\" data-e-type=\"widget\" data-settings=\"{&quot;_animation&quot;:&quot;fadeIn&quot;,&quot;_animation_delay&quot;:1000}\" data-widget_type=\"image.default\">\n\t\t\t\t<div class=\"elementor-widget-container\">\n\t\t\t\t\t\t\t\t\t\t\t\t\t\t\t\t<a href=\"https:\/\/museuroma.pdm.cat\/wp-content\/uploads\/2023\/03\/visita-6.jpg\" data-elementor-open-lightbox=\"yes\" data-elementor-lightbox-title=\"visita 6\" data-e-action-hash=\"#elementor-action%3Aaction%3Dlightbox%26settings%3DeyJpZCI6NDU1NiwidXJsIjoiaHR0cHM6XC9cL211c2V1cm9tYS5wZG0uY2F0XC93cC1jb250ZW50XC91cGxvYWRzXC8yMDIzXC8wM1wvdmlzaXRhLTYuanBnIn0%3D\">\n\t\t\t\t\t\t\t<img decoding=\"async\" width=\"1024\" height=\"576\" src=\"https:\/\/museuroma.pdm.cat\/wp-content\/uploads\/2023\/03\/visita-6.jpg\" class=\"attachment-large size-large wp-image-4556\" alt=\"\" srcset=\"https:\/\/museuroma.pdm.cat\/wp-content\/uploads\/2023\/03\/visita-6.jpg 1024w, https:\/\/museuroma.pdm.cat\/wp-content\/uploads\/2023\/03\/visita-6-300x169.jpg 300w, https:\/\/museuroma.pdm.cat\/wp-content\/uploads\/2023\/03\/visita-6-768x432.jpg 768w\" sizes=\"(max-width: 1024px) 100vw, 1024px\" \/>\t\t\t\t\t\t\t\t<\/a>\n\t\t\t\t\t\t\t\t\t\t\t\t\t\t\t<\/div>\n\t\t\t\t<\/div>\n\t\t\t\t<div class=\"elementor-element elementor-element-1b2472d8 animated-slow elementor-invisible elementor-widget elementor-widget-image\" data-id=\"1b2472d8\" data-element_type=\"widget\" data-e-type=\"widget\" data-settings=\"{&quot;_animation&quot;:&quot;fadeIn&quot;}\" data-widget_type=\"image.default\">\n\t\t\t\t<div class=\"elementor-widget-container\">\n\t\t\t\t\t\t\t\t\t\t\t\t\t\t\t\t<a href=\"https:\/\/museuroma.pdm.cat\/wp-content\/uploads\/2023\/03\/planifica-2.jpg\" data-elementor-open-lightbox=\"yes\" data-elementor-lightbox-title=\"planifica 2\" data-e-action-hash=\"#elementor-action%3Aaction%3Dlightbox%26settings%3DeyJpZCI6NDU5OCwidXJsIjoiaHR0cHM6XC9cL211c2V1cm9tYS5wZG0uY2F0XC93cC1jb250ZW50XC91cGxvYWRzXC8yMDIzXC8wM1wvcGxhbmlmaWNhLTIuanBnIn0%3D\">\n\t\t\t\t\t\t\t<img decoding=\"async\" width=\"850\" height=\"567\" src=\"https:\/\/museuroma.pdm.cat\/wp-content\/uploads\/2023\/03\/planifica-2.jpg\" class=\"attachment-large size-large wp-image-4598\" alt=\"\" srcset=\"https:\/\/museuroma.pdm.cat\/wp-content\/uploads\/2023\/03\/planifica-2.jpg 850w, https:\/\/museuroma.pdm.cat\/wp-content\/uploads\/2023\/03\/planifica-2-300x200.jpg 300w, https:\/\/museuroma.pdm.cat\/wp-content\/uploads\/2023\/03\/planifica-2-768x512.jpg 768w\" sizes=\"(max-width: 850px) 100vw, 850px\" \/>\t\t\t\t\t\t\t\t<\/a>\n\t\t\t\t\t\t\t\t\t\t\t\t\t\t\t<\/div>\n\t\t\t\t<\/div>\n\t\t\t\t<div class=\"elementor-element elementor-element-0a36064 animated-slow elementor-invisible elementor-widget elementor-widget-image\" data-id=\"0a36064\" data-element_type=\"widget\" data-e-type=\"widget\" data-settings=\"{&quot;_animation&quot;:&quot;fadeIn&quot;}\" data-widget_type=\"image.default\">\n\t\t\t\t<div class=\"elementor-widget-container\">\n\t\t\t\t\t\t\t\t\t\t\t\t\t\t\t\t<a href=\"https:\/\/museuroma.pdm.cat\/wp-content\/uploads\/2023\/03\/planifica-1.jpg\" data-elementor-open-lightbox=\"yes\" data-elementor-lightbox-title=\"planifica 1\" data-e-action-hash=\"#elementor-action%3Aaction%3Dlightbox%26settings%3DeyJpZCI6NDYwMCwidXJsIjoiaHR0cHM6XC9cL211c2V1cm9tYS5wZG0uY2F0XC93cC1jb250ZW50XC91cGxvYWRzXC8yMDIzXC8wM1wvcGxhbmlmaWNhLTEuanBnIn0%3D\">\n\t\t\t\t\t\t\t<img loading=\"lazy\" decoding=\"async\" width=\"850\" height=\"567\" src=\"https:\/\/museuroma.pdm.cat\/wp-content\/uploads\/2023\/03\/planifica-1.jpg\" class=\"attachment-large size-large wp-image-4600\" alt=\"\" srcset=\"https:\/\/museuroma.pdm.cat\/wp-content\/uploads\/2023\/03\/planifica-1.jpg 850w, https:\/\/museuroma.pdm.cat\/wp-content\/uploads\/2023\/03\/planifica-1-300x200.jpg 300w, https:\/\/museuroma.pdm.cat\/wp-content\/uploads\/2023\/03\/planifica-1-768x512.jpg 768w\" sizes=\"(max-width: 850px) 100vw, 850px\" \/>\t\t\t\t\t\t\t\t<\/a>\n\t\t\t\t\t\t\t\t\t\t\t\t\t\t\t<\/div>\n\t\t\t\t<\/div>\n\t\t\t\t\t<\/div>\n\t\t<\/div>\n\t\t\t\t\t<\/div>\n\t\t<\/section>\n\t\t\t\t<\/div>\n\t\t","protected":false},"excerpt":{"rendered":"<p>Planifica tu visita La visita est\u00e1ndar al edificio octogonal se realiza con la ayuda de audiogu\u00edas, en horario de apertura al p\u00fablico (consultar horarios), o en horario concertado para grupos. Los elementos que se pueden visitar y las actividades que se pueden realizar son: \u2022 Visita guiada al edificio octogonal\u2022 Exposiciones temporales(pendientes de la \u00faltima &#8230; <a title=\"Planifica tu visita\" class=\"read-more\" href=\"https:\/\/museuroma.pdm.cat\/es\/planifica-tu-visita\/\" aria-label=\"Leer m\u00e1s sobre Planifica tu visita\">Leer m\u00e1s<\/a><\/p>\n","protected":false},"author":2,"featured_media":0,"parent":0,"menu_order":0,"comment_status":"closed","ping_status":"closed","template":"elementor_header_footer","meta":{"footnotes":""},"class_list":["post-4259","page","type-page","status-publish"],"_links":{"self":[{"href":"https:\/\/museuroma.pdm.cat\/es\/wp-json\/wp\/v2\/pages\/4259","targetHints":{"allow":["GET"]}}],"collection":[{"href":"https:\/\/museuroma.pdm.cat\/es\/wp-json\/wp\/v2\/pages"}],"about":[{"href":"https:\/\/museuroma.pdm.cat\/es\/wp-json\/wp\/v2\/types\/page"}],"author":[{"embeddable":true,"href":"https:\/\/museuroma.pdm.cat\/es\/wp-json\/wp\/v2\/users\/2"}],"replies":[{"embeddable":true,"href":"https:\/\/museuroma.pdm.cat\/es\/wp-json\/wp\/v2\/comments?post=4259"}],"version-history":[{"count":13,"href":"https:\/\/museuroma.pdm.cat\/es\/wp-json\/wp\/v2\/pages\/4259\/revisions"}],"predecessor-version":[{"id":4997,"href":"https:\/\/museuroma.pdm.cat\/es\/wp-json\/wp\/v2\/pages\/4259\/revisions\/4997"}],"wp:attachment":[{"href":"https:\/\/museuroma.pdm.cat\/es\/wp-json\/wp\/v2\/media?parent=4259"}],"curies":[{"name":"wp","href":"https:\/\/api.w.org\/{rel}","templated":true}]}}