{"id":4254,"date":"2022-12-20T18:16:21","date_gmt":"2022-12-20T16:16:21","guid":{"rendered":"https:\/\/romamuseu.pdm.cat\/?page_id=4254"},"modified":"2023-03-11T09:13:51","modified_gmt":"2023-03-11T07:13:51","slug":"materiales-didacticos","status":"publish","type":"page","link":"https:\/\/museuroma.pdm.cat\/es\/materiales-didacticos\/","title":{"rendered":"Materiales did\u00e1cticos"},"content":{"rendered":"<p><img loading=\"lazy\" decoding=\"async\" width=\"236\" height=\"236\" src=\"https:\/\/museuroma.pdm.cat\/wp-content\/uploads\/2022\/12\/r16.png\" alt=\"\" loading=\"lazy\" srcset=\"https:\/\/museuroma.pdm.cat\/wp-content\/uploads\/2022\/12\/r16.png 236w, https:\/\/museuroma.pdm.cat\/wp-content\/uploads\/2022\/12\/r16-150x150.png 150w\" sizes=\"auto, (max-width: 236px) 100vw, 236px\" \/>\t\t\t\t\t\t\t\t\t\t\t\t\t\t<\/p>\n<h2>Materiales did\u00e1cticos<\/h2>\n<p>Para preparar la visita escolar al MuseU Rom\u00e0, los docentes disponen de material did\u00e1ctico, tanto para la ense\u00f1anza primaria como para la secundaria. Encontrar\u00e9is el dosier para el alumnado y el correspondiente para el profesorado.<br \/>Tambi\u00e9n existen las propuestas en ingl\u00e9s, por si se quiere trabajar en esta lengua.<br \/>Pulsando sobre la imagen se pueden descargar.<\/p>\n<p><strong>DOSIERES PARA CICLO SUPERIOR DE PRIMARIA<\/strong><\/p>\n<p>\t\t\t\t\t\t\t\t\t\t\t\t\t<a href=\"https:\/\/museuroma.pdm.cat\/wp-content\/uploads\/2023\/02\/primaria-catala-alumnes_compressed.pdf\"><br \/>\n\t\t\t\t\t\t\t<img loading=\"lazy\" decoding=\"async\" width=\"723\" height=\"1024\" src=\"https:\/\/museuroma.pdm.cat\/wp-content\/uploads\/2023\/02\/Captura-de-pantalla-2023-02-17-a-les-9.37.14-723x1024.png\" alt=\"\" loading=\"lazy\" srcset=\"https:\/\/museuroma.pdm.cat\/wp-content\/uploads\/2023\/02\/Captura-de-pantalla-2023-02-17-a-les-9.37.14-723x1024.png 723w, https:\/\/museuroma.pdm.cat\/wp-content\/uploads\/2023\/02\/Captura-de-pantalla-2023-02-17-a-les-9.37.14-212x300.png 212w, https:\/\/museuroma.pdm.cat\/wp-content\/uploads\/2023\/02\/Captura-de-pantalla-2023-02-17-a-les-9.37.14-768x1087.png 768w, https:\/\/museuroma.pdm.cat\/wp-content\/uploads\/2023\/02\/Captura-de-pantalla-2023-02-17-a-les-9.37.14-1085x1536.png 1085w, https:\/\/museuroma.pdm.cat\/wp-content\/uploads\/2023\/02\/Captura-de-pantalla-2023-02-17-a-les-9.37.14.png 1356w\" sizes=\"auto, (max-width: 723px) 100vw, 723px\" \/>\t\t\t\t\t\t\t\t<\/a><br \/>\n\t\t\t\t\t\t\t\t\t\t\t\t\t<a href=\"https:\/\/museuroma.pdm.cat\/wp-content\/uploads\/2023\/02\/primaria-catala-professorat_compressed.pdf\"><br \/>\n\t\t\t\t\t\t\t<img loading=\"lazy\" decoding=\"async\" width=\"721\" height=\"1024\" src=\"https:\/\/museuroma.pdm.cat\/wp-content\/uploads\/2023\/02\/Captura-de-pantalla-2023-02-17-a-les-9.36.47-721x1024.png\" alt=\"\" loading=\"lazy\" srcset=\"https:\/\/museuroma.pdm.cat\/wp-content\/uploads\/2023\/02\/Captura-de-pantalla-2023-02-17-a-les-9.36.47-721x1024.png 721w, https:\/\/museuroma.pdm.cat\/wp-content\/uploads\/2023\/02\/Captura-de-pantalla-2023-02-17-a-les-9.36.47-211x300.png 211w, https:\/\/museuroma.pdm.cat\/wp-content\/uploads\/2023\/02\/Captura-de-pantalla-2023-02-17-a-les-9.36.47-768x1090.png 768w, https:\/\/museuroma.pdm.cat\/wp-content\/uploads\/2023\/02\/Captura-de-pantalla-2023-02-17-a-les-9.36.47-1082x1536.png 1082w, https:\/\/museuroma.pdm.cat\/wp-content\/uploads\/2023\/02\/Captura-de-pantalla-2023-02-17-a-les-9.36.47.png 1358w\" sizes=\"auto, (max-width: 721px) 100vw, 721px\" \/>\t\t\t\t\t\t\t\t<\/a><br \/>\n\t\t\t\t\t\t\t\t\t\t\t\t\t<a href=\"https:\/\/museuroma.pdm.cat\/wp-content\/uploads\/2023\/02\/primaria-angles-alumnat_compressed.pdf\"><br \/>\n\t\t\t\t\t\t\t<img loading=\"lazy\" decoding=\"async\" width=\"724\" height=\"1024\" src=\"https:\/\/museuroma.pdm.cat\/wp-content\/uploads\/2023\/02\/Captura-de-pantalla-2023-02-17-a-les-9.37.51-724x1024.png\" alt=\"\" loading=\"lazy\" srcset=\"https:\/\/museuroma.pdm.cat\/wp-content\/uploads\/2023\/02\/Captura-de-pantalla-2023-02-17-a-les-9.37.51-724x1024.png 724w, https:\/\/museuroma.pdm.cat\/wp-content\/uploads\/2023\/02\/Captura-de-pantalla-2023-02-17-a-les-9.37.51-212x300.png 212w, https:\/\/museuroma.pdm.cat\/wp-content\/uploads\/2023\/02\/Captura-de-pantalla-2023-02-17-a-les-9.37.51-768x1086.png 768w, https:\/\/museuroma.pdm.cat\/wp-content\/uploads\/2023\/02\/Captura-de-pantalla-2023-02-17-a-les-9.37.51-1086x1536.png 1086w, https:\/\/museuroma.pdm.cat\/wp-content\/uploads\/2023\/02\/Captura-de-pantalla-2023-02-17-a-les-9.37.51.png 1360w\" sizes=\"auto, (max-width: 724px) 100vw, 724px\" \/>\t\t\t\t\t\t\t\t<\/a><br \/>\n\t\t\t\t\t\t\t\t\t\t\t\t\t<a href=\"https:\/\/museuroma.pdm.cat\/wp-content\/uploads\/2023\/02\/primaria-angles-professorat_compressed.pdf\"><br \/>\n\t\t\t\t\t\t\t<img loading=\"lazy\" decoding=\"async\" width=\"724\" height=\"1024\" src=\"https:\/\/museuroma.pdm.cat\/wp-content\/uploads\/2023\/02\/Captura-de-pantalla-2023-02-17-a-les-9.37.28-724x1024.png\" alt=\"\" loading=\"lazy\" srcset=\"https:\/\/museuroma.pdm.cat\/wp-content\/uploads\/2023\/02\/Captura-de-pantalla-2023-02-17-a-les-9.37.28-724x1024.png 724w, https:\/\/museuroma.pdm.cat\/wp-content\/uploads\/2023\/02\/Captura-de-pantalla-2023-02-17-a-les-9.37.28-212x300.png 212w, https:\/\/museuroma.pdm.cat\/wp-content\/uploads\/2023\/02\/Captura-de-pantalla-2023-02-17-a-les-9.37.28-768x1086.png 768w, https:\/\/museuroma.pdm.cat\/wp-content\/uploads\/2023\/02\/Captura-de-pantalla-2023-02-17-a-les-9.37.28-1086x1536.png 1086w, https:\/\/museuroma.pdm.cat\/wp-content\/uploads\/2023\/02\/Captura-de-pantalla-2023-02-17-a-les-9.37.28.png 1360w\" sizes=\"auto, (max-width: 724px) 100vw, 724px\" \/>\t\t\t\t\t\t\t\t<\/a><\/p>\n<p>CUADERNO DEL ALUMNO EN CATAL\u00c1N<\/p>\n<p>CUADERNO DEL PROFESORADO EN CATAL\u00c1N<\/p>\n<p>CUADERNO DEL ALUMNO EN INGL\u00c9S<\/p>\n<p>CUADERNO DEL PROFESORADO EN INGL\u00c9S<\/p>\n<p><strong>DOSIERES PARA CICLO SUPERIOR DE PRIMARIA<\/strong><\/p>\n<p>\t\t\t\t\t\t\t\t\t\t\t\t\t<a href=\"https:\/\/museuroma.pdm.cat\/wp-content\/uploads\/2023\/02\/secundaria-catala-alumnes_compressed.pdf\"><br \/>\n\t\t\t\t\t\t\t<img loading=\"lazy\" decoding=\"async\" width=\"722\" height=\"1024\" src=\"https:\/\/museuroma.pdm.cat\/wp-content\/uploads\/2023\/02\/Captura-de-pantalla-2023-02-17-a-les-9.35.43-722x1024.png\" alt=\"\" loading=\"lazy\" srcset=\"https:\/\/museuroma.pdm.cat\/wp-content\/uploads\/2023\/02\/Captura-de-pantalla-2023-02-17-a-les-9.35.43-722x1024.png 722w, https:\/\/museuroma.pdm.cat\/wp-content\/uploads\/2023\/02\/Captura-de-pantalla-2023-02-17-a-les-9.35.43-212x300.png 212w, https:\/\/museuroma.pdm.cat\/wp-content\/uploads\/2023\/02\/Captura-de-pantalla-2023-02-17-a-les-9.35.43-768x1089.png 768w, https:\/\/museuroma.pdm.cat\/wp-content\/uploads\/2023\/02\/Captura-de-pantalla-2023-02-17-a-les-9.35.43-1084x1536.png 1084w, https:\/\/museuroma.pdm.cat\/wp-content\/uploads\/2023\/02\/Captura-de-pantalla-2023-02-17-a-les-9.35.43.png 1356w\" sizes=\"auto, (max-width: 722px) 100vw, 722px\" \/>\t\t\t\t\t\t\t\t<\/a><br \/>\n\t\t\t\t\t\t\t\t\t\t\t\t\t<a href=\"https:\/\/museuroma.pdm.cat\/wp-content\/uploads\/2023\/02\/secundaria-catala-professorat_compressed.pdf\"><br \/>\n\t\t\t\t\t\t\t<img loading=\"lazy\" decoding=\"async\" width=\"723\" height=\"1024\" src=\"https:\/\/museuroma.pdm.cat\/wp-content\/uploads\/2023\/02\/Captura-de-pantalla-2023-02-17-a-les-9.35.25-723x1024.png\" alt=\"\" loading=\"lazy\" srcset=\"https:\/\/museuroma.pdm.cat\/wp-content\/uploads\/2023\/02\/Captura-de-pantalla-2023-02-17-a-les-9.35.25-723x1024.png 723w, https:\/\/museuroma.pdm.cat\/wp-content\/uploads\/2023\/02\/Captura-de-pantalla-2023-02-17-a-les-9.35.25-212x300.png 212w, https:\/\/museuroma.pdm.cat\/wp-content\/uploads\/2023\/02\/Captura-de-pantalla-2023-02-17-a-les-9.35.25-768x1087.png 768w, https:\/\/museuroma.pdm.cat\/wp-content\/uploads\/2023\/02\/Captura-de-pantalla-2023-02-17-a-les-9.35.25-1085x1536.png 1085w, https:\/\/museuroma.pdm.cat\/wp-content\/uploads\/2023\/02\/Captura-de-pantalla-2023-02-17-a-les-9.35.25.png 1356w\" sizes=\"auto, (max-width: 723px) 100vw, 723px\" \/>\t\t\t\t\t\t\t\t<\/a><br \/>\n\t\t\t\t\t\t\t\t\t\t\t\t\t<a href=\"https:\/\/museuroma.pdm.cat\/wp-content\/uploads\/2023\/02\/secundaria-angles-alumnat_compressed.pdf\"><br \/>\n\t\t\t\t\t\t\t<img loading=\"lazy\" decoding=\"async\" width=\"722\" height=\"1024\" src=\"https:\/\/museuroma.pdm.cat\/wp-content\/uploads\/2023\/02\/Captura-de-pantalla-2023-02-17-a-les-9.36.15-722x1024.png\" alt=\"\" loading=\"lazy\" srcset=\"https:\/\/museuroma.pdm.cat\/wp-content\/uploads\/2023\/02\/Captura-de-pantalla-2023-02-17-a-les-9.36.15-722x1024.png 722w, https:\/\/museuroma.pdm.cat\/wp-content\/uploads\/2023\/02\/Captura-de-pantalla-2023-02-17-a-les-9.36.15-212x300.png 212w, https:\/\/museuroma.pdm.cat\/wp-content\/uploads\/2023\/02\/Captura-de-pantalla-2023-02-17-a-les-9.36.15-768x1089.png 768w, https:\/\/museuroma.pdm.cat\/wp-content\/uploads\/2023\/02\/Captura-de-pantalla-2023-02-17-a-les-9.36.15-1084x1536.png 1084w, https:\/\/museuroma.pdm.cat\/wp-content\/uploads\/2023\/02\/Captura-de-pantalla-2023-02-17-a-les-9.36.15.png 1356w\" sizes=\"auto, (max-width: 722px) 100vw, 722px\" \/>\t\t\t\t\t\t\t\t<\/a><br \/>\n\t\t\t\t\t\t\t\t\t\t\t\t\t<a href=\"https:\/\/museuroma.pdm.cat\/wp-content\/uploads\/2023\/02\/primaria-angles-professorat_compressed.pdf\"><br \/>\n\t\t\t\t\t\t\t<img loading=\"lazy\" decoding=\"async\" width=\"723\" height=\"1024\" src=\"https:\/\/museuroma.pdm.cat\/wp-content\/uploads\/2023\/02\/Captura-de-pantalla-2023-02-17-a-les-9.36.01-723x1024.png\" alt=\"\" loading=\"lazy\" srcset=\"https:\/\/museuroma.pdm.cat\/wp-content\/uploads\/2023\/02\/Captura-de-pantalla-2023-02-17-a-les-9.36.01-723x1024.png 723w, https:\/\/museuroma.pdm.cat\/wp-content\/uploads\/2023\/02\/Captura-de-pantalla-2023-02-17-a-les-9.36.01-212x300.png 212w, https:\/\/museuroma.pdm.cat\/wp-content\/uploads\/2023\/02\/Captura-de-pantalla-2023-02-17-a-les-9.36.01-768x1088.png 768w, https:\/\/museuroma.pdm.cat\/wp-content\/uploads\/2023\/02\/Captura-de-pantalla-2023-02-17-a-les-9.36.01-1084x1536.png 1084w, https:\/\/museuroma.pdm.cat\/wp-content\/uploads\/2023\/02\/Captura-de-pantalla-2023-02-17-a-les-9.36.01.png 1354w\" sizes=\"auto, (max-width: 723px) 100vw, 723px\" \/>\t\t\t\t\t\t\t\t<\/a><\/p>\n<p>CUADERNO DEL ALUMNO EN CATAL\u00c1N<\/p>\n<p>CUADERNO DEL PROFESORADO EN CATAL\u00c1N<\/p>\n<p>CUADERNO DEL ALUMNO EN INGL\u00c9S<\/p>\n<p>CUADERNO DEL PROFESORADO EN INGL\u00c9S<\/p>\n<h2>Libro \u00abCan Ferrerons, una vil\u00b7la romana\u00bb<br \/>\n<\/h2>\n<p>El Ayuntamiento de Premi\u00e0 de Mar, dentro de la colecci\u00f3n Arrela&#8217;t Descoberta, ha editado un libro ilustrado dirigido a ni\u00f1os y j\u00f3venes, y en general para todas las edades, que resume de forma comprensible la historia de los romanos en Premi\u00e0 de Mar, desde los \u00cdberos hasta el descubrimiento de los yacimientos en la \u00e9poca actual. Al final del libro tambi\u00e9n se trabajan conceptos ligados a la cultura que nos dejaron: n\u00fameros romanos, nombres de los planetas, frases hechas en lat\u00edn, \u2026).<br \/>Este libro lo tienen a su disposici\u00f3n todas las escuelas de Premi\u00e0 de Mar para trabajar en el aula, y se puede comprar en el Museo de la Estampaci\u00f3n y en un futuro tambi\u00e9n en la tienda del Museo Romano.<\/p>\n<p>\t\t\t\t\t\t\t\t\t\t\t\t<img loading=\"lazy\" decoding=\"async\" width=\"783\" height=\"567\" src=\"https:\/\/museuroma.pdm.cat\/wp-content\/uploads\/2023\/02\/portada-llibre.jpg\" alt=\"\" loading=\"lazy\" srcset=\"https:\/\/museuroma.pdm.cat\/wp-content\/uploads\/2023\/02\/portada-llibre.jpg 783w, https:\/\/museuroma.pdm.cat\/wp-content\/uploads\/2023\/02\/portada-llibre-300x217.jpg 300w, https:\/\/museuroma.pdm.cat\/wp-content\/uploads\/2023\/02\/portada-llibre-768x556.jpg 768w\" sizes=\"auto, (max-width: 783px) 100vw, 783px\" \/><br \/>\n\t\t\t\t\t\t\t\t\t\t\t\t<img loading=\"lazy\" decoding=\"async\" width=\"1024\" height=\"768\" src=\"https:\/\/museuroma.pdm.cat\/wp-content\/uploads\/2023\/02\/IMG_20230217_115630-1024x768.jpg\" alt=\"\" loading=\"lazy\" srcset=\"https:\/\/museuroma.pdm.cat\/wp-content\/uploads\/2023\/02\/IMG_20230217_115630-1024x768.jpg 1024w, https:\/\/museuroma.pdm.cat\/wp-content\/uploads\/2023\/02\/IMG_20230217_115630-300x225.jpg 300w, https:\/\/museuroma.pdm.cat\/wp-content\/uploads\/2023\/02\/IMG_20230217_115630-768x576.jpg 768w, https:\/\/museuroma.pdm.cat\/wp-content\/uploads\/2023\/02\/IMG_20230217_115630-1536x1152.jpg 1536w, https:\/\/museuroma.pdm.cat\/wp-content\/uploads\/2023\/02\/IMG_20230217_115630.jpg 1890w\" sizes=\"auto, (max-width: 1024px) 100vw, 1024px\" \/><br \/>\n\t\t\t\t\t\t\t\t\t\t\t\t<img loading=\"lazy\" decoding=\"async\" width=\"1024\" height=\"768\" src=\"https:\/\/museuroma.pdm.cat\/wp-content\/uploads\/2023\/02\/IMG_20230217_115642-1024x768.jpg\" alt=\"\" loading=\"lazy\" srcset=\"https:\/\/museuroma.pdm.cat\/wp-content\/uploads\/2023\/02\/IMG_20230217_115642-1024x768.jpg 1024w, https:\/\/museuroma.pdm.cat\/wp-content\/uploads\/2023\/02\/IMG_20230217_115642-300x225.jpg 300w, https:\/\/museuroma.pdm.cat\/wp-content\/uploads\/2023\/02\/IMG_20230217_115642-768x576.jpg 768w, https:\/\/museuroma.pdm.cat\/wp-content\/uploads\/2023\/02\/IMG_20230217_115642-1536x1152.jpg 1536w, https:\/\/museuroma.pdm.cat\/wp-content\/uploads\/2023\/02\/IMG_20230217_115642.jpg 1890w\" sizes=\"auto, (max-width: 1024px) 100vw, 1024px\" \/><br \/>\n\t\t\t\t\t\t\t\t\t\t\t\t<img loading=\"lazy\" decoding=\"async\" width=\"1024\" height=\"768\" src=\"https:\/\/museuroma.pdm.cat\/wp-content\/uploads\/2023\/02\/IMG_20230217_115705-1024x768.jpg\" alt=\"\" loading=\"lazy\" srcset=\"https:\/\/museuroma.pdm.cat\/wp-content\/uploads\/2023\/02\/IMG_20230217_115705-1024x768.jpg 1024w, https:\/\/museuroma.pdm.cat\/wp-content\/uploads\/2023\/02\/IMG_20230217_115705-300x225.jpg 300w, https:\/\/museuroma.pdm.cat\/wp-content\/uploads\/2023\/02\/IMG_20230217_115705-768x576.jpg 768w, https:\/\/museuroma.pdm.cat\/wp-content\/uploads\/2023\/02\/IMG_20230217_115705-1536x1152.jpg 1536w, https:\/\/museuroma.pdm.cat\/wp-content\/uploads\/2023\/02\/IMG_20230217_115705.jpg 1890w\" sizes=\"auto, (max-width: 1024px) 100vw, 1024px\" \/><br \/>\n\t\t\t\t\t\t\t\t\t\t\t\t<img loading=\"lazy\" decoding=\"async\" width=\"1024\" height=\"768\" src=\"https:\/\/museuroma.pdm.cat\/wp-content\/uploads\/2023\/02\/IMG_20230217_115744-1024x768.jpg\" alt=\"\" loading=\"lazy\" srcset=\"https:\/\/museuroma.pdm.cat\/wp-content\/uploads\/2023\/02\/IMG_20230217_115744-1024x768.jpg 1024w, https:\/\/museuroma.pdm.cat\/wp-content\/uploads\/2023\/02\/IMG_20230217_115744-300x225.jpg 300w, https:\/\/museuroma.pdm.cat\/wp-content\/uploads\/2023\/02\/IMG_20230217_115744-768x576.jpg 768w, https:\/\/museuroma.pdm.cat\/wp-content\/uploads\/2023\/02\/IMG_20230217_115744-1536x1152.jpg 1536w, https:\/\/museuroma.pdm.cat\/wp-content\/uploads\/2023\/02\/IMG_20230217_115744.jpg 1890w\" sizes=\"auto, (max-width: 1024px) 100vw, 1024px\" \/>\t\t\t\t\t\t\t\t\t\t\t\t\t\t<\/p>\n<h2>Cuento Infantil \u00abSecret, secret!\u00bb<\/h2>\n<p>El Ayuntamiento de Premi\u00e0 de Mar, dentro de la colecci\u00f3n Primilia Contes, ha editado un cuento ilustrado dirigido a ni\u00f1os, donde se explica de forma original el hallazgo del yacimiento romano en la Horta Ferrerons.<br \/>Este cuento se puede comprar en el Museo de la Estampaci\u00f3n y en un futuro tambi\u00e9n en la tienda del Museo Romano.<\/p>\n<p>\t\t\t\t\t\t\t\t\t\t\t\t<img loading=\"lazy\" decoding=\"async\" width=\"706\" height=\"709\" src=\"https:\/\/museuroma.pdm.cat\/wp-content\/uploads\/2023\/02\/portada-conte.jpg\" alt=\"\" loading=\"lazy\" srcset=\"https:\/\/museuroma.pdm.cat\/wp-content\/uploads\/2023\/02\/portada-conte.jpg 706w, https:\/\/museuroma.pdm.cat\/wp-content\/uploads\/2023\/02\/portada-conte-300x300.jpg 300w, https:\/\/museuroma.pdm.cat\/wp-content\/uploads\/2023\/02\/portada-conte-150x150.jpg 150w\" sizes=\"auto, (max-width: 706px) 100vw, 706px\" \/><br \/>\n\t\t\t\t\t\t\t\t\t\t\t\t<img loading=\"lazy\" decoding=\"async\" width=\"1024\" height=\"624\" src=\"https:\/\/museuroma.pdm.cat\/wp-content\/uploads\/2023\/02\/IMG_20230217_115820-1024x624.jpg\" alt=\"\" loading=\"lazy\" srcset=\"https:\/\/museuroma.pdm.cat\/wp-content\/uploads\/2023\/02\/IMG_20230217_115820-1024x624.jpg 1024w, https:\/\/museuroma.pdm.cat\/wp-content\/uploads\/2023\/02\/IMG_20230217_115820-300x183.jpg 300w, https:\/\/museuroma.pdm.cat\/wp-content\/uploads\/2023\/02\/IMG_20230217_115820-768x468.jpg 768w, https:\/\/museuroma.pdm.cat\/wp-content\/uploads\/2023\/02\/IMG_20230217_115820-1536x937.jpg 1536w, https:\/\/museuroma.pdm.cat\/wp-content\/uploads\/2023\/02\/IMG_20230217_115820-2048x1249.jpg 2048w\" sizes=\"auto, (max-width: 1024px) 100vw, 1024px\" \/><br \/>\n\t\t\t\t\t\t\t\t\t\t\t\t<img loading=\"lazy\" decoding=\"async\" width=\"1024\" height=\"624\" src=\"https:\/\/museuroma.pdm.cat\/wp-content\/uploads\/2023\/02\/IMG_20230217_115845-1024x624.jpg\" alt=\"\" loading=\"lazy\" srcset=\"https:\/\/museuroma.pdm.cat\/wp-content\/uploads\/2023\/02\/IMG_20230217_115845-1024x624.jpg 1024w, https:\/\/museuroma.pdm.cat\/wp-content\/uploads\/2023\/02\/IMG_20230217_115845-300x183.jpg 300w, https:\/\/museuroma.pdm.cat\/wp-content\/uploads\/2023\/02\/IMG_20230217_115845-768x468.jpg 768w, https:\/\/museuroma.pdm.cat\/wp-content\/uploads\/2023\/02\/IMG_20230217_115845-1536x937.jpg 1536w, https:\/\/museuroma.pdm.cat\/wp-content\/uploads\/2023\/02\/IMG_20230217_115845-2048x1249.jpg 2048w\" sizes=\"auto, (max-width: 1024px) 100vw, 1024px\" \/><\/p>\n","protected":false},"excerpt":{"rendered":"<p>Materiales did\u00e1cticos Para preparar la visita escolar al MuseU Rom\u00e0, los docentes disponen de material did\u00e1ctico, tanto para la ense\u00f1anza primaria como para la secundaria. Encontrar\u00e9is el dosier para el alumnado y el correspondiente para el profesorado.Tambi\u00e9n existen las propuestas en ingl\u00e9s, por si se quiere trabajar en esta lengua.Pulsando sobre la imagen se pueden &#8230; <a title=\"Materiales did\u00e1cticos\" class=\"read-more\" href=\"https:\/\/museuroma.pdm.cat\/es\/materiales-didacticos\/\" aria-label=\"Leer m\u00e1s sobre Materiales did\u00e1cticos\">Leer m\u00e1s<\/a><\/p>\n","protected":false},"author":2,"featured_media":0,"parent":0,"menu_order":0,"comment_status":"closed","ping_status":"closed","template":"elementor_header_footer","meta":{"footnotes":""},"class_list":["post-4254","page","type-page","status-publish"],"_links":{"self":[{"href":"https:\/\/museuroma.pdm.cat\/es\/wp-json\/wp\/v2\/pages\/4254","targetHints":{"allow":["GET"]}}],"collection":[{"href":"https:\/\/museuroma.pdm.cat\/es\/wp-json\/wp\/v2\/pages"}],"about":[{"href":"https:\/\/museuroma.pdm.cat\/es\/wp-json\/wp\/v2\/types\/page"}],"author":[{"embeddable":true,"href":"https:\/\/museuroma.pdm.cat\/es\/wp-json\/wp\/v2\/users\/2"}],"replies":[{"embeddable":true,"href":"https:\/\/museuroma.pdm.cat\/es\/wp-json\/wp\/v2\/comments?post=4254"}],"version-history":[{"count":7,"href":"https:\/\/museuroma.pdm.cat\/es\/wp-json\/wp\/v2\/pages\/4254\/revisions"}],"predecessor-version":[{"id":5021,"href":"https:\/\/museuroma.pdm.cat\/es\/wp-json\/wp\/v2\/pages\/4254\/revisions\/5021"}],"wp:attachment":[{"href":"https:\/\/museuroma.pdm.cat\/es\/wp-json\/wp\/v2\/media?parent=4254"}],"curies":[{"name":"wp","href":"https:\/\/api.w.org\/{rel}","templated":true}]}}