{"id":4250,"date":"2022-12-20T18:12:36","date_gmt":"2022-12-20T16:12:36","guid":{"rendered":"https:\/\/romamuseu.pdm.cat\/?page_id=4250"},"modified":"2023-09-18T10:50:52","modified_gmt":"2023-09-18T08:50:52","slug":"horarios-y-tarifas","status":"publish","type":"page","link":"https:\/\/museuroma.pdm.cat\/es\/horarios-y-tarifas\/","title":{"rendered":"Horarios, tarifas y entradas"},"content":{"rendered":"\t\t<div data-elementor-type=\"wp-page\" data-elementor-id=\"4250\" class=\"elementor elementor-4250 elementor-402\" data-elementor-post-type=\"page\">\n\t\t\t\t\t\t<section class=\"elementor-section elementor-top-section elementor-element elementor-element-754aca33 elementor-section-height-min-height elementor-section-items-bottom elementor-section-boxed elementor-section-height-default elementor-invisible\" data-id=\"754aca33\" data-element_type=\"section\" data-e-type=\"section\" data-settings=\"{&quot;background_background&quot;:&quot;classic&quot;,&quot;animation&quot;:&quot;fadeInDown&quot;}\">\n\t\t\t\t\t\t\t<div class=\"elementor-background-overlay\"><\/div>\n\t\t\t\t\t\t\t<div class=\"elementor-container elementor-column-gap-default\">\n\t\t\t\t\t<div class=\"elementor-column elementor-col-100 elementor-top-column elementor-element elementor-element-18308270\" data-id=\"18308270\" data-element_type=\"column\" data-e-type=\"column\">\n\t\t\t<div class=\"elementor-widget-wrap elementor-element-populated\">\n\t\t\t\t\t\t\t<\/div>\n\t\t<\/div>\n\t\t\t\t\t<\/div>\n\t\t<\/section>\n\t\t\t\t<section class=\"elementor-section elementor-top-section elementor-element elementor-element-5e559a5d elementor-section-boxed elementor-section-height-default elementor-section-height-default\" data-id=\"5e559a5d\" data-element_type=\"section\" data-e-type=\"section\">\n\t\t\t\t\t\t<div class=\"elementor-container elementor-column-gap-default\">\n\t\t\t\t\t<div class=\"elementor-column elementor-col-100 elementor-top-column elementor-element elementor-element-4fbaccd4\" data-id=\"4fbaccd4\" data-element_type=\"column\" data-e-type=\"column\">\n\t\t\t<div class=\"elementor-widget-wrap elementor-element-populated\">\n\t\t\t\t\t\t<div class=\"elementor-element elementor-element-4d89706a elementor-invisible elementor-widget elementor-widget-image\" data-id=\"4d89706a\" data-element_type=\"widget\" data-e-type=\"widget\" data-settings=\"{&quot;_animation&quot;:&quot;zoomIn&quot;,&quot;_animation_delay&quot;:1000}\" data-widget_type=\"image.default\">\n\t\t\t\t<div class=\"elementor-widget-container\">\n\t\t\t\t\t\t\t\t\t\t\t\t\t\t\t<img fetchpriority=\"high\" decoding=\"async\" width=\"236\" height=\"236\" src=\"https:\/\/museuroma.pdm.cat\/wp-content\/uploads\/2022\/12\/r3.png\" class=\"attachment-full size-full wp-image-3877\" alt=\"\" srcset=\"https:\/\/museuroma.pdm.cat\/wp-content\/uploads\/2022\/12\/r3.png 236w, https:\/\/museuroma.pdm.cat\/wp-content\/uploads\/2022\/12\/r3-150x150.png 150w\" sizes=\"(max-width: 236px) 100vw, 236px\" \/>\t\t\t\t\t\t\t\t\t\t\t\t\t\t\t<\/div>\n\t\t\t\t<\/div>\n\t\t\t\t\t<\/div>\n\t\t<\/div>\n\t\t\t\t\t<\/div>\n\t\t<\/section>\n\t\t\t\t<section class=\"elementor-section elementor-top-section elementor-element elementor-element-7943e375 elementor-section-boxed elementor-section-height-default elementor-section-height-default\" data-id=\"7943e375\" data-element_type=\"section\" data-e-type=\"section\">\n\t\t\t\t\t\t<div class=\"elementor-container elementor-column-gap-default\">\n\t\t\t\t\t<div class=\"elementor-column elementor-col-50 elementor-top-column elementor-element elementor-element-6f53155f\" data-id=\"6f53155f\" data-element_type=\"column\" data-e-type=\"column\">\n\t\t\t<div class=\"elementor-widget-wrap elementor-element-populated\">\n\t\t\t\t\t\t<div class=\"elementor-element elementor-element-4c1ad585 elementor-widget elementor-widget-heading\" data-id=\"4c1ad585\" data-element_type=\"widget\" data-e-type=\"widget\" data-widget_type=\"heading.default\">\n\t\t\t\t<div class=\"elementor-widget-container\">\n\t\t\t\t\t<h2 class=\"elementor-heading-title elementor-size-default\">Horarios de visita del museo<\/h2>\t\t\t\t<\/div>\n\t\t\t\t<\/div>\n\t\t\t\t<div class=\"elementor-element elementor-element-b3ab0eb elementor-widget elementor-widget-text-editor\" data-id=\"b3ab0eb\" data-element_type=\"widget\" data-e-type=\"widget\" data-widget_type=\"text-editor.default\">\n\t\t\t\t<div class=\"elementor-widget-container\">\n\t\t\t\t\t\t\t\t\t<p><em><strong>Horario habitual:<\/strong><\/em><\/p><p>De mi\u00e9rcoles a viernes, de 10 a 14h<br \/>S\u00e1bados, domingos y festivos, de 10 a 14 h y de 16 a 18:30 h.<\/p><p><em><strong>Horario de Semana Santa, julio, agosto y Navidad:<\/strong><br \/><\/em>De mi\u00e9rcoles a domingo: de 10 a 14 h y de 16 a 18:30 h.<\/p><p><em><strong>Cerrado el 25 y 26 de diciembre, 1 y 6 de enero.<\/strong><\/em><\/p><p><strong><em>Horario de atenci\u00f3n telef\u00f3nica en reservas:<\/em><\/strong><br \/>De mi\u00e9rcoles a domingo, de 10h a 14h<\/p><p><strong><em>Horario de los pases:<\/em><\/strong><br \/>Ma\u00f1anas, 10-11:15h; 11:15h-12.30h; 12.30h-13:45h.<br \/>Tardes, 16-17:15h; 17:15h-18:30h<\/p><p>Visitas concertadas, todo el a\u00f1o, en el tel\u00e9fono 662 418 676.<\/p>\t\t\t\t\t\t\t\t<\/div>\n\t\t\t\t<\/div>\n\t\t\t\t<div class=\"elementor-element elementor-element-a1294f4 elementor-widget-divider--view-line elementor-widget elementor-widget-divider\" data-id=\"a1294f4\" data-element_type=\"widget\" data-e-type=\"widget\" data-widget_type=\"divider.default\">\n\t\t\t\t<div class=\"elementor-widget-container\">\n\t\t\t\t\t\t\t<div class=\"elementor-divider\">\n\t\t\t<span class=\"elementor-divider-separator\">\n\t\t\t\t\t\t<\/span>\n\t\t<\/div>\n\t\t\t\t\t\t<\/div>\n\t\t\t\t<\/div>\n\t\t\t\t<div class=\"elementor-element elementor-element-0020273 elementor-widget elementor-widget-heading\" data-id=\"0020273\" data-element_type=\"widget\" data-e-type=\"widget\" data-widget_type=\"heading.default\">\n\t\t\t\t<div class=\"elementor-widget-container\">\n\t\t\t\t\t<h2 class=\"elementor-heading-title elementor-size-default\">Tarifas del museo<\/h2>\t\t\t\t<\/div>\n\t\t\t\t<\/div>\n\t\t\t\t<div class=\"elementor-element elementor-element-dca5df1 elementor-widget elementor-widget-text-editor\" data-id=\"dca5df1\" data-element_type=\"widget\" data-e-type=\"widget\" data-widget_type=\"text-editor.default\">\n\t\t\t\t<div class=\"elementor-widget-container\">\n\t\t\t\t\t\t\t\t\t<p><strong>VISITA:<\/strong><br \/><strong>En todos los casos es indispensable la reserva previa.<\/strong><\/p><p><strong>La entrada al Museu Rom\u00e0 ser\u00e1 gratis el primer domingo de cada mes. \u00a0<br \/><\/strong><\/p><p>Para la resta de d\u00edas las tarifas son:<\/p><table width=\"493\"><tbody><tr><td width=\"230\"><p><strong>Museu Rom\u00e0<\/strong><br \/><strong>de Premi\u00e0 de Mar<\/strong><\/p><\/td><td width=\"72\"><p><strong><em>individual<\/em><\/strong><\/p><\/td><td width=\"76\"><p><strong><em>grupos<\/em><\/strong><\/p><\/td><td width=\"113\"><p><strong><em>Entrada combinada con el<br \/>Museu de\u00a0 l&#8217;Estampaci\u00f3<\/em><\/strong><\/p><\/td><\/tr><tr><td width=\"230\"><p>Entrada<\/p><\/td><td width=\"72\"><p>7 \u20ac<\/p><\/td><td width=\"76\"><p>6 \u20ac<\/p><\/td><td width=\"113\"><p>9 \u20ac<\/p><\/td><\/tr><tr><td width=\"230\"><p>Entrada reducida<\/p><\/td><td width=\"72\"><p>4 \u20ac<\/p><\/td><td width=\"76\"><p>3 \u20ac<\/p><\/td><td width=\"113\"><p>5 \u20ac<\/p><\/td><\/tr><tr><td width=\"230\"><p>Entrada y visita guiada<\/p><\/td><td width=\"72\"><p>8 \u20ac<\/p><\/td><td width=\"76\"><p>7 \u20ac<\/p><\/td><td width=\"113\"><p>10 \u20ac<\/p><\/td><\/tr><tr><td width=\"230\"><p>Entrada y visita guiada reducida<\/p><\/td><td width=\"72\"><p>4 \u20ac<\/p><\/td><td width=\"76\"><p>3,5 \u20ac<\/p><\/td><td width=\"113\"><p>5 \u20ac<\/p><\/td><\/tr><tr><td width=\"230\"><p>Talleres escolares<\/p><\/td><td width=\"72\">\u00a0<\/td><td width=\"76\"><p>4 \u20ac<\/p><\/td><td width=\"113\">\u00a0<\/td><\/tr><tr><td width=\"230\"><p>Talleres familiares<\/p><\/td><td width=\"72\"><p>2 \u20ac<\/p><\/td><td width=\"76\">\u00a0<\/td><td width=\"113\">\u00a0<\/td><\/tr><tr><td width=\"230\"><p>Visita t\u00e9cnica<\/p><\/td><td width=\"72\"><p>10 \u20ac<\/p><\/td><td width=\"76\"><p>7 \u20ac<\/p><\/td><td width=\"113\"><p>15 \u20ac<\/p><\/td><\/tr><tr><td width=\"230\"><p>Evento cultural<\/p><\/td><td width=\"72\"><p>10 \u20ac<\/p><\/td><td width=\"76\">\u00a0<\/td><td width=\"113\">\u00a0<\/td><\/tr><tr><td width=\"230\"><p>Visita teatralizada<\/p><\/td><td width=\"72\"><p>10 \u20ac<\/p><\/td><td width=\"76\">\u00a0<\/td><td width=\"113\">\u00a0<\/td><\/tr><\/tbody><\/table><p><strong>\u00a0<\/strong><\/p><p><strong>TALLERES:<\/strong><br \/>Pendientes de ofrecerlos cuando el espacio de talleres est\u00e9 acabado.<\/p><p><em>Tanto las visitas guiadas como los talleres son de una hora de duraci\u00f3n.<\/em><\/p>\t\t\t\t\t\t\t\t<\/div>\n\t\t\t\t<\/div>\n\t\t\t\t<div class=\"elementor-element elementor-element-0dd2edf elementor-widget-divider--view-line elementor-widget elementor-widget-divider\" data-id=\"0dd2edf\" data-element_type=\"widget\" data-e-type=\"widget\" data-widget_type=\"divider.default\">\n\t\t\t\t<div class=\"elementor-widget-container\">\n\t\t\t\t\t\t\t<div class=\"elementor-divider\">\n\t\t\t<span class=\"elementor-divider-separator\">\n\t\t\t\t\t\t<\/span>\n\t\t<\/div>\n\t\t\t\t\t\t<\/div>\n\t\t\t\t<\/div>\n\t\t\t\t<div class=\"elementor-element elementor-element-1e9bac2 elementor-widget elementor-widget-heading\" data-id=\"1e9bac2\" data-element_type=\"widget\" data-e-type=\"widget\" data-widget_type=\"heading.default\">\n\t\t\t\t<div class=\"elementor-widget-container\">\n\t\t\t\t\t<h2 class=\"elementor-heading-title elementor-size-default\">Reserva de entradas<\/h2>\t\t\t\t<\/div>\n\t\t\t\t<\/div>\n\t\t\t\t<div class=\"elementor-element elementor-element-0375f85 elementor-widget elementor-widget-text-editor\" data-id=\"0375f85\" data-element_type=\"widget\" data-e-type=\"widget\" data-widget_type=\"text-editor.default\">\n\t\t\t\t<div class=\"elementor-widget-container\">\n\t\t\t\t\t\t\t\t\t<p><strong>Aqu\u00ed pod\u00e9is hacer las reservas de entradas para las visitas al Museu Rom\u00e0 de Premi\u00e0 de Mar:<\/strong><\/p>\t\t\t\t\t\t\t\t<\/div>\n\t\t\t\t<\/div>\n\t\t\t\t<div class=\"elementor-element elementor-element-9d9716f elementor-align-left elementor-widget__width-inherit elementor-invisible elementor-widget elementor-widget-global elementor-global-5107 elementor-widget-button\" data-id=\"9d9716f\" data-element_type=\"widget\" data-e-type=\"widget\" data-settings=\"{&quot;_animation&quot;:&quot;fadeInUp&quot;}\" data-widget_type=\"button.default\">\n\t\t\t\t<div class=\"elementor-widget-container\">\n\t\t\t\t\t\t\t\t\t<div class=\"elementor-button-wrapper\">\n\t\t\t\t\t<a class=\"elementor-button elementor-button-link elementor-size-lg\" href=\"https:\/\/museuroma.loriun.com\/\">\n\t\t\t\t\t\t<span class=\"elementor-button-content-wrapper\">\n\t\t\t\t\t\t<span class=\"elementor-button-icon\">\n\t\t\t\t<svg aria-hidden=\"true\" class=\"e-font-icon-svg e-fas-ticket-alt\" viewBox=\"0 0 576 512\" xmlns=\"http:\/\/www.w3.org\/2000\/svg\"><path d=\"M128 160h320v192H128V160zm400 96c0 26.51 21.49 48 48 48v96c0 26.51-21.49 48-48 48H48c-26.51 0-48-21.49-48-48v-96c26.51 0 48-21.49 48-48s-21.49-48-48-48v-96c0-26.51 21.49-48 48-48h480c26.51 0 48 21.49 48 48v96c-26.51 0-48 21.49-48 48zm-48-104c0-13.255-10.745-24-24-24H120c-13.255 0-24 10.745-24 24v208c0 13.255 10.745 24 24 24h336c13.255 0 24-10.745 24-24V152z\"><\/path><\/svg>\t\t\t<\/span>\n\t\t\t\t\t\t\t\t\t<span class=\"elementor-button-text\">RESERVA<\/span>\n\t\t\t\t\t<\/span>\n\t\t\t\t\t<\/a>\n\t\t\t\t<\/div>\n\t\t\t\t\t\t\t\t<\/div>\n\t\t\t\t<\/div>\n\t\t\t\t\t<\/div>\n\t\t<\/div>\n\t\t\t\t<div class=\"elementor-column elementor-col-50 elementor-top-column elementor-element elementor-element-2850d8e\" data-id=\"2850d8e\" data-element_type=\"column\" data-e-type=\"column\">\n\t\t\t<div class=\"elementor-widget-wrap elementor-element-populated\">\n\t\t\t\t\t\t<div class=\"elementor-element elementor-element-5ee15138 animated-slow elementor-invisible elementor-widget elementor-widget-image\" data-id=\"5ee15138\" data-element_type=\"widget\" data-e-type=\"widget\" data-settings=\"{&quot;_animation&quot;:&quot;fadeIn&quot;,&quot;_animation_delay&quot;:1000}\" data-widget_type=\"image.default\">\n\t\t\t\t<div class=\"elementor-widget-container\">\n\t\t\t\t\t\t\t\t\t\t\t\t\t\t\t\t<a href=\"https:\/\/museuroma.pdm.cat\/wp-content\/uploads\/2023\/03\/visita-2.jpeg\" data-elementor-open-lightbox=\"yes\" data-elementor-lightbox-title=\"visita 2\" data-e-action-hash=\"#elementor-action%3Aaction%3Dlightbox%26settings%3DeyJpZCI6NDU0OCwidXJsIjoiaHR0cHM6XC9cL211c2V1cm9tYS5wZG0uY2F0XC93cC1jb250ZW50XC91cGxvYWRzXC8yMDIzXC8wM1wvdmlzaXRhLTIuanBlZyJ9\">\n\t\t\t\t\t\t\t<img decoding=\"async\" width=\"1024\" height=\"768\" src=\"https:\/\/museuroma.pdm.cat\/wp-content\/uploads\/2023\/03\/visita-2.jpeg\" class=\"attachment-large size-large wp-image-4548\" alt=\"\" srcset=\"https:\/\/museuroma.pdm.cat\/wp-content\/uploads\/2023\/03\/visita-2.jpeg 1024w, https:\/\/museuroma.pdm.cat\/wp-content\/uploads\/2023\/03\/visita-2-300x225.jpeg 300w, https:\/\/museuroma.pdm.cat\/wp-content\/uploads\/2023\/03\/visita-2-768x576.jpeg 768w\" sizes=\"(max-width: 1024px) 100vw, 1024px\" \/>\t\t\t\t\t\t\t\t<\/a>\n\t\t\t\t\t\t\t\t\t\t\t\t\t\t\t<\/div>\n\t\t\t\t<\/div>\n\t\t\t\t<div class=\"elementor-element elementor-element-472ad0dc animated-slow elementor-invisible elementor-widget elementor-widget-image\" data-id=\"472ad0dc\" data-element_type=\"widget\" data-e-type=\"widget\" data-settings=\"{&quot;_animation&quot;:&quot;fadeIn&quot;}\" data-widget_type=\"image.default\">\n\t\t\t\t<div class=\"elementor-widget-container\">\n\t\t\t\t\t\t\t\t\t\t\t\t\t\t\t\t<a href=\"https:\/\/museuroma.pdm.cat\/wp-content\/uploads\/2023\/03\/visita-3-scaled.jpg\" data-elementor-open-lightbox=\"yes\" data-elementor-lightbox-title=\"visita 3\" data-e-action-hash=\"#elementor-action%3Aaction%3Dlightbox%26settings%3DeyJpZCI6NDU1MCwidXJsIjoiaHR0cHM6XC9cL211c2V1cm9tYS5wZG0uY2F0XC93cC1jb250ZW50XC91cGxvYWRzXC8yMDIzXC8wM1wvdmlzaXRhLTMtc2NhbGVkLmpwZyJ9\">\n\t\t\t\t\t\t\t<img decoding=\"async\" width=\"1536\" height=\"1152\" src=\"https:\/\/museuroma.pdm.cat\/wp-content\/uploads\/2023\/03\/visita-3-1536x1152.jpg\" class=\"attachment-1536x1536 size-1536x1536 wp-image-4550\" alt=\"\" srcset=\"https:\/\/museuroma.pdm.cat\/wp-content\/uploads\/2023\/03\/visita-3-1536x1152.jpg 1536w, https:\/\/museuroma.pdm.cat\/wp-content\/uploads\/2023\/03\/visita-3-300x225.jpg 300w, https:\/\/museuroma.pdm.cat\/wp-content\/uploads\/2023\/03\/visita-3-1024x768.jpg 1024w, https:\/\/museuroma.pdm.cat\/wp-content\/uploads\/2023\/03\/visita-3-768x576.jpg 768w, https:\/\/museuroma.pdm.cat\/wp-content\/uploads\/2023\/03\/visita-3-2048x1536.jpg 2048w\" sizes=\"(max-width: 1536px) 100vw, 1536px\" \/>\t\t\t\t\t\t\t\t<\/a>\n\t\t\t\t\t\t\t\t\t\t\t\t\t\t\t<\/div>\n\t\t\t\t<\/div>\n\t\t\t\t<div class=\"elementor-element elementor-element-b3e6bc2 animated-slow elementor-invisible elementor-widget elementor-widget-image\" data-id=\"b3e6bc2\" data-element_type=\"widget\" data-e-type=\"widget\" data-settings=\"{&quot;_animation&quot;:&quot;fadeIn&quot;}\" data-widget_type=\"image.default\">\n\t\t\t\t<div class=\"elementor-widget-container\">\n\t\t\t\t\t\t\t\t\t\t\t\t\t\t\t\t<a href=\"https:\/\/museuroma.pdm.cat\/wp-content\/uploads\/2023\/03\/visita-0.jpg\" data-elementor-open-lightbox=\"yes\" data-elementor-lightbox-title=\"visita 0\" data-e-action-hash=\"#elementor-action%3Aaction%3Dlightbox%26settings%3DeyJpZCI6NDU2OCwidXJsIjoiaHR0cHM6XC9cL211c2V1cm9tYS5wZG0uY2F0XC93cC1jb250ZW50XC91cGxvYWRzXC8yMDIzXC8wM1wvdmlzaXRhLTAuanBnIn0%3D\">\n\t\t\t\t\t\t\t<img loading=\"lazy\" decoding=\"async\" width=\"576\" height=\"532\" src=\"https:\/\/museuroma.pdm.cat\/wp-content\/uploads\/2023\/03\/visita-0.jpg\" class=\"attachment-large size-large wp-image-4568\" alt=\"\" srcset=\"https:\/\/museuroma.pdm.cat\/wp-content\/uploads\/2023\/03\/visita-0.jpg 576w, https:\/\/museuroma.pdm.cat\/wp-content\/uploads\/2023\/03\/visita-0-300x277.jpg 300w\" sizes=\"(max-width: 576px) 100vw, 576px\" \/>\t\t\t\t\t\t\t\t<\/a>\n\t\t\t\t\t\t\t\t\t\t\t\t\t\t\t<\/div>\n\t\t\t\t<\/div>\n\t\t\t\t\t<\/div>\n\t\t<\/div>\n\t\t\t\t\t<\/div>\n\t\t<\/section>\n\t\t\t\t<\/div>\n\t\t","protected":false},"excerpt":{"rendered":"<p>Horarios de visita del museo Horario habitual: De mi\u00e9rcoles a viernes, de 10 a 14hS\u00e1bados, domingos y festivos, de 10 a 14 h y de 16 a 18:30 h. Horario de Semana Santa, julio, agosto y Navidad:De mi\u00e9rcoles a domingo: de 10 a 14 h y de 16 a 18:30 h. Cerrado el 25 y &#8230; <a title=\"Horarios, tarifas y entradas\" class=\"read-more\" href=\"https:\/\/museuroma.pdm.cat\/es\/horarios-y-tarifas\/\" aria-label=\"Leer m\u00e1s sobre Horarios, tarifas y entradas\">Leer m\u00e1s<\/a><\/p>\n","protected":false},"author":2,"featured_media":0,"parent":0,"menu_order":0,"comment_status":"closed","ping_status":"closed","template":"elementor_header_footer","meta":{"footnotes":""},"class_list":["post-4250","page","type-page","status-publish"],"_links":{"self":[{"href":"https:\/\/museuroma.pdm.cat\/es\/wp-json\/wp\/v2\/pages\/4250","targetHints":{"allow":["GET"]}}],"collection":[{"href":"https:\/\/museuroma.pdm.cat\/es\/wp-json\/wp\/v2\/pages"}],"about":[{"href":"https:\/\/museuroma.pdm.cat\/es\/wp-json\/wp\/v2\/types\/page"}],"author":[{"embeddable":true,"href":"https:\/\/museuroma.pdm.cat\/es\/wp-json\/wp\/v2\/users\/2"}],"replies":[{"embeddable":true,"href":"https:\/\/museuroma.pdm.cat\/es\/wp-json\/wp\/v2\/comments?post=4250"}],"version-history":[{"count":41,"href":"https:\/\/museuroma.pdm.cat\/es\/wp-json\/wp\/v2\/pages\/4250\/revisions"}],"predecessor-version":[{"id":5497,"href":"https:\/\/museuroma.pdm.cat\/es\/wp-json\/wp\/v2\/pages\/4250\/revisions\/5497"}],"wp:attachment":[{"href":"https:\/\/museuroma.pdm.cat\/es\/wp-json\/wp\/v2\/media?parent=4250"}],"curies":[{"name":"wp","href":"https:\/\/api.w.org\/{rel}","templated":true}]}}