{"id":4248,"date":"2022-12-20T18:11:26","date_gmt":"2022-12-20T16:11:26","guid":{"rendered":"https:\/\/romamuseu.pdm.cat\/?page_id=4248"},"modified":"2022-12-27T12:18:53","modified_gmt":"2022-12-27T10:18:53","slug":"historia-del-museo","status":"publish","type":"page","link":"https:\/\/museuroma.pdm.cat\/es\/historia-del-museo\/","title":{"rendered":"Historia del museo"},"content":{"rendered":"\t\t<div data-elementor-type=\"wp-page\" data-elementor-id=\"4248\" class=\"elementor elementor-4248 elementor-83\" data-elementor-post-type=\"page\">\n\t\t\t\t\t\t<section class=\"elementor-section elementor-top-section elementor-element elementor-element-0c3b7ff elementor-section-height-min-height elementor-section-items-bottom elementor-section-boxed elementor-section-height-default elementor-invisible\" data-id=\"0c3b7ff\" data-element_type=\"section\" data-e-type=\"section\" data-settings=\"{&quot;background_background&quot;:&quot;classic&quot;,&quot;animation&quot;:&quot;fadeInDown&quot;}\">\n\t\t\t\t\t\t<div class=\"elementor-container elementor-column-gap-default\">\n\t\t\t\t\t<div class=\"elementor-column elementor-col-100 elementor-top-column elementor-element elementor-element-5236ea1\" data-id=\"5236ea1\" data-element_type=\"column\" data-e-type=\"column\">\n\t\t\t<div class=\"elementor-widget-wrap elementor-element-populated\">\n\t\t\t\t\t\t\t<\/div>\n\t\t<\/div>\n\t\t\t\t\t<\/div>\n\t\t<\/section>\n\t\t\t\t<section class=\"elementor-section elementor-top-section elementor-element elementor-element-0590edb elementor-section-boxed elementor-section-height-default elementor-section-height-default\" data-id=\"0590edb\" data-element_type=\"section\" data-e-type=\"section\">\n\t\t\t\t\t\t<div class=\"elementor-container elementor-column-gap-default\">\n\t\t\t\t\t<div class=\"elementor-column elementor-col-100 elementor-top-column elementor-element elementor-element-71d6365\" data-id=\"71d6365\" data-element_type=\"column\" data-e-type=\"column\">\n\t\t\t<div class=\"elementor-widget-wrap elementor-element-populated\">\n\t\t\t\t\t\t<div class=\"elementor-element elementor-element-1e47d4d elementor-invisible elementor-widget elementor-widget-image\" data-id=\"1e47d4d\" data-element_type=\"widget\" data-e-type=\"widget\" data-settings=\"{&quot;_animation&quot;:&quot;zoomIn&quot;,&quot;_animation_delay&quot;:1000}\" data-widget_type=\"image.default\">\n\t\t\t\t<div class=\"elementor-widget-container\">\n\t\t\t\t\t\t\t\t\t\t\t\t\t\t\t<img fetchpriority=\"high\" decoding=\"async\" width=\"236\" height=\"236\" src=\"https:\/\/museuroma.pdm.cat\/wp-content\/uploads\/2022\/12\/r1.png\" class=\"attachment-full size-full wp-image-3842\" alt=\"\" srcset=\"https:\/\/museuroma.pdm.cat\/wp-content\/uploads\/2022\/12\/r1.png 236w, https:\/\/museuroma.pdm.cat\/wp-content\/uploads\/2022\/12\/r1-150x150.png 150w\" sizes=\"(max-width: 236px) 100vw, 236px\" \/>\t\t\t\t\t\t\t\t\t\t\t\t\t\t\t<\/div>\n\t\t\t\t<\/div>\n\t\t\t\t\t<\/div>\n\t\t<\/div>\n\t\t\t\t\t<\/div>\n\t\t<\/section>\n\t\t\t\t<section class=\"elementor-section elementor-top-section elementor-element elementor-element-5e53d46 elementor-section-boxed elementor-section-height-default elementor-section-height-default\" data-id=\"5e53d46\" data-element_type=\"section\" data-e-type=\"section\">\n\t\t\t\t\t\t<div class=\"elementor-container elementor-column-gap-default\">\n\t\t\t\t\t<div class=\"elementor-column elementor-col-50 elementor-top-column elementor-element elementor-element-db5893f\" data-id=\"db5893f\" data-element_type=\"column\" data-e-type=\"column\">\n\t\t\t<div class=\"elementor-widget-wrap elementor-element-populated\">\n\t\t\t\t\t\t<div class=\"elementor-element elementor-element-83cfae4 elementor-widget elementor-widget-text-editor\" data-id=\"83cfae4\" data-element_type=\"widget\" data-e-type=\"widget\" data-widget_type=\"text-editor.default\">\n\t\t\t\t<div class=\"elementor-widget-container\">\n\t\t\t\t\t\t\t\t\t<p>En 1969, a la altura del actual n\u00famero 231 de la Gran Via de Llu\u00eds Companys se descubr\u00eda un espectacular mosaico perteneciente a la parte noble de una villa romana. El promotor de las obras, Enric Bardina, dio aviso al entonces Museo Arqueol\u00f3gico de Barcelona, que realiz\u00f3 una intervenci\u00f3n arqueol\u00f3gica.<\/p><p>Tras muchas destrucciones de restos arqueol\u00f3gicos, propiciados por promotores de obras que no tuvieron la sensibilidad del sr. Bardina, entre finales de 1999 e inicios de 2000 la construcci\u00f3n de unos colectores en la calle Mn. Jacint Verdaguer demostraba que todav\u00eda quedaban restos del asentamiento romano, y en noviembre del a\u00f1o 2000 se descubr\u00eda el edificio octogonal de Can Ferrerons, que tras varias intervenciones arqueol\u00f3gicas abr\u00eda sus puertas a la visita p\u00fablica como yacimiento visitable con en nombre de Museu Rom\u00e0 de Premi\u00e0 de Mar (2015).<\/p><p>En 2002 una intervenci\u00f3n arqueol\u00f3gica en la pl. Dr. Ferran sacaba a la luz otra parte de la villa romana, la de la alfarer\u00eda, que result\u00f3 ser la m\u00e1s antigua de todas ya que se remonta a inicios del siglo I aC. De esta forma sabemos que esta propiedad romana fue relativamente grande, con una extensi\u00f3n de 5,5 ha, y una cronolog\u00eda que va desde el 75 aC hasta el siglo VII dC, es decir, se trata de un espacio ocupado durante casi 700 a\u00f1os.<\/p><p>A partir del a\u00f1o 2017, y con la ayuda de subvenciones como las de los Fondos Europeos para el Desarrollo Regional (FEDER) y del Pla de Barris, se ha podido excavar lo que restaba del edificio y museizar los restos. La investigaci\u00f3n arqueol\u00f3gica llevada a cabo a partir del estudio de los restos exhumados ha permitido averiguar una serie de elementos y hechos originales que la persona visitante podr\u00e1 captar durante su visita a este singular edificio, levantado durante la Antig\u00fcedad Tardana, a principios del siglo V dC.<\/p>\t\t\t\t\t\t\t\t<\/div>\n\t\t\t\t<\/div>\n\t\t\t\t\t<\/div>\n\t\t<\/div>\n\t\t\t\t<div class=\"elementor-column elementor-col-50 elementor-top-column elementor-element elementor-element-262d854\" data-id=\"262d854\" data-element_type=\"column\" data-e-type=\"column\">\n\t\t\t<div class=\"elementor-widget-wrap elementor-element-populated\">\n\t\t\t\t\t\t<div class=\"elementor-element elementor-element-d8d9a7c animated-slow elementor-invisible elementor-widget elementor-widget-image\" data-id=\"d8d9a7c\" data-element_type=\"widget\" data-e-type=\"widget\" data-settings=\"{&quot;_animation&quot;:&quot;fadeIn&quot;,&quot;_animation_delay&quot;:1000}\" data-widget_type=\"image.default\">\n\t\t\t\t<div class=\"elementor-widget-container\">\n\t\t\t\t\t\t\t\t\t\t\t\t\t\t\t\t<a href=\"https:\/\/museuroma.pdm.cat\/wp-content\/uploads\/2022\/12\/Obres-a-la-Gran-Via-1969.jpg\" data-elementor-open-lightbox=\"yes\" data-elementor-lightbox-title=\"Obres-a-la-Gran-Via-1969\" data-e-action-hash=\"#elementor-action%3Aaction%3Dlightbox%26settings%3DeyJpZCI6MzcxOCwidXJsIjoiaHR0cHM6XC9cL211c2V1cm9tYS5wZG0uY2F0XC93cC1jb250ZW50XC91cGxvYWRzXC8yMDIyXC8xMlwvT2JyZXMtYS1sYS1HcmFuLVZpYS0xOTY5LmpwZyJ9\">\n\t\t\t\t\t\t\t<img decoding=\"async\" width=\"1024\" height=\"676\" src=\"https:\/\/museuroma.pdm.cat\/wp-content\/uploads\/2022\/12\/Obres-a-la-Gran-Via-1969-1024x676.jpg\" class=\"attachment-large size-large wp-image-3718\" alt=\"\" srcset=\"https:\/\/museuroma.pdm.cat\/wp-content\/uploads\/2022\/12\/Obres-a-la-Gran-Via-1969-1024x676.jpg 1024w, https:\/\/museuroma.pdm.cat\/wp-content\/uploads\/2022\/12\/Obres-a-la-Gran-Via-1969-300x198.jpg 300w, https:\/\/museuroma.pdm.cat\/wp-content\/uploads\/2022\/12\/Obres-a-la-Gran-Via-1969-768x507.jpg 768w, https:\/\/museuroma.pdm.cat\/wp-content\/uploads\/2022\/12\/Obres-a-la-Gran-Via-1969.jpg 1500w\" sizes=\"(max-width: 1024px) 100vw, 1024px\" \/>\t\t\t\t\t\t\t\t<\/a>\n\t\t\t\t\t\t\t\t\t\t\t\t\t\t\t<\/div>\n\t\t\t\t<\/div>\n\t\t\t\t<div class=\"elementor-element elementor-element-171e2c3 animated-slow elementor-invisible elementor-widget elementor-widget-image\" data-id=\"171e2c3\" data-element_type=\"widget\" data-e-type=\"widget\" data-settings=\"{&quot;_animation&quot;:&quot;fadeIn&quot;}\" data-widget_type=\"image.default\">\n\t\t\t\t<div class=\"elementor-widget-container\">\n\t\t\t\t\t\t\t\t\t\t\t\t\t\t\t\t<a href=\"https:\/\/museuroma.pdm.cat\/wp-content\/uploads\/2022\/12\/Descoberta-de-les-restes-de-la-Gran-Via.jpg\" data-elementor-open-lightbox=\"yes\" data-elementor-lightbox-title=\"Descoberta-de-les-restes-de-la-Gran-Via\" data-e-action-hash=\"#elementor-action%3Aaction%3Dlightbox%26settings%3DeyJpZCI6MzcyMCwidXJsIjoiaHR0cHM6XC9cL211c2V1cm9tYS5wZG0uY2F0XC93cC1jb250ZW50XC91cGxvYWRzXC8yMDIyXC8xMlwvRGVzY29iZXJ0YS1kZS1sZXMtcmVzdGVzLWRlLWxhLUdyYW4tVmlhLmpwZyJ9\">\n\t\t\t\t\t\t\t<img decoding=\"async\" width=\"1024\" height=\"674\" src=\"https:\/\/museuroma.pdm.cat\/wp-content\/uploads\/2022\/12\/Descoberta-de-les-restes-de-la-Gran-Via-1024x674.jpg\" class=\"attachment-large size-large wp-image-3720\" alt=\"\" srcset=\"https:\/\/museuroma.pdm.cat\/wp-content\/uploads\/2022\/12\/Descoberta-de-les-restes-de-la-Gran-Via-1024x674.jpg 1024w, https:\/\/museuroma.pdm.cat\/wp-content\/uploads\/2022\/12\/Descoberta-de-les-restes-de-la-Gran-Via-300x198.jpg 300w, https:\/\/museuroma.pdm.cat\/wp-content\/uploads\/2022\/12\/Descoberta-de-les-restes-de-la-Gran-Via-768x506.jpg 768w, https:\/\/museuroma.pdm.cat\/wp-content\/uploads\/2022\/12\/Descoberta-de-les-restes-de-la-Gran-Via.jpg 1500w\" sizes=\"(max-width: 1024px) 100vw, 1024px\" \/>\t\t\t\t\t\t\t\t<\/a>\n\t\t\t\t\t\t\t\t\t\t\t\t\t\t\t<\/div>\n\t\t\t\t<\/div>\n\t\t\t\t\t<\/div>\n\t\t<\/div>\n\t\t\t\t\t<\/div>\n\t\t<\/section>\n\t\t\t\t<section class=\"elementor-section elementor-top-section elementor-element elementor-element-ee00da9 elementor-section-boxed elementor-section-height-default elementor-section-height-default\" data-id=\"ee00da9\" data-element_type=\"section\" data-e-type=\"section\">\n\t\t\t\t\t\t<div class=\"elementor-container elementor-column-gap-default\">\n\t\t\t\t\t<div class=\"elementor-column elementor-col-100 elementor-top-column elementor-element elementor-element-03dd9cf\" data-id=\"03dd9cf\" data-element_type=\"column\" data-e-type=\"column\">\n\t\t\t<div class=\"elementor-widget-wrap elementor-element-populated\">\n\t\t\t\t\t\t<div class=\"elementor-element elementor-element-aba45c4 elementor-widget elementor-widget-gallery\" data-id=\"aba45c4\" data-element_type=\"widget\" data-e-type=\"widget\" data-settings=\"{&quot;gallery_layout&quot;:&quot;masonry&quot;,&quot;columns&quot;:3,&quot;gap&quot;:{&quot;unit&quot;:&quot;px&quot;,&quot;size&quot;:15,&quot;sizes&quot;:[]},&quot;lazyload&quot;:&quot;yes&quot;,&quot;columns_tablet&quot;:2,&quot;columns_mobile&quot;:1,&quot;gap_tablet&quot;:{&quot;unit&quot;:&quot;px&quot;,&quot;size&quot;:10,&quot;sizes&quot;:[]},&quot;gap_mobile&quot;:{&quot;unit&quot;:&quot;px&quot;,&quot;size&quot;:10,&quot;sizes&quot;:[]},&quot;link_to&quot;:&quot;file&quot;,&quot;overlay_background&quot;:&quot;yes&quot;,&quot;content_hover_animation&quot;:&quot;fade-in&quot;}\" data-widget_type=\"gallery.default\">\n\t\t\t\t<div class=\"elementor-widget-container\">\n\t\t\t\t\t\t\t<div class=\"elementor-gallery__container\">\n\t\t\t\t\t\t\t<a class=\"e-gallery-item elementor-gallery-item elementor-animated-content\" href=\"https:\/\/museuroma.pdm.cat\/wp-content\/uploads\/2022\/12\/Mosaic-de-la-gran-via.jpg\" data-elementor-open-lightbox=\"yes\" data-elementor-lightbox-slideshow=\"aba45c4\" data-elementor-lightbox-title=\"Mosaic-de-la-gran-via\" data-e-action-hash=\"#elementor-action%3Aaction%3Dlightbox%26settings%3DeyJpZCI6MzcyMiwidXJsIjoiaHR0cHM6XC9cL211c2V1cm9tYS5wZG0uY2F0XC93cC1jb250ZW50XC91cGxvYWRzXC8yMDIyXC8xMlwvTW9zYWljLWRlLWxhLWdyYW4tdmlhLmpwZyIsInNsaWRlc2hvdyI6ImFiYTQ1YzQifQ%3D%3D\">\n\t\t\t\t\t<div class=\"e-gallery-image elementor-gallery-item__image\" data-thumbnail=\"https:\/\/museuroma.pdm.cat\/wp-content\/uploads\/2022\/12\/Mosaic-de-la-gran-via-300x203.jpg\" data-width=\"300\" data-height=\"203\" aria-label=\"\" role=\"img\" ><\/div>\n\t\t\t\t\t\t\t\t\t\t\t<div class=\"elementor-gallery-item__overlay\"><\/div>\n\t\t\t\t\t\t\t\t\t\t\t\t\t\t<\/a>\n\t\t\t\t\t\t\t<a class=\"e-gallery-item elementor-gallery-item elementor-animated-content\" href=\"https:\/\/museuroma.pdm.cat\/wp-content\/uploads\/2022\/12\/Revisa-i-Guia.jpg\" data-elementor-open-lightbox=\"yes\" data-elementor-lightbox-slideshow=\"aba45c4\" data-elementor-lightbox-title=\"Revisa-i-Guia\" data-e-action-hash=\"#elementor-action%3Aaction%3Dlightbox%26settings%3DeyJpZCI6MzczMCwidXJsIjoiaHR0cHM6XC9cL211c2V1cm9tYS5wZG0uY2F0XC93cC1jb250ZW50XC91cGxvYWRzXC8yMDIyXC8xMlwvUmV2aXNhLWktR3VpYS5qcGciLCJzbGlkZXNob3ciOiJhYmE0NWM0In0%3D\">\n\t\t\t\t\t<div class=\"e-gallery-image elementor-gallery-item__image\" data-thumbnail=\"https:\/\/museuroma.pdm.cat\/wp-content\/uploads\/2022\/12\/Revisa-i-Guia-218x300.jpg\" data-width=\"218\" data-height=\"300\" aria-label=\"\" role=\"img\" ><\/div>\n\t\t\t\t\t\t\t\t\t\t\t<div class=\"elementor-gallery-item__overlay\"><\/div>\n\t\t\t\t\t\t\t\t\t\t\t\t\t\t<\/a>\n\t\t\t\t\t\t\t<a class=\"e-gallery-item elementor-gallery-item elementor-animated-content\" href=\"https:\/\/museuroma.pdm.cat\/wp-content\/uploads\/2022\/12\/Planta-i-alcat-del-mosaic-i-els-diposits.jpg\" data-elementor-open-lightbox=\"yes\" data-elementor-lightbox-slideshow=\"aba45c4\" data-elementor-lightbox-title=\"Planta-i-al\u00e7at-del-mosaic-i-els-diposits\" data-e-action-hash=\"#elementor-action%3Aaction%3Dlightbox%26settings%3DeyJpZCI6MzcyNCwidXJsIjoiaHR0cHM6XC9cL211c2V1cm9tYS5wZG0uY2F0XC93cC1jb250ZW50XC91cGxvYWRzXC8yMDIyXC8xMlwvUGxhbnRhLWktYWxjYXQtZGVsLW1vc2FpYy1pLWVscy1kaXBvc2l0cy5qcGciLCJzbGlkZXNob3ciOiJhYmE0NWM0In0%3D\">\n\t\t\t\t\t<div class=\"e-gallery-image elementor-gallery-item__image\" data-thumbnail=\"https:\/\/museuroma.pdm.cat\/wp-content\/uploads\/2022\/12\/Planta-i-alcat-del-mosaic-i-els-diposits-220x300.jpg\" data-width=\"220\" data-height=\"300\" aria-label=\"\" role=\"img\" ><\/div>\n\t\t\t\t\t\t\t\t\t\t\t<div class=\"elementor-gallery-item__overlay\"><\/div>\n\t\t\t\t\t\t\t\t\t\t\t\t\t\t<\/a>\n\t\t\t\t\t\t\t<a class=\"e-gallery-item elementor-gallery-item elementor-animated-content\" href=\"https:\/\/museuroma.pdm.cat\/wp-content\/uploads\/2022\/12\/Collectors-sota-el-mosaic.jpg\" data-elementor-open-lightbox=\"yes\" data-elementor-lightbox-slideshow=\"aba45c4\" data-elementor-lightbox-title=\"Collectors-sota-el-mosaic\" data-e-action-hash=\"#elementor-action%3Aaction%3Dlightbox%26settings%3DeyJpZCI6MzczNCwidXJsIjoiaHR0cHM6XC9cL211c2V1cm9tYS5wZG0uY2F0XC93cC1jb250ZW50XC91cGxvYWRzXC8yMDIyXC8xMlwvQ29sbGVjdG9ycy1zb3RhLWVsLW1vc2FpYy5qcGciLCJzbGlkZXNob3ciOiJhYmE0NWM0In0%3D\">\n\t\t\t\t\t<div class=\"e-gallery-image elementor-gallery-item__image\" data-thumbnail=\"https:\/\/museuroma.pdm.cat\/wp-content\/uploads\/2022\/12\/Collectors-sota-el-mosaic-300x226.jpg\" data-width=\"300\" data-height=\"226\" aria-label=\"\" role=\"img\" ><\/div>\n\t\t\t\t\t\t\t\t\t\t\t<div class=\"elementor-gallery-item__overlay\"><\/div>\n\t\t\t\t\t\t\t\t\t\t\t\t\t\t<\/a>\n\t\t\t\t\t\t\t<a class=\"e-gallery-item elementor-gallery-item elementor-animated-content\" href=\"https:\/\/museuroma.pdm.cat\/wp-content\/uploads\/2022\/12\/Restes-de-collectors.jpg\" data-elementor-open-lightbox=\"yes\" data-elementor-lightbox-slideshow=\"aba45c4\" data-elementor-lightbox-title=\"Restes-de-collectors\" data-e-action-hash=\"#elementor-action%3Aaction%3Dlightbox%26settings%3DeyJpZCI6MzcyOCwidXJsIjoiaHR0cHM6XC9cL211c2V1cm9tYS5wZG0uY2F0XC93cC1jb250ZW50XC91cGxvYWRzXC8yMDIyXC8xMlwvUmVzdGVzLWRlLWNvbGxlY3RvcnMuanBnIiwic2xpZGVzaG93IjoiYWJhNDVjNCJ9\">\n\t\t\t\t\t<div class=\"e-gallery-image elementor-gallery-item__image\" data-thumbnail=\"https:\/\/museuroma.pdm.cat\/wp-content\/uploads\/2022\/12\/Restes-de-collectors-300x194.jpg\" data-width=\"300\" data-height=\"194\" aria-label=\"\" role=\"img\" ><\/div>\n\t\t\t\t\t\t\t\t\t\t\t<div class=\"elementor-gallery-item__overlay\"><\/div>\n\t\t\t\t\t\t\t\t\t\t\t\t\t\t<\/a>\n\t\t\t\t\t\t\t<a class=\"e-gallery-item elementor-gallery-item elementor-animated-content\" href=\"https:\/\/museuroma.pdm.cat\/wp-content\/uploads\/2022\/12\/Primeres-restes-de-ledifici-octogonal.jpg\" data-elementor-open-lightbox=\"yes\" data-elementor-lightbox-slideshow=\"aba45c4\" data-elementor-lightbox-title=\"Primeres-restes-de-l&#039;edifici-octogonal\" data-e-action-hash=\"#elementor-action%3Aaction%3Dlightbox%26settings%3DeyJpZCI6MzcyNiwidXJsIjoiaHR0cHM6XC9cL211c2V1cm9tYS5wZG0uY2F0XC93cC1jb250ZW50XC91cGxvYWRzXC8yMDIyXC8xMlwvUHJpbWVyZXMtcmVzdGVzLWRlLWxlZGlmaWNpLW9jdG9nb25hbC5qcGciLCJzbGlkZXNob3ciOiJhYmE0NWM0In0%3D\">\n\t\t\t\t\t<div class=\"e-gallery-image elementor-gallery-item__image\" data-thumbnail=\"https:\/\/museuroma.pdm.cat\/wp-content\/uploads\/2022\/12\/Primeres-restes-de-ledifici-octogonal-300x195.jpg\" data-width=\"300\" data-height=\"195\" aria-label=\"\" role=\"img\" ><\/div>\n\t\t\t\t\t\t\t\t\t\t\t<div class=\"elementor-gallery-item__overlay\"><\/div>\n\t\t\t\t\t\t\t\t\t\t\t\t\t\t<\/a>\n\t\t\t\t\t\t\t<a class=\"e-gallery-item elementor-gallery-item elementor-animated-content\" href=\"https:\/\/museuroma.pdm.cat\/wp-content\/uploads\/2022\/12\/Area-del-Jaciment-de-Can-Ferrerons.jpg\" data-elementor-open-lightbox=\"yes\" data-elementor-lightbox-slideshow=\"aba45c4\" data-elementor-lightbox-title=\"Area-del-Jaciment-de-Can-Ferrerons\" data-e-action-hash=\"#elementor-action%3Aaction%3Dlightbox%26settings%3DeyJpZCI6MzczMiwidXJsIjoiaHR0cHM6XC9cL211c2V1cm9tYS5wZG0uY2F0XC93cC1jb250ZW50XC91cGxvYWRzXC8yMDIyXC8xMlwvQXJlYS1kZWwtSmFjaW1lbnQtZGUtQ2FuLUZlcnJlcm9ucy5qcGciLCJzbGlkZXNob3ciOiJhYmE0NWM0In0%3D\">\n\t\t\t\t\t<div class=\"e-gallery-image elementor-gallery-item__image\" data-thumbnail=\"https:\/\/museuroma.pdm.cat\/wp-content\/uploads\/2022\/12\/Area-del-Jaciment-de-Can-Ferrerons-300x234.jpg\" data-width=\"300\" data-height=\"234\" aria-label=\"\" role=\"img\" ><\/div>\n\t\t\t\t\t\t\t\t\t\t\t<div class=\"elementor-gallery-item__overlay\"><\/div>\n\t\t\t\t\t\t\t\t\t\t\t\t\t\t<\/a>\n\t\t\t\t\t<\/div>\n\t\t\t\t\t<\/div>\n\t\t\t\t<\/div>\n\t\t\t\t\t<\/div>\n\t\t<\/div>\n\t\t\t\t\t<\/div>\n\t\t<\/section>\n\t\t\t\t<section class=\"elementor-section elementor-top-section elementor-element elementor-element-8c275e1 elementor-section-boxed elementor-section-height-default elementor-section-height-default\" data-id=\"8c275e1\" data-element_type=\"section\" data-e-type=\"section\">\n\t\t\t\t\t\t<div class=\"elementor-container elementor-column-gap-default\">\n\t\t\t\t\t<div class=\"elementor-column elementor-col-50 elementor-top-column elementor-element elementor-element-a675d85\" data-id=\"a675d85\" data-element_type=\"column\" data-e-type=\"column\">\n\t\t\t<div class=\"elementor-widget-wrap elementor-element-populated\">\n\t\t\t\t\t\t<div class=\"elementor-element elementor-element-1885816 elementor-widget elementor-widget-video\" data-id=\"1885816\" data-element_type=\"widget\" data-e-type=\"widget\" data-settings=\"{&quot;youtube_url&quot;:&quot;https:\\\/\\\/youtu.be\\\/Xl9VduaFCoA&quot;,&quot;video_type&quot;:&quot;youtube&quot;,&quot;controls&quot;:&quot;yes&quot;}\" data-widget_type=\"video.default\">\n\t\t\t\t<div class=\"elementor-widget-container\">\n\t\t\t\t\t\t\t<div class=\"elementor-wrapper elementor-open-inline\">\n\t\t\t<div class=\"elementor-video\"><\/div>\t\t<\/div>\n\t\t\t\t\t\t<\/div>\n\t\t\t\t<\/div>\n\t\t\t\t\t<\/div>\n\t\t<\/div>\n\t\t\t\t<div class=\"elementor-column elementor-col-50 elementor-top-column elementor-element elementor-element-8fc338f\" data-id=\"8fc338f\" data-element_type=\"column\" data-e-type=\"column\">\n\t\t\t<div class=\"elementor-widget-wrap elementor-element-populated\">\n\t\t\t\t\t\t<div class=\"elementor-element elementor-element-aec9fc9 elementor-widget elementor-widget-image\" data-id=\"aec9fc9\" data-element_type=\"widget\" data-e-type=\"widget\" data-widget_type=\"image.default\">\n\t\t\t\t<div class=\"elementor-widget-container\">\n\t\t\t\t\t\t\t\t\t\t\t\t\t\t\t\t<a href=\"https:\/\/skfb.ly\/6zDJU\" target=\"_blank\">\n\t\t\t\t\t\t\t<img loading=\"lazy\" decoding=\"async\" width=\"968\" height=\"543\" src=\"https:\/\/museuroma.pdm.cat\/wp-content\/uploads\/2022\/12\/Octogonal-hall-of-Can-Ferrerons.png\" class=\"attachment-large size-large wp-image-4132\" alt=\"\" srcset=\"https:\/\/museuroma.pdm.cat\/wp-content\/uploads\/2022\/12\/Octogonal-hall-of-Can-Ferrerons.png 968w, https:\/\/museuroma.pdm.cat\/wp-content\/uploads\/2022\/12\/Octogonal-hall-of-Can-Ferrerons-300x168.png 300w, https:\/\/museuroma.pdm.cat\/wp-content\/uploads\/2022\/12\/Octogonal-hall-of-Can-Ferrerons-768x431.png 768w\" sizes=\"(max-width: 968px) 100vw, 968px\" \/>\t\t\t\t\t\t\t\t<\/a>\n\t\t\t\t\t\t\t\t\t\t\t\t\t\t\t<\/div>\n\t\t\t\t<\/div>\n\t\t\t\t\t<\/div>\n\t\t<\/div>\n\t\t\t\t\t<\/div>\n\t\t<\/section>\n\t\t\t\t<\/div>\n\t\t","protected":false},"excerpt":{"rendered":"<p>En 1969, a la altura del actual n\u00famero 231 de la Gran Via de Llu\u00eds Companys se descubr\u00eda un espectacular mosaico perteneciente a la parte noble de una villa romana. El promotor de las obras, Enric Bardina, dio aviso al entonces Museo Arqueol\u00f3gico de Barcelona, que realiz\u00f3 una intervenci\u00f3n arqueol\u00f3gica. Tras muchas destrucciones de restos &#8230; <a title=\"Historia del museo\" class=\"read-more\" href=\"https:\/\/museuroma.pdm.cat\/es\/historia-del-museo\/\" aria-label=\"Leer m\u00e1s sobre Historia del museo\">Leer m\u00e1s<\/a><\/p>\n","protected":false},"author":2,"featured_media":0,"parent":0,"menu_order":0,"comment_status":"closed","ping_status":"closed","template":"elementor_header_footer","meta":{"footnotes":""},"class_list":["post-4248","page","type-page","status-publish"],"_links":{"self":[{"href":"https:\/\/museuroma.pdm.cat\/es\/wp-json\/wp\/v2\/pages\/4248","targetHints":{"allow":["GET"]}}],"collection":[{"href":"https:\/\/museuroma.pdm.cat\/es\/wp-json\/wp\/v2\/pages"}],"about":[{"href":"https:\/\/museuroma.pdm.cat\/es\/wp-json\/wp\/v2\/types\/page"}],"author":[{"embeddable":true,"href":"https:\/\/museuroma.pdm.cat\/es\/wp-json\/wp\/v2\/users\/2"}],"replies":[{"embeddable":true,"href":"https:\/\/museuroma.pdm.cat\/es\/wp-json\/wp\/v2\/comments?post=4248"}],"version-history":[{"count":4,"href":"https:\/\/museuroma.pdm.cat\/es\/wp-json\/wp\/v2\/pages\/4248\/revisions"}],"predecessor-version":[{"id":4313,"href":"https:\/\/museuroma.pdm.cat\/es\/wp-json\/wp\/v2\/pages\/4248\/revisions\/4313"}],"wp:attachment":[{"href":"https:\/\/museuroma.pdm.cat\/es\/wp-json\/wp\/v2\/media?parent=4248"}],"curies":[{"name":"wp","href":"https:\/\/api.w.org\/{rel}","templated":true}]}}