{"id":4245,"date":"2022-12-20T18:10:24","date_gmt":"2022-12-20T16:10:24","guid":{"rendered":"https:\/\/romamuseu.pdm.cat\/?page_id=4245"},"modified":"2022-12-27T12:26:57","modified_gmt":"2022-12-27T10:26:57","slug":"gestion-del-patrimonio-arqueologico","status":"publish","type":"page","link":"https:\/\/museuroma.pdm.cat\/es\/gestion-del-patrimonio-arqueologico\/","title":{"rendered":"Gestion del patrimonio arqueol\u00f3gico"},"content":{"rendered":"\t\t<div data-elementor-type=\"wp-page\" data-elementor-id=\"4245\" class=\"elementor elementor-4245 elementor-3794\" data-elementor-post-type=\"page\">\n\t\t\t\t\t\t<section class=\"elementor-section elementor-top-section elementor-element elementor-element-5316c603 elementor-section-height-min-height elementor-section-items-bottom elementor-section-boxed elementor-section-height-default elementor-invisible\" data-id=\"5316c603\" data-element_type=\"section\" data-e-type=\"section\" data-settings=\"{&quot;background_background&quot;:&quot;classic&quot;,&quot;animation&quot;:&quot;fadeInDown&quot;}\">\n\t\t\t\t\t\t\t<div class=\"elementor-background-overlay\"><\/div>\n\t\t\t\t\t\t\t<div class=\"elementor-container elementor-column-gap-default\">\n\t\t\t\t\t<div class=\"elementor-column elementor-col-100 elementor-top-column elementor-element elementor-element-6c5280e1\" data-id=\"6c5280e1\" data-element_type=\"column\" data-e-type=\"column\">\n\t\t\t<div class=\"elementor-widget-wrap elementor-element-populated\">\n\t\t\t\t\t\t\t<\/div>\n\t\t<\/div>\n\t\t\t\t\t<\/div>\n\t\t<\/section>\n\t\t\t\t<section class=\"elementor-section elementor-top-section elementor-element elementor-element-4ccd48a elementor-section-boxed elementor-section-height-default elementor-section-height-default\" data-id=\"4ccd48a\" data-element_type=\"section\" data-e-type=\"section\">\n\t\t\t\t\t\t<div class=\"elementor-container elementor-column-gap-default\">\n\t\t\t\t\t<div class=\"elementor-column elementor-col-100 elementor-top-column elementor-element elementor-element-3e804631\" data-id=\"3e804631\" data-element_type=\"column\" data-e-type=\"column\">\n\t\t\t<div class=\"elementor-widget-wrap elementor-element-populated\">\n\t\t\t\t\t\t<div class=\"elementor-element elementor-element-64bb1ce7 elementor-invisible elementor-widget elementor-widget-image\" data-id=\"64bb1ce7\" data-element_type=\"widget\" data-e-type=\"widget\" data-settings=\"{&quot;_animation&quot;:&quot;zoomIn&quot;,&quot;_animation_delay&quot;:1000}\" data-widget_type=\"image.default\">\n\t\t\t\t<div class=\"elementor-widget-container\">\n\t\t\t\t\t\t\t\t\t\t\t\t\t\t\t<img fetchpriority=\"high\" decoding=\"async\" width=\"236\" height=\"236\" src=\"https:\/\/museuroma.pdm.cat\/wp-content\/uploads\/2022\/12\/r6.png\" class=\"attachment-full size-full wp-image-3907\" alt=\"\" srcset=\"https:\/\/museuroma.pdm.cat\/wp-content\/uploads\/2022\/12\/r6.png 236w, https:\/\/museuroma.pdm.cat\/wp-content\/uploads\/2022\/12\/r6-150x150.png 150w\" sizes=\"(max-width: 236px) 100vw, 236px\" \/>\t\t\t\t\t\t\t\t\t\t\t\t\t\t\t<\/div>\n\t\t\t\t<\/div>\n\t\t\t\t\t<\/div>\n\t\t<\/div>\n\t\t\t\t\t<\/div>\n\t\t<\/section>\n\t\t\t\t<section class=\"elementor-section elementor-top-section elementor-element elementor-element-489b9759 elementor-section-boxed elementor-section-height-default elementor-section-height-default\" data-id=\"489b9759\" data-element_type=\"section\" data-e-type=\"section\">\n\t\t\t\t\t\t<div class=\"elementor-container elementor-column-gap-default\">\n\t\t\t\t\t<div class=\"elementor-column elementor-col-50 elementor-top-column elementor-element elementor-element-72da300c\" data-id=\"72da300c\" data-element_type=\"column\" data-e-type=\"column\">\n\t\t\t<div class=\"elementor-widget-wrap elementor-element-populated\">\n\t\t\t\t\t\t<div class=\"elementor-element elementor-element-b322607 elementor-widget elementor-widget-text-editor\" data-id=\"b322607\" data-element_type=\"widget\" data-e-type=\"widget\" data-widget_type=\"text-editor.default\">\n\t\t\t\t<div class=\"elementor-widget-container\">\n\t\t\t\t\t\t\t\t\t<p>Premi\u00e0 de Mar cuenta con un Plan Especial de Protecci\u00f3n del Patrimonio, integrado en su Plan General de Urbanismo desde 2006, que garantiza la conservaci\u00f3n del patrimonio arqueol\u00f3gico del municipio.<\/p>\t\t\t\t\t\t\t\t<\/div>\n\t\t\t\t<\/div>\n\t\t\t\t<div class=\"elementor-element elementor-element-bb1849b elementor-widget elementor-widget-heading\" data-id=\"bb1849b\" data-element_type=\"widget\" data-e-type=\"widget\" data-widget_type=\"heading.default\">\n\t\t\t\t<div class=\"elementor-widget-container\">\n\t\t\t\t\t<h2 class=\"elementor-heading-title elementor-size-default\">INVESTIGACI\u00d3N<\/h2>\t\t\t\t<\/div>\n\t\t\t\t<\/div>\n\t\t\t\t<div class=\"elementor-element elementor-element-646882f elementor-widget elementor-widget-text-editor\" data-id=\"646882f\" data-element_type=\"widget\" data-e-type=\"widget\" data-widget_type=\"text-editor.default\">\n\t\t\t\t<div class=\"elementor-widget-container\">\n\t\t\t\t\t\t\t\t\t<p>Lo que se muestra al visitante es producto de la investigaci\u00f3n arqueol\u00f3gica que se lleva a cabo desde el museo, donde se estudian tanto los restos muebles como los inmuebles, que son analizados, dibujados y\/o fotografiados.<\/p>\t\t\t\t\t\t\t\t<\/div>\n\t\t\t\t<\/div>\n\t\t\t\t<div class=\"elementor-element elementor-element-00bfc63 elementor-widget elementor-widget-heading\" data-id=\"00bfc63\" data-element_type=\"widget\" data-e-type=\"widget\" data-widget_type=\"heading.default\">\n\t\t\t\t<div class=\"elementor-widget-container\">\n\t\t\t\t\t<h2 class=\"elementor-heading-title elementor-size-default\">CONSERVACI\u00d3N<\/h2>\t\t\t\t<\/div>\n\t\t\t\t<\/div>\n\t\t\t\t<div class=\"elementor-element elementor-element-aea68fc elementor-widget elementor-widget-text-editor\" data-id=\"aea68fc\" data-element_type=\"widget\" data-e-type=\"widget\" data-widget_type=\"text-editor.default\">\n\t\t\t\t<div class=\"elementor-widget-container\">\n\t\t\t\t\t\t\t\t\t<p>El museo tiene la misi\u00f3n de recuperar y conservar el patrimonio que forma sus colecciones, preservarlo en buen estado de conservaci\u00f3n para su difusi\u00f3n, estudio y disfrute. Los objetos arqueol\u00f3gicos de sus fondos pueden ser de los m\u00e1s diversos materiales: sobre todo cer\u00e1mica, metal, fauna, malacolog\u00eda y otros, y requieren un tratamiento especial tanto para la exposici\u00f3n como para el almacenamiento.<\/p>\t\t\t\t\t\t\t\t<\/div>\n\t\t\t\t<\/div>\n\t\t\t\t<div class=\"elementor-element elementor-element-0e5908e elementor-widget elementor-widget-heading\" data-id=\"0e5908e\" data-element_type=\"widget\" data-e-type=\"widget\" data-widget_type=\"heading.default\">\n\t\t\t\t<div class=\"elementor-widget-container\">\n\t\t\t\t\t<h2 class=\"elementor-heading-title elementor-size-default\">DIFUSI\u00d3N<\/h2>\t\t\t\t<\/div>\n\t\t\t\t<\/div>\n\t\t\t\t<div class=\"elementor-element elementor-element-711d500 elementor-widget elementor-widget-text-editor\" data-id=\"711d500\" data-element_type=\"widget\" data-e-type=\"widget\" data-widget_type=\"text-editor.default\">\n\t\t\t\t<div class=\"elementor-widget-container\">\n\t\t\t\t\t\t\t\t\t<p>El fondo arqueol\u00f3gico del Museo es extenso y no se puede mostrar todo lo registrado. De esta forma, se permite exhibir piezas o partes de colecciones que pueden ver la luz durante un tiempo, tanto en la exposici\u00f3n permanente como en las temporales.<\/p><p>Tambi\u00e9n colabora en publicaciones cient\u00edficas, aportando informaci\u00f3n y difundiendo conocimientos sobre el mundo de la arqueolog\u00eda en congresos, seminarios y otros encuentros de estudiosos.<\/p>\t\t\t\t\t\t\t\t<\/div>\n\t\t\t\t<\/div>\n\t\t\t\t\t<\/div>\n\t\t<\/div>\n\t\t\t\t<div class=\"elementor-column elementor-col-50 elementor-top-column elementor-element elementor-element-4781ef75\" data-id=\"4781ef75\" data-element_type=\"column\" data-e-type=\"column\">\n\t\t\t<div class=\"elementor-widget-wrap elementor-element-populated\">\n\t\t\t\t\t\t<div class=\"elementor-element elementor-element-215e4726 animated-slow elementor-invisible elementor-widget elementor-widget-image\" data-id=\"215e4726\" data-element_type=\"widget\" data-e-type=\"widget\" data-settings=\"{&quot;_animation&quot;:&quot;fadeIn&quot;,&quot;_animation_delay&quot;:300}\" data-widget_type=\"image.default\">\n\t\t\t\t<div class=\"elementor-widget-container\">\n\t\t\t\t\t\t\t\t\t\t\t\t\t\t\t<img decoding=\"async\" width=\"1024\" height=\"642\" src=\"https:\/\/museuroma.pdm.cat\/wp-content\/uploads\/2022\/12\/1.-El-laboratori-arqueologia-2018-1024x642.jpg\" class=\"attachment-large size-large wp-image-3807\" alt=\"\" srcset=\"https:\/\/museuroma.pdm.cat\/wp-content\/uploads\/2022\/12\/1.-El-laboratori-arqueologia-2018-1024x642.jpg 1024w, https:\/\/museuroma.pdm.cat\/wp-content\/uploads\/2022\/12\/1.-El-laboratori-arqueologia-2018-300x188.jpg 300w, https:\/\/museuroma.pdm.cat\/wp-content\/uploads\/2022\/12\/1.-El-laboratori-arqueologia-2018-768x481.jpg 768w, https:\/\/museuroma.pdm.cat\/wp-content\/uploads\/2022\/12\/1.-El-laboratori-arqueologia-2018.jpg 1500w\" sizes=\"(max-width: 1024px) 100vw, 1024px\" \/>\t\t\t\t\t\t\t\t\t\t\t\t\t\t\t<\/div>\n\t\t\t\t<\/div>\n\t\t\t\t<div class=\"elementor-element elementor-element-7e83ed1e animated-slow elementor-invisible elementor-widget elementor-widget-image\" data-id=\"7e83ed1e\" data-element_type=\"widget\" data-e-type=\"widget\" data-settings=\"{&quot;_animation&quot;:&quot;fadeIn&quot;,&quot;_animation_delay&quot;:600}\" data-widget_type=\"image.default\">\n\t\t\t\t<div class=\"elementor-widget-container\">\n\t\t\t\t\t\t\t\t\t\t\t\t\t\t\t<img decoding=\"async\" width=\"1024\" height=\"642\" src=\"https:\/\/museuroma.pdm.cat\/wp-content\/uploads\/2022\/12\/2.-RestauraciO-del-mosaic-1024x642.jpg\" class=\"attachment-large size-large wp-image-3805\" alt=\"\" srcset=\"https:\/\/museuroma.pdm.cat\/wp-content\/uploads\/2022\/12\/2.-RestauraciO-del-mosaic-1024x642.jpg 1024w, https:\/\/museuroma.pdm.cat\/wp-content\/uploads\/2022\/12\/2.-RestauraciO-del-mosaic-300x188.jpg 300w, https:\/\/museuroma.pdm.cat\/wp-content\/uploads\/2022\/12\/2.-RestauraciO-del-mosaic-768x481.jpg 768w, https:\/\/museuroma.pdm.cat\/wp-content\/uploads\/2022\/12\/2.-RestauraciO-del-mosaic.jpg 1500w\" sizes=\"(max-width: 1024px) 100vw, 1024px\" \/>\t\t\t\t\t\t\t\t\t\t\t\t\t\t\t<\/div>\n\t\t\t\t<\/div>\n\t\t\t\t\t<\/div>\n\t\t<\/div>\n\t\t\t\t\t<\/div>\n\t\t<\/section>\n\t\t\t\t<\/div>\n\t\t","protected":false},"excerpt":{"rendered":"<p>Premi\u00e0 de Mar cuenta con un Plan Especial de Protecci\u00f3n del Patrimonio, integrado en su Plan General de Urbanismo desde 2006, que garantiza la conservaci\u00f3n del patrimonio arqueol\u00f3gico del municipio. INVESTIGACI\u00d3N Lo que se muestra al visitante es producto de la investigaci\u00f3n arqueol\u00f3gica que se lleva a cabo desde el museo, donde se estudian tanto &#8230; <a title=\"Gestion del patrimonio arqueol\u00f3gico\" class=\"read-more\" href=\"https:\/\/museuroma.pdm.cat\/es\/gestion-del-patrimonio-arqueologico\/\" aria-label=\"Leer m\u00e1s sobre Gestion del patrimonio arqueol\u00f3gico\">Leer m\u00e1s<\/a><\/p>\n","protected":false},"author":2,"featured_media":0,"parent":0,"menu_order":0,"comment_status":"closed","ping_status":"closed","template":"elementor_header_footer","meta":{"footnotes":""},"class_list":["post-4245","page","type-page","status-publish"],"_links":{"self":[{"href":"https:\/\/museuroma.pdm.cat\/es\/wp-json\/wp\/v2\/pages\/4245","targetHints":{"allow":["GET"]}}],"collection":[{"href":"https:\/\/museuroma.pdm.cat\/es\/wp-json\/wp\/v2\/pages"}],"about":[{"href":"https:\/\/museuroma.pdm.cat\/es\/wp-json\/wp\/v2\/types\/page"}],"author":[{"embeddable":true,"href":"https:\/\/museuroma.pdm.cat\/es\/wp-json\/wp\/v2\/users\/2"}],"replies":[{"embeddable":true,"href":"https:\/\/museuroma.pdm.cat\/es\/wp-json\/wp\/v2\/comments?post=4245"}],"version-history":[{"count":4,"href":"https:\/\/museuroma.pdm.cat\/es\/wp-json\/wp\/v2\/pages\/4245\/revisions"}],"predecessor-version":[{"id":4331,"href":"https:\/\/museuroma.pdm.cat\/es\/wp-json\/wp\/v2\/pages\/4245\/revisions\/4331"}],"wp:attachment":[{"href":"https:\/\/museuroma.pdm.cat\/es\/wp-json\/wp\/v2\/media?parent=4245"}],"curies":[{"name":"wp","href":"https:\/\/api.w.org\/{rel}","templated":true}]}}