{"id":4239,"date":"2022-12-20T18:08:22","date_gmt":"2022-12-20T16:08:22","guid":{"rendered":"https:\/\/romamuseu.pdm.cat\/?page_id=4239"},"modified":"2023-03-10T13:05:11","modified_gmt":"2023-03-10T11:05:11","slug":"enlaces-relacionados","status":"publish","type":"page","link":"https:\/\/museuroma.pdm.cat\/es\/enlaces-relacionados\/","title":{"rendered":"Enlaces relacionados"},"content":{"rendered":"\t\t<div data-elementor-type=\"wp-page\" data-elementor-id=\"4239\" class=\"elementor elementor-4239 elementor-597\" data-elementor-post-type=\"page\">\n\t\t\t\t\t\t<section class=\"elementor-section elementor-top-section elementor-element elementor-element-1f78b9a2 elementor-section-height-min-height elementor-section-items-bottom elementor-section-boxed elementor-section-height-default elementor-invisible\" data-id=\"1f78b9a2\" data-element_type=\"section\" data-e-type=\"section\" data-settings=\"{&quot;background_background&quot;:&quot;classic&quot;,&quot;animation&quot;:&quot;fadeInDown&quot;}\">\n\t\t\t\t\t\t<div class=\"elementor-container elementor-column-gap-default\">\n\t\t\t\t\t<div class=\"elementor-column elementor-col-100 elementor-top-column elementor-element elementor-element-2a27505f\" data-id=\"2a27505f\" data-element_type=\"column\" data-e-type=\"column\">\n\t\t\t<div class=\"elementor-widget-wrap elementor-element-populated\">\n\t\t\t\t\t\t\t<\/div>\n\t\t<\/div>\n\t\t\t\t\t<\/div>\n\t\t<\/section>\n\t\t\t\t<section class=\"elementor-section elementor-top-section elementor-element elementor-element-789e4efc elementor-section-boxed elementor-section-height-default elementor-section-height-default\" data-id=\"789e4efc\" data-element_type=\"section\" data-e-type=\"section\">\n\t\t\t\t\t\t<div class=\"elementor-container elementor-column-gap-default\">\n\t\t\t\t\t<div class=\"elementor-column elementor-col-100 elementor-top-column elementor-element elementor-element-3ff94c75\" data-id=\"3ff94c75\" data-element_type=\"column\" data-e-type=\"column\">\n\t\t\t<div class=\"elementor-widget-wrap elementor-element-populated\">\n\t\t\t\t\t\t<div class=\"elementor-element elementor-element-67e8bac2 elementor-invisible elementor-widget elementor-widget-image\" data-id=\"67e8bac2\" data-element_type=\"widget\" data-e-type=\"widget\" data-settings=\"{&quot;_animation&quot;:&quot;zoomIn&quot;,&quot;_animation_delay&quot;:1000}\" data-widget_type=\"image.default\">\n\t\t\t\t<div class=\"elementor-widget-container\">\n\t\t\t\t\t\t\t\t\t\t\t\t\t\t\t<img fetchpriority=\"high\" decoding=\"async\" width=\"236\" height=\"236\" src=\"https:\/\/museuroma.pdm.cat\/wp-content\/uploads\/2022\/12\/r10.png\" class=\"attachment-full size-full wp-image-3935\" alt=\"\" srcset=\"https:\/\/museuroma.pdm.cat\/wp-content\/uploads\/2022\/12\/r10.png 236w, https:\/\/museuroma.pdm.cat\/wp-content\/uploads\/2022\/12\/r10-150x150.png 150w\" sizes=\"(max-width: 236px) 100vw, 236px\" \/>\t\t\t\t\t\t\t\t\t\t\t\t\t\t\t<\/div>\n\t\t\t\t<\/div>\n\t\t\t\t\t<\/div>\n\t\t<\/div>\n\t\t\t\t\t<\/div>\n\t\t<\/section>\n\t\t\t\t<section class=\"elementor-section elementor-top-section elementor-element elementor-element-81abc0f elementor-section-boxed elementor-section-height-default elementor-section-height-default\" data-id=\"81abc0f\" data-element_type=\"section\" data-e-type=\"section\">\n\t\t\t\t\t\t<div class=\"elementor-container elementor-column-gap-default\">\n\t\t\t\t\t<div class=\"elementor-column elementor-col-100 elementor-top-column elementor-element elementor-element-7a65339b\" data-id=\"7a65339b\" data-element_type=\"column\" data-e-type=\"column\">\n\t\t\t<div class=\"elementor-widget-wrap elementor-element-populated\">\n\t\t\t\t\t\t<div class=\"elementor-element elementor-element-5b5d55b5 elementor-widget elementor-widget-heading\" data-id=\"5b5d55b5\" data-element_type=\"widget\" data-e-type=\"widget\" data-widget_type=\"heading.default\">\n\t\t\t\t<div class=\"elementor-widget-container\">\n\t\t\t\t\t<h2 class=\"elementor-heading-title elementor-size-default\">Enlaces de inter\u00e9s relacionados con el museo<\/h2>\t\t\t\t<\/div>\n\t\t\t\t<\/div>\n\t\t\t\t<div class=\"elementor-element elementor-element-55a03d77 elementor-widget elementor-widget-text-editor\" data-id=\"55a03d77\" data-element_type=\"widget\" data-e-type=\"widget\" data-widget_type=\"text-editor.default\">\n\t\t\t\t<div class=\"elementor-widget-container\">\n\t\t\t\t\t\t\t\t\t<p><strong>Museo de estampaci\u00f3n<\/strong><br \/><a href=\"https:\/\/museuestampacio.pdm.cat\/\">https:\/\/museuestampacio.pdm.cat\/<\/a><\/p><p><strong>Patrimonio de Premi\u00e0 de Mar<\/strong><br \/><a href=\"https:\/\/patrimoni.pdm.cat\/\" target=\"_blank\" rel=\"noopener\">https:\/\/patrimoni.pdm.cat\/<\/a><\/p><p><strong>Guia del Patrimonio Hist\u00f3rico y Art\u00edstico de los Municipios Catalanes,<\/strong><br \/><strong>en el apartado correspondiente a Premi\u00e0 de Mar<\/strong><br \/><a href=\"http:\/\/www.poblesdecatalunya.cat\/municipi.php?m=081727\" target=\"_blank\" rel=\"noopener\">http:\/\/www.poblesdecatalunya.cat\/municipi.php?m=081727<\/a><\/p><p><strong>El Museo m\u00e1s grande de Catalunya (Diputaci\u00f3 de Barcelona)<\/strong><br \/><a href=\"https:\/\/museuslocals.diba.cat\/agenda\/\" target=\"_blank\" rel=\"noopener\">https:\/\/museuslocals.diba.cat\/agenda\/<\/a><\/p><p><strong>Servicio de Museos de la Generalitat<\/strong><br \/><a href=\"https:\/\/cultura.gencat.cat\/ca\/temes\/museus\/\" target=\"_blank\" rel=\"noopener\">https:\/\/cultura.gencat.cat\/ca\/temes\/museus\/<\/a><\/p>\t\t\t\t\t\t\t\t<\/div>\n\t\t\t\t<\/div>\n\t\t\t\t\t<\/div>\n\t\t<\/div>\n\t\t\t\t\t<\/div>\n\t\t<\/section>\n\t\t\t\t<\/div>\n\t\t","protected":false},"excerpt":{"rendered":"<p>Enlaces de inter\u00e9s relacionados con el museo Museo de estampaci\u00f3nhttps:\/\/museuestampacio.pdm.cat\/ Patrimonio de Premi\u00e0 de Marhttps:\/\/patrimoni.pdm.cat\/ Guia del Patrimonio Hist\u00f3rico y Art\u00edstico de los Municipios Catalanes,en el apartado correspondiente a Premi\u00e0 de Marhttp:\/\/www.poblesdecatalunya.cat\/municipi.php?m=081727 El Museo m\u00e1s grande de Catalunya (Diputaci\u00f3 de Barcelona)https:\/\/museuslocals.diba.cat\/agenda\/ Servicio de Museos de la Generalitathttps:\/\/cultura.gencat.cat\/ca\/temes\/museus\/<\/p>\n","protected":false},"author":2,"featured_media":0,"parent":0,"menu_order":0,"comment_status":"closed","ping_status":"closed","template":"elementor_header_footer","meta":{"footnotes":""},"class_list":["post-4239","page","type-page","status-publish"],"_links":{"self":[{"href":"https:\/\/museuroma.pdm.cat\/es\/wp-json\/wp\/v2\/pages\/4239","targetHints":{"allow":["GET"]}}],"collection":[{"href":"https:\/\/museuroma.pdm.cat\/es\/wp-json\/wp\/v2\/pages"}],"about":[{"href":"https:\/\/museuroma.pdm.cat\/es\/wp-json\/wp\/v2\/types\/page"}],"author":[{"embeddable":true,"href":"https:\/\/museuroma.pdm.cat\/es\/wp-json\/wp\/v2\/users\/2"}],"replies":[{"embeddable":true,"href":"https:\/\/museuroma.pdm.cat\/es\/wp-json\/wp\/v2\/comments?post=4239"}],"version-history":[{"count":4,"href":"https:\/\/museuroma.pdm.cat\/es\/wp-json\/wp\/v2\/pages\/4239\/revisions"}],"predecessor-version":[{"id":4987,"href":"https:\/\/museuroma.pdm.cat\/es\/wp-json\/wp\/v2\/pages\/4239\/revisions\/4987"}],"wp:attachment":[{"href":"https:\/\/museuroma.pdm.cat\/es\/wp-json\/wp\/v2\/media?parent=4239"}],"curies":[{"name":"wp","href":"https:\/\/api.w.org\/{rel}","templated":true}]}}