{"id":4234,"date":"2022-12-20T18:06:15","date_gmt":"2022-12-20T16:06:15","guid":{"rendered":"https:\/\/romamuseu.pdm.cat\/?page_id=4234"},"modified":"2023-03-19T20:10:28","modified_gmt":"2023-03-19T18:10:28","slug":"como-llegar","status":"publish","type":"page","link":"https:\/\/museuroma.pdm.cat\/es\/como-llegar\/","title":{"rendered":"C\u00f3mo llegar"},"content":{"rendered":"\t\t<div data-elementor-type=\"wp-page\" data-elementor-id=\"4234\" class=\"elementor elementor-4234 elementor-384\" data-elementor-post-type=\"page\">\n\t\t\t\t\t\t<section class=\"elementor-section elementor-top-section elementor-element elementor-element-5c526506 elementor-section-height-min-height elementor-section-items-bottom elementor-section-boxed elementor-section-height-default elementor-invisible\" data-id=\"5c526506\" data-element_type=\"section\" data-e-type=\"section\" data-settings=\"{&quot;background_background&quot;:&quot;classic&quot;,&quot;animation&quot;:&quot;fadeInDown&quot;}\">\n\t\t\t\t\t\t\t<div class=\"elementor-background-overlay\"><\/div>\n\t\t\t\t\t\t\t<div class=\"elementor-container elementor-column-gap-default\">\n\t\t\t\t\t<div class=\"elementor-column elementor-col-100 elementor-top-column elementor-element elementor-element-50cb7e0d\" data-id=\"50cb7e0d\" data-element_type=\"column\" data-e-type=\"column\">\n\t\t\t<div class=\"elementor-widget-wrap elementor-element-populated\">\n\t\t\t\t\t\t\t<\/div>\n\t\t<\/div>\n\t\t\t\t\t<\/div>\n\t\t<\/section>\n\t\t\t\t<section class=\"elementor-section elementor-top-section elementor-element elementor-element-14cc53e5 elementor-section-boxed elementor-section-height-default elementor-section-height-default\" data-id=\"14cc53e5\" data-element_type=\"section\" data-e-type=\"section\">\n\t\t\t\t\t\t<div class=\"elementor-container elementor-column-gap-default\">\n\t\t\t\t\t<div class=\"elementor-column elementor-col-100 elementor-top-column elementor-element elementor-element-b57e438\" data-id=\"b57e438\" data-element_type=\"column\" data-e-type=\"column\">\n\t\t\t<div class=\"elementor-widget-wrap elementor-element-populated\">\n\t\t\t\t\t\t<div class=\"elementor-element elementor-element-7c638192 elementor-invisible elementor-widget elementor-widget-image\" data-id=\"7c638192\" data-element_type=\"widget\" data-e-type=\"widget\" data-settings=\"{&quot;_animation&quot;:&quot;zoomIn&quot;,&quot;_animation_delay&quot;:1000}\" data-widget_type=\"image.default\">\n\t\t\t\t<div class=\"elementor-widget-container\">\n\t\t\t\t\t\t\t\t\t\t\t\t\t\t\t<img fetchpriority=\"high\" decoding=\"async\" width=\"236\" height=\"236\" src=\"https:\/\/museuroma.pdm.cat\/wp-content\/uploads\/2022\/12\/r21.png\" class=\"attachment-full size-full wp-image-4140\" alt=\"\" srcset=\"https:\/\/museuroma.pdm.cat\/wp-content\/uploads\/2022\/12\/r21.png 236w, https:\/\/museuroma.pdm.cat\/wp-content\/uploads\/2022\/12\/r21-150x150.png 150w\" sizes=\"(max-width: 236px) 100vw, 236px\" \/>\t\t\t\t\t\t\t\t\t\t\t\t\t\t\t<\/div>\n\t\t\t\t<\/div>\n\t\t\t\t\t<\/div>\n\t\t<\/div>\n\t\t\t\t\t<\/div>\n\t\t<\/section>\n\t\t\t\t<section class=\"elementor-section elementor-top-section elementor-element elementor-element-762d512c elementor-section-boxed elementor-section-height-default elementor-section-height-default\" data-id=\"762d512c\" data-element_type=\"section\" data-e-type=\"section\">\n\t\t\t\t\t\t<div class=\"elementor-container elementor-column-gap-default\">\n\t\t\t\t\t<div class=\"elementor-column elementor-col-100 elementor-top-column elementor-element elementor-element-458dd8fc\" data-id=\"458dd8fc\" data-element_type=\"column\" data-e-type=\"column\">\n\t\t\t<div class=\"elementor-widget-wrap elementor-element-populated\">\n\t\t\t\t\t\t<div class=\"elementor-element elementor-element-51ad4906 elementor-widget elementor-widget-heading\" data-id=\"51ad4906\" data-element_type=\"widget\" data-e-type=\"widget\" data-widget_type=\"heading.default\">\n\t\t\t\t<div class=\"elementor-widget-container\">\n\t\t\t\t\t<h2 class=\"elementor-heading-title elementor-size-default\">Datos de contacto y ubicaci\u00f3n:<\/h2>\t\t\t\t<\/div>\n\t\t\t\t<\/div>\n\t\t\t\t<div class=\"elementor-element elementor-element-7eda93 elementor-widget elementor-widget-text-editor\" data-id=\"7eda93\" data-element_type=\"widget\" data-e-type=\"widget\" data-widget_type=\"text-editor.default\">\n\t\t\t\t<div class=\"elementor-widget-container\">\n\t\t\t\t\t\t\t\t\t<p><strong>MUSEU ROM\u00c0 DE PREMI\u00c0 DE MAR<\/strong><\/p><p>Calle de Enric Granados, 115<br \/>08330 Premi\u00e0 de Mar<\/p><p>Tel. <a href=\"tel:+34937529197\">662 418 676<\/a><\/p><p><a href=\"mailto:museuroma@premiademar.cat\">museuroma@premiademar.cat<\/a><\/p>\t\t\t\t\t\t\t\t<\/div>\n\t\t\t\t<\/div>\n\t\t\t\t\t<\/div>\n\t\t<\/div>\n\t\t\t\t\t<\/div>\n\t\t<\/section>\n\t\t\t\t<section class=\"elementor-section elementor-top-section elementor-element elementor-element-7daba58b elementor-section-boxed elementor-section-height-default elementor-section-height-default\" data-id=\"7daba58b\" data-element_type=\"section\" data-e-type=\"section\">\n\t\t\t\t\t\t<div class=\"elementor-container elementor-column-gap-default\">\n\t\t\t\t\t<div class=\"elementor-column elementor-col-100 elementor-top-column elementor-element elementor-element-6ea89d87\" data-id=\"6ea89d87\" data-element_type=\"column\" data-e-type=\"column\">\n\t\t\t<div class=\"elementor-widget-wrap elementor-element-populated\">\n\t\t\t\t\t\t<div class=\"elementor-element elementor-element-1794671b elementor-widget-divider--view-line elementor-widget elementor-widget-divider\" data-id=\"1794671b\" data-element_type=\"widget\" data-e-type=\"widget\" data-widget_type=\"divider.default\">\n\t\t\t\t<div class=\"elementor-widget-container\">\n\t\t\t\t\t\t\t<div class=\"elementor-divider\">\n\t\t\t<span class=\"elementor-divider-separator\">\n\t\t\t\t\t\t<\/span>\n\t\t<\/div>\n\t\t\t\t\t\t<\/div>\n\t\t\t\t<\/div>\n\t\t\t\t\t<\/div>\n\t\t<\/div>\n\t\t\t\t\t<\/div>\n\t\t<\/section>\n\t\t\t\t<section class=\"elementor-section elementor-top-section elementor-element elementor-element-317fbd0b elementor-section-boxed elementor-section-height-default elementor-section-height-default\" data-id=\"317fbd0b\" data-element_type=\"section\" data-e-type=\"section\">\n\t\t\t\t\t\t<div class=\"elementor-container elementor-column-gap-default\">\n\t\t\t\t\t<div class=\"elementor-column elementor-col-100 elementor-top-column elementor-element elementor-element-87c3f0c\" data-id=\"87c3f0c\" data-element_type=\"column\" data-e-type=\"column\">\n\t\t\t<div class=\"elementor-widget-wrap elementor-element-populated\">\n\t\t\t\t\t\t<div class=\"elementor-element elementor-element-ac9e838 elementor-widget elementor-widget-google_maps\" data-id=\"ac9e838\" data-element_type=\"widget\" data-e-type=\"widget\" data-widget_type=\"google_maps.default\">\n\t\t\t\t<div class=\"elementor-widget-container\">\n\t\t\t\t\t\t\t<div class=\"elementor-custom-embed\">\n\t\t\t<iframe loading=\"lazy\"\n\t\t\t\t\tsrc=\"https:\/\/maps.google.com\/maps?q=C%2F%20d%27Enric%20Granados%2C%20115%2008330%20Premi%C3%A0%20de%20Mar&#038;t=m&#038;z=11&#038;output=embed&#038;iwloc=near\"\n\t\t\t\t\ttitle=\"C\/ d&#039;Enric Granados, 115 08330 Premi\u00e0 de Mar\"\n\t\t\t\t\taria-label=\"C\/ d&#039;Enric Granados, 115 08330 Premi\u00e0 de Mar\"\n\t\t\t><\/iframe>\n\t\t<\/div>\n\t\t\t\t\t\t<\/div>\n\t\t\t\t<\/div>\n\t\t\t\t\t<\/div>\n\t\t<\/div>\n\t\t\t\t\t<\/div>\n\t\t<\/section>\n\t\t\t\t<\/div>\n\t\t","protected":false},"excerpt":{"rendered":"<p>Datos de contacto y ubicaci\u00f3n: MUSEU ROM\u00c0 DE PREMI\u00c0 DE MAR Calle de Enric Granados, 11508330 Premi\u00e0 de Mar Tel. 662 418 676 museuroma@premiademar.cat<\/p>\n","protected":false},"author":2,"featured_media":0,"parent":0,"menu_order":0,"comment_status":"closed","ping_status":"closed","template":"elementor_header_footer","meta":{"footnotes":""},"class_list":["post-4234","page","type-page","status-publish"],"_links":{"self":[{"href":"https:\/\/museuroma.pdm.cat\/es\/wp-json\/wp\/v2\/pages\/4234","targetHints":{"allow":["GET"]}}],"collection":[{"href":"https:\/\/museuroma.pdm.cat\/es\/wp-json\/wp\/v2\/pages"}],"about":[{"href":"https:\/\/museuroma.pdm.cat\/es\/wp-json\/wp\/v2\/types\/page"}],"author":[{"embeddable":true,"href":"https:\/\/museuroma.pdm.cat\/es\/wp-json\/wp\/v2\/users\/2"}],"replies":[{"embeddable":true,"href":"https:\/\/museuroma.pdm.cat\/es\/wp-json\/wp\/v2\/comments?post=4234"}],"version-history":[{"count":7,"href":"https:\/\/museuroma.pdm.cat\/es\/wp-json\/wp\/v2\/pages\/4234\/revisions"}],"predecessor-version":[{"id":5241,"href":"https:\/\/museuroma.pdm.cat\/es\/wp-json\/wp\/v2\/pages\/4234\/revisions\/5241"}],"wp:attachment":[{"href":"https:\/\/museuroma.pdm.cat\/es\/wp-json\/wp\/v2\/media?parent=4234"}],"curies":[{"name":"wp","href":"https:\/\/api.w.org\/{rel}","templated":true}]}}