{"id":2187,"date":"2020-12-21T18:44:56","date_gmt":"2020-12-21T16:44:56","guid":{"rendered":"https:\/\/museu.pdm.cat\/?page_id=2187"},"modified":"2022-12-20T17:56:05","modified_gmt":"2022-12-20T15:56:05","slug":"aviso-legal","status":"publish","type":"page","link":"https:\/\/museuroma.pdm.cat\/es\/aviso-legal\/","title":{"rendered":"Aviso Legal"},"content":{"rendered":"\t\t<div data-elementor-type=\"wp-page\" data-elementor-id=\"2187\" class=\"elementor elementor-2187 elementor-2185\" data-elementor-post-type=\"page\">\n\t\t\t\t\t\t<section class=\"elementor-section elementor-top-section elementor-element elementor-element-f65f990 elementor-section-boxed elementor-section-height-default elementor-section-height-default\" data-id=\"f65f990\" data-element_type=\"section\" data-e-type=\"section\">\n\t\t\t\t\t\t<div class=\"elementor-container elementor-column-gap-default\">\n\t\t\t\t\t<div class=\"elementor-column elementor-col-100 elementor-top-column elementor-element elementor-element-21eeeb48\" data-id=\"21eeeb48\" data-element_type=\"column\" data-e-type=\"column\">\n\t\t\t<div class=\"elementor-widget-wrap elementor-element-populated\">\n\t\t\t\t\t\t<div class=\"elementor-element elementor-element-4d069c97 elementor-widget elementor-widget-text-editor\" data-id=\"4d069c97\" data-element_type=\"widget\" data-e-type=\"widget\" data-widget_type=\"text-editor.default\">\n\t\t\t\t<div class=\"elementor-widget-container\">\n\t\t\t\t\t\t\t\t\t\n<p><strong>Aviso legal<\/strong><\/p>\n\n\n\n<p><strong>1.El presente aviso legal<\/strong> regula el uso, acceso y navegaci\u00f3n de la web museuroma.pdm.cat, bajo el dominio del Ayuntamiento de Premi\u00e0 de Mar, con domicilio en la Plaza Ayuntamiento, 1 08330 Premi\u00e0 de Mar, con datos registrales NIF P0817100A<\/p>\n\n\n\n<p><strong>2. Estas son las condiciones generales<\/strong> que regulan el acceso, navegaci\u00f3n y uso del espacio web bajo el dominio museuroma.pdm.cat as\u00ed como las responsabilidades derivadas de la utilizaci\u00f3n de sus contenidos (entendidos estos como los textos, gr\u00e1ficos, dibujos, dise\u00f1os , c\u00f3digos, software, fotograf\u00edas, sonido, bases de datos e im\u00e1genes, as\u00ed como cualquier otra creaci\u00f3n protegida por las leyes nacionales y los tratados internacionales sobre propiedad intelectual e industrial). Se entender\u00e1 que el acceso o la mera utilizaci\u00f3n de museuroma.pdm.cat por parte de la persona usuaria implica su adhesi\u00f3n a las condiciones generales que en este Aviso Legal se publican. En consecuencia, la persona usuaria debe leer atentamente estas condiciones generales. Se entender\u00e1 como usuaria la persona que acceda, navegue, utilice o participe en los servicios y actividades, gratuitas u onerosas, desarrolladas en museuroma.pdm.cat. El usuario podr\u00e1 visitar libremente el sitio web salvo aquellas \u00e1reas reservadas a cada uno de los ciudadanos, donde para acceder es necesario el uso de un identificador personal y contrase\u00f1a.<\/p>\n\n\n\n<p><strong>3. CONDICIONES DE ACCESO Y USO DE LA P<\/strong><strong>\u00c1GINA WEB<\/strong><\/p>\n\n\n\n<p><strong>3.1 Veracidad de la informaci<\/strong><strong>\u00f3n: <\/strong>Toda la informaci\u00f3n que contiene esta web es la vigente en la fecha de la \u00faltima actualizaci\u00f3n. El Ayuntamiento de Premi\u00e0 de Mar se reserva el derecho de modificar en cualquier momento y, en este caso, entrar\u00e1 en vigor en el momento en que se publique.<\/p>\n\n\n\n<p><strong>3.2 Pol<\/strong><strong>\u00edtica de privacidad y Protecci<\/strong><strong>\u00f3n de Datos: <\/strong>El Ayuntamiento de Premi\u00e0 de Mar cumple \u00edntegramente con la legislaci\u00f3n vigente en materia de protecci\u00f3n de datos de car\u00e1cter personal y de servicios de la sociedad de la informaci\u00f3n. El Ayuntamiento de Premi\u00e0 de Mar ha adoptado las medidas t\u00e9cnicas necesarias para mantener el nivel de seguridad requerido, seg\u00fan la naturaleza de los datos de car\u00e1cter personal tratados y las circunstancias del tratamiento de las mismas, con el fin de evitar la alteraci\u00f3n o la p\u00e9rdida de los datos suministrados as\u00ed como el tratamiento y el acceso no autorizado. Cuando se soliciten datos de car\u00e1cter personal mediante este sitio web, se informa al usuario que el destinatario de la informaci\u00f3n ser\u00e1 El Ayuntamiento de Premi\u00e0 de Mar, y que \u00e9ste no almacenar\u00e1 los correos recibidos en ning\u00fan fichero, sino que \u00fanicamente las traspasar\u00e1 al departamento que corresponda para tramitar la gesti\u00f3n solicitada. Sin embargo, el titular de los datos podr\u00e1 ejercer en todo caso y ante este organismo, los derechos de acceso, rectificaci\u00f3n, cancelaci\u00f3n y oposici\u00f3n al tratamiento que la legislaci\u00f3n vigente en materia de protecci\u00f3n de datos le confiere. Esta web no utiliza cookies invasivas.<\/p>\n\n\n\n<p><strong>3.3 Informaci<\/strong><strong>\u00f3n sobre Protecci<\/strong><strong>\u00f3n de Datos personales (GDPR).<\/strong><\/p>\n\n\n\n<p><strong>3.4 Propiedad Intelectual e Industrial: <\/strong>El sitio web museuroma.pdm.cat, las secciones que la forman y la informaci\u00f3n contenida, que incluye textos, documentos, fotograf\u00edas, dibujos, representaciones gr\u00e1ficas, bases de datos, programas, y otros signos distintivos, excepto las fotograf\u00edas y dise\u00f1os que tengan autor o autores expl\u00edcitamente citados, se edita bajo la licencia de Creative Commons, que sustituye al tradicional copyright y da libertad a las personas usuarias de reproducir y difundir los contenidos, siempre que se &#8216; n cite la autor\u00eda y no se use con fines comerciales.<\/p>\n\n\n\n<p><strong>3.5 Responsabilidades: <\/strong>El Ayuntamiento de Premi\u00e0 de Mar no garantiza el acceso continuado, ni la correcta visualizaci\u00f3n, descarga de los elementos y la informaci\u00f3n que contienen las secciones del sitio web, que pueden verse dificultadas y \/ o interrumpidas por factores o circunstancias fuera de su control. El Ayuntamiento de Premi\u00e0 de Mar no se hace responsable de la informaci\u00f3n ni del resto de los contenidos integrados en los espacios o p\u00e1ginas web de terceros accesibles desde la p\u00e1gina web del Ayuntamiento de Premi\u00e0 de Mar mediante enlaces, hiperv\u00ednculos o links. El Ayuntamiento de Premi\u00e0 de Mar queda exento de cualquier tipo de responsabilidad por da\u00f1os y perjuicios de cualquier naturaleza que puedan derivarse del acceso, la captaci\u00f3n y el uso por parte de terceros de las informaciones y \/ o publicidad contenida en este sitio web o de las opiniones vertidas por los usuarios en el mismo. Es responsabilidad \u00fanicamente del usuario la confidencialidad y el buen uso del identificador personal y de la contrase\u00f1a para acceder a los servicios y contenidos del sitio web. Por lo tanto, el Ayuntamiento de Premi\u00e0 de Mar no se hace responsable del uso indebido o fraudulento del identificador personal y \/ o contrase\u00f1a asignada a cada usuario, ni por s\u00ed mismo ni por terceros.<\/p>\n\n\n\n<p><strong>4. SUGERENCIAS<\/strong><\/p>\n\n\n\n<p>Esperamos que la informaci\u00f3n de este sitio Web os sea \u00fatil y os agradeceremos todas las sugerencias, comentarios o dudas que nos puedan hacer llegar mediante el buz\u00f3n ciudadano<br><\/p>\n\t\t\t\t\t\t\t\t<\/div>\n\t\t\t\t<\/div>\n\t\t\t\t\t<\/div>\n\t\t<\/div>\n\t\t\t\t\t<\/div>\n\t\t<\/section>\n\t\t\t\t<\/div>\n\t\t","protected":false},"excerpt":{"rendered":"<p>Aviso legal 1.El presente aviso legal regula el uso, acceso y navegaci\u00f3n de la web museuroma.pdm.cat, bajo el dominio del Ayuntamiento de Premi\u00e0 de Mar, con domicilio en la Plaza Ayuntamiento, 1 08330 Premi\u00e0 de Mar, con datos registrales NIF P0817100A 2. Estas son las condiciones generales que regulan el acceso, navegaci\u00f3n y uso del &#8230; <a title=\"Aviso Legal\" class=\"read-more\" href=\"https:\/\/museuroma.pdm.cat\/es\/aviso-legal\/\" aria-label=\"Leer m\u00e1s sobre Aviso Legal\">Leer m\u00e1s<\/a><\/p>\n","protected":false},"author":2,"featured_media":0,"parent":0,"menu_order":0,"comment_status":"closed","ping_status":"closed","template":"","meta":{"footnotes":""},"class_list":["post-2187","page","type-page","status-publish"],"_links":{"self":[{"href":"https:\/\/museuroma.pdm.cat\/es\/wp-json\/wp\/v2\/pages\/2187","targetHints":{"allow":["GET"]}}],"collection":[{"href":"https:\/\/museuroma.pdm.cat\/es\/wp-json\/wp\/v2\/pages"}],"about":[{"href":"https:\/\/museuroma.pdm.cat\/es\/wp-json\/wp\/v2\/types\/page"}],"author":[{"embeddable":true,"href":"https:\/\/museuroma.pdm.cat\/es\/wp-json\/wp\/v2\/users\/2"}],"replies":[{"embeddable":true,"href":"https:\/\/museuroma.pdm.cat\/es\/wp-json\/wp\/v2\/comments?post=2187"}],"version-history":[{"count":5,"href":"https:\/\/museuroma.pdm.cat\/es\/wp-json\/wp\/v2\/pages\/2187\/revisions"}],"predecessor-version":[{"id":4231,"href":"https:\/\/museuroma.pdm.cat\/es\/wp-json\/wp\/v2\/pages\/2187\/revisions\/4231"}],"wp:attachment":[{"href":"https:\/\/museuroma.pdm.cat\/es\/wp-json\/wp\/v2\/media?parent=2187"}],"curies":[{"name":"wp","href":"https:\/\/api.w.org\/{rel}","templated":true}]}}